{"id":486,"date":"2015-10-12T18:55:31","date_gmt":"2015-10-12T18:55:31","guid":{"rendered":"https:\/\/webs.uab.cat\/plopez\/iii-8\/"},"modified":"2023-04-06T18:41:46","modified_gmt":"2023-04-06T16:41:46","slug":"iii-8","status":"publish","type":"page","link":"https:\/\/webs.uab.cat\/plopez\/iii-8\/","title":{"rendered":"III.8 An\u00e1lisis de varianza"},"content":{"rendered":"\n<div class=\"wp-block-media-text is-stacked-on-mobile\" style=\"grid-template-columns:22% auto\"><figure class=\"wp-block-media-text__media\"><img loading=\"lazy\" decoding=\"async\" width=\"370\" height=\"525\" src=\"https:\/\/webs.uab.cat\/plopez\/wp-content\/uploads\/sites\/156\/2015\/01\/Portada.png\" alt=\"MISC\" class=\"wp-image-279 size-full\" srcset=\"https:\/\/webs.uab.cat\/plopez\/wp-content\/uploads\/sites\/156\/2015\/01\/Portada.png 370w, https:\/\/webs.uab.cat\/plopez\/wp-content\/uploads\/sites\/156\/2015\/01\/Portada-211x300.png 211w\" sizes=\"auto, (max-width: 370px) 100vw, 370px\" \/><\/figure><div class=\"wp-block-media-text__content\">\n<p><strong><br>Metodolog\u00eda de la Investigaci\u00f3n Social Cuantitativa<\/strong><\/p>\n\n\n\n<p>Pedro L\u00f3pez-Rold\u00e1n<br>Sandra Fachelli<\/p>\n<\/div><\/div>\n\n\n\n<h2 class=\"wp-block-heading\">Cap\u00edtulo III.8 <br>An\u00e1lisis de varianza<\/h2>\n\n\n\n<p>&nbsp;<\/p>\n\n\n\n<p>Cap\u00edtulo destinado a presentar de manera introductoria el an\u00e1lisis de la relaci\u00f3n de dependencia entre una variable cuantitativa y una o m\u00e1s variables cualitativas a trav\u00e9s del an\u00e1lisis de varianza. Tras una panor\u00e1mica de los diferentes dise\u00f1os y conceptos implicados en la t\u00e9cnica se tratan previamente la prueba de estad\u00edstica de una media y de la diferencia entre dos medias para a continuaci\u00f3n ver el an\u00e1lisis de varianza unifactorial y multifactorial. El cap\u00edtulo incluye un \u00faltimo apartado dedicado a la aplicaci\u00f3n de la t\u00e9cnica con el software estad\u00edstico&nbsp; SPSS y R.<\/p>\n\n\n\n<div class=\"wp-block-columns is-layout-flex wp-container-core-columns-is-layout-9d6595d7 wp-block-columns-is-layout-flex\">\n<div class=\"wp-block-column is-layout-flow wp-block-column-is-layout-flow\" style=\"flex-basis:5%\">\n<figure class=\"wp-block-image size-full\"><img loading=\"lazy\" decoding=\"async\" width=\"300\" height=\"300\" src=\"https:\/\/webs.uab.cat\/plopez\/wp-content\/uploads\/sites\/156\/2023\/02\/pdf.png\" alt=\"\" class=\"wp-image-992\" srcset=\"https:\/\/webs.uab.cat\/plopez\/wp-content\/uploads\/sites\/156\/2023\/02\/pdf.png 300w, https:\/\/webs.uab.cat\/plopez\/wp-content\/uploads\/sites\/156\/2023\/02\/pdf-150x150.png 150w\" sizes=\"auto, (max-width: 300px) 100vw, 300px\" \/><\/figure>\n<\/div>\n\n\n\n<div class=\"wp-block-column is-vertically-aligned-center is-layout-flow wp-block-column-is-layout-flow\" style=\"flex-basis:85%\">\n<p class=\"has-normal-font-size\"><a rel=\"noopener\" href=\"https:\/\/ddd.uab.cat\/pub\/caplli\/2016\/163568\/metinvsoccua_cap3-8a2016.pdf\" target=\"_blank\">Documento del cap\u00edtulo III.8<\/a><\/p>\n<\/div>\n<\/div>\n\n\n\n<div class=\"wp-block-columns is-layout-flex wp-container-core-columns-is-layout-9d6595d7 wp-block-columns-is-layout-flex\">\n<div class=\"wp-block-column is-layout-flow wp-block-column-is-layout-flow\" style=\"flex-basis:5%\">\n<figure class=\"wp-block-image size-full is-resized\"><img loading=\"lazy\" decoding=\"async\" src=\"https:\/\/webs.uab.cat\/plopez\/wp-content\/uploads\/sites\/156\/2015\/02\/documentos1.png\" alt=\"\" class=\"wp-image-334\" width=\"50\" height=\"50\" srcset=\"https:\/\/webs.uab.cat\/plopez\/wp-content\/uploads\/sites\/156\/2015\/02\/documentos1.png 256w, https:\/\/webs.uab.cat\/plopez\/wp-content\/uploads\/sites\/156\/2015\/02\/documentos1-150x150.png 150w\" sizes=\"auto, (max-width: 50px) 100vw, 50px\" \/><\/figure>\n<\/div>\n\n\n\n<div class=\"wp-block-column is-vertically-aligned-center is-layout-flow wp-block-column-is-layout-flow\" style=\"flex-basis:85%\">\n<p class=\"has-normal-font-size\"><strong>Archivos adjuntos:<\/strong><\/p>\n<\/div>\n<\/div>\n\n\n\n<p>Temporalmente los archivos .sav, .sps, .sba, .rda, .R, .dat, .txt no est\u00e1n accesibles a trav\u00e9s de los enlaces. Se pueden encontrar en <a rel=\"noreferrer noopener\" href=\"https:\/\/drive.google.com\/drive\/folders\/1he-UMcpn83Sxee8TngSxDclmkJ9YXU_o\" target=\"_blank\">esta direcci\u00f3n<\/a>.<\/p>\n\n\n\n<div class=\"wp-block-columns is-layout-flex wp-container-core-columns-is-layout-9d6595d7 wp-block-columns-is-layout-flex\">\n<div class=\"wp-block-column is-layout-flow wp-block-column-is-layout-flow\">\n<p>\u2013 <a href=\"https:\/\/ddd.uab.cat\/pub\/llibres\/2015\/129382\/CIS3041+.sav\" target=\"_blank\" rel=\"noreferrer noopener\">CIS3041+.sav<\/a><br>\u2013 <a href=\"https:\/\/ddd.uab.cat\/pub\/llibres\/2015\/129382\/Valora.sav\" target=\"_blank\" rel=\"noreferrer noopener\">Valora.sav<\/a><br>\u2013 <a href=\"https:\/\/ddd.uab.cat\/pub\/llibres\/2015\/129382\/AQU.sav\" target=\"_blank\" rel=\"noreferrer noopener\">AQU.sav<\/a><br>\u2013 <a href=\"https:\/\/ddd.uab.cat\/pub\/llibres\/2015\/129382\/AVA-Valora.sps\" target=\"_blank\" rel=\"noreferrer noopener\">AVA-Valora.sps<\/a><br>\u2013 <a href=\"https:\/\/ddd.uab.cat\/pub\/llibres\/2015\/129382\/AVA-Ingresos.sps\" target=\"_blank\" rel=\"noreferrer noopener\">AVA-Ingresos.sps<\/a><br>\u2013 <a href=\"https:\/\/ddd.uab.cat\/pub\/llibres\/2015\/129382\/AVA-AQU.sps\" target=\"_blank\" rel=\"noreferrer noopener\">AVA-AQU.sps<\/a><\/p>\n<\/div>\n\n\n\n<div class=\"wp-block-column is-layout-flow wp-block-column-is-layout-flow\">\n<p>\u2013 <a href=\"https:\/\/ddd.uab.cat\/pub\/llibres\/2015\/129382\/CIS3041a.rda\">CIS304<\/a><a href=\"https:\/\/ddd.uab.cat\/pub\/llibres\/2015\/129382\/CIS3041a.rda\" target=\"_blank\" rel=\"noreferrer noopener\">1<\/a><a href=\"https:\/\/ddd.uab.cat\/pub\/llibres\/2015\/129382\/CIS3041a.rda\">a.rda<\/a><br>\u2013 <a href=\"https:\/\/ddd.uab.cat\/pub\/llibres\/2015\/129382\/Valora.rda\" target=\"_blank\" rel=\"noreferrer noopener\">Valora.rda<\/a><br>\u2013 <a href=\"https:\/\/ddd.uab.cat\/pub\/llibres\/2015\/129382\/AQU.rda\" target=\"_blank\" rel=\"noreferrer noopener\">AQU.rda<\/a><br>\u2013 <a href=\"https:\/\/ddd.uab.cat\/pub\/llibres\/2015\/129382\/AVA-Valora.R\" target=\"_blank\" rel=\"noreferrer noopener\">AVA-Valora.R<\/a><br>\u2013 <a href=\"https:\/\/ddd.uab.cat\/pub\/llibres\/2015\/129382\/AVA-AQU.R\" target=\"_blank\" rel=\"noreferrer noopener\">AVA-AQU.R<\/a><\/p>\n<\/div>\n<\/div>\n\n\n\n<p><strong>C\u00f3mo citar este cap\u00edtulo<\/strong>:<br>L\u00f3pez-Rold\u00e1n, P.; Fachelli, S. (2016). An\u00e1lisis de varianza. En P. L\u00f3pez-Rold\u00e1n y S. Fachelli, <em>Metodolog\u00eda de la Investigaci\u00f3n Social Cuantitativa<\/em>. Bellaterra (Cerdanyola del Vall\u00e8s): Dip\u00f2sit Digital de Documents, Universitat Aut\u00f2noma de Barcelona. Cap\u00edtulo III.8. 1\u00aa edici\u00f3n. Edici\u00f3n digital: <a href=\"http:\/\/ddd.uab.cat\/record\/163568\" target=\"_blank\" rel=\"noopener\">http:\/\/ddd.uab.cat\/record\/163568<\/a>.<\/p>\n\n\n\n<p class=\"has-text-align-center\">1\u00aa edici\u00f3n, octubre de 2015<\/p>\n\n\n\n<p class=\"has-text-align-center\"><em><span style=\"font-size: x-small;font-family: book antiqua,palatino\"><a href=\"http:\/\/creativecommons.org\/licenses\/by-nc-nd\/4.0\/\"><img loading=\"lazy\" decoding=\"async\" style=\"border-width: 0;border: 0;vertical-align: middle\" src=\"https:\/\/i.creativecommons.org\/l\/by-nc-nd\/4.0\/88x31.png\" alt=\"Licencia de Creative Commons\" width=\"77\" height=\"27\"><\/a><\/span><\/em><br><em><span style=\"font-size: x-small;font-family: book antiqua,palatino\">Licensed under a <a href=\"http:\/\/creativecommons.org\/licenses\/by-nc-sa\/4.0\/\" rel=\"license\">Creative Commons<\/a><\/span><\/em><\/p>\n","protected":false},"excerpt":{"rendered":"<p>Metodolog\u00eda de la Investigaci\u00f3n Social Cuantitativa Pedro L\u00f3pez-Rold\u00e1nSandra Fachelli Cap\u00edtulo III.8 An\u00e1lisis de varianza &nbsp; Cap\u00edtulo destinado a presentar de manera introductoria el an\u00e1lisis de la relaci\u00f3n de dependencia entre una variable cuantitativa y una o m\u00e1s variables cualitativas a trav\u00e9s del an\u00e1lisis de varianza. Tras una panor\u00e1mica de los diferentes dise\u00f1os y conceptos implicados [&hellip;]<\/p>\n","protected":false},"author":20,"featured_media":0,"parent":0,"menu_order":0,"comment_status":"closed","ping_status":"closed","template":"","meta":{"footnotes":""},"class_list":["post-486","page","type-page","status-publish","hentry"],"_links":{"self":[{"href":"https:\/\/webs.uab.cat\/plopez\/wp-json\/wp\/v2\/pages\/486","targetHints":{"allow":["GET"]}}],"collection":[{"href":"https:\/\/webs.uab.cat\/plopez\/wp-json\/wp\/v2\/pages"}],"about":[{"href":"https:\/\/webs.uab.cat\/plopez\/wp-json\/wp\/v2\/types\/page"}],"author":[{"embeddable":true,"href":"https:\/\/webs.uab.cat\/plopez\/wp-json\/wp\/v2\/users\/20"}],"replies":[{"embeddable":true,"href":"https:\/\/webs.uab.cat\/plopez\/wp-json\/wp\/v2\/comments?post=486"}],"version-history":[{"count":4,"href":"https:\/\/webs.uab.cat\/plopez\/wp-json\/wp\/v2\/pages\/486\/revisions"}],"predecessor-version":[{"id":1448,"href":"https:\/\/webs.uab.cat\/plopez\/wp-json\/wp\/v2\/pages\/486\/revisions\/1448"}],"wp:attachment":[{"href":"https:\/\/webs.uab.cat\/plopez\/wp-json\/wp\/v2\/media?parent=486"}],"curies":[{"name":"wp","href":"https:\/\/api.w.org\/{rel}","templated":true}]}}