{"id":490,"date":"2015-10-26T21:03:33","date_gmt":"2015-10-26T21:03:33","guid":{"rendered":"https:\/\/webs.uab.cat\/plopez\/iii-9\/"},"modified":"2023-04-06T18:49:30","modified_gmt":"2023-04-06T16:49:30","slug":"iii-9","status":"publish","type":"page","link":"https:\/\/webs.uab.cat\/plopez\/iii-9\/","title":{"rendered":"III.9 An\u00e1lisis de regresi\u00f3n"},"content":{"rendered":"\n<div class=\"wp-block-media-text is-stacked-on-mobile\" style=\"grid-template-columns:22% auto\"><figure class=\"wp-block-media-text__media\"><img loading=\"lazy\" decoding=\"async\" width=\"370\" height=\"525\" src=\"https:\/\/webs.uab.cat\/plopez\/wp-content\/uploads\/sites\/156\/2015\/01\/Portada.png\" alt=\"MISC\" class=\"wp-image-279 size-full\" srcset=\"https:\/\/webs.uab.cat\/plopez\/wp-content\/uploads\/sites\/156\/2015\/01\/Portada.png 370w, https:\/\/webs.uab.cat\/plopez\/wp-content\/uploads\/sites\/156\/2015\/01\/Portada-211x300.png 211w\" sizes=\"auto, (max-width: 370px) 100vw, 370px\" \/><\/figure><div class=\"wp-block-media-text__content\">\n<p><strong><br>Metodolog\u00eda de la Investigaci\u00f3n Social Cuantitativa<\/strong><\/p>\n\n\n\n<p>Pedro L\u00f3pez-Rold\u00e1n<br>Sandra Fachelli<\/p>\n<\/div><\/div>\n\n\n\n<h2 class=\"wp-block-heading\">Cap\u00edtulo III.9 <br>An\u00e1lisis de regresi\u00f3n<\/h2>\n\n\n\n<p>Se presenta en este cap\u00edtulo una introducci\u00f3n al an\u00e1lisis de regresi\u00f3n, t\u00e9cnica de an\u00e1lisis para el estudio de la relaci\u00f3n de dependencia entre una variable cuantitativa y una o m\u00e1s variables tambi\u00e9n cuantitativas, si bien tambi\u00e9n posible incluir variables categ\u00f3ricas. Se desarrollan en primer lugar los fundamentos de la t\u00e9cnica a partir de la noci\u00f3n de correlaci\u00f3n y se presenta la formulaci\u00f3n del modelo de regresi\u00f3n simple. A continuaci\u00f3n se extiende la l\u00f3gica del an\u00e1lisis a la regresi\u00f3n m\u00faltiple con m\u00e1s de una variable independiente. Se incluyen diversos ejemplos de aplicaci\u00f3n que son tratados con el software estad\u00edstico SPSS y R.<\/p>\n\n\n\n<div class=\"wp-block-columns is-layout-flex wp-container-core-columns-is-layout-9d6595d7 wp-block-columns-is-layout-flex\">\n<div class=\"wp-block-column is-layout-flow wp-block-column-is-layout-flow\" style=\"flex-basis:5%\">\n<figure class=\"wp-block-image size-full\"><img loading=\"lazy\" decoding=\"async\" width=\"300\" height=\"300\" src=\"https:\/\/webs.uab.cat\/plopez\/wp-content\/uploads\/sites\/156\/2023\/02\/pdf.png\" alt=\"\" class=\"wp-image-992\" srcset=\"https:\/\/webs.uab.cat\/plopez\/wp-content\/uploads\/sites\/156\/2023\/02\/pdf.png 300w, https:\/\/webs.uab.cat\/plopez\/wp-content\/uploads\/sites\/156\/2023\/02\/pdf-150x150.png 150w\" sizes=\"auto, (max-width: 300px) 100vw, 300px\" \/><\/figure>\n<\/div>\n\n\n\n<div class=\"wp-block-column is-vertically-aligned-center is-layout-flow wp-block-column-is-layout-flow\" style=\"flex-basis:85%\">\n<p class=\"has-normal-font-size\"><a rel=\"noreferrer noopener\" href=\"https:\/\/ddd.uab.cat\/pub\/caplli\/2016\/163569\/metinvsoccua_cap3-9a2016.pdf\" target=\"_blank\">Documento del cap\u00edtulo III.9<\/a><\/p>\n<\/div>\n<\/div>\n\n\n\n<div class=\"wp-block-columns is-layout-flex wp-container-core-columns-is-layout-9d6595d7 wp-block-columns-is-layout-flex\">\n<div class=\"wp-block-column is-layout-flow wp-block-column-is-layout-flow\" style=\"flex-basis:5%\">\n<figure class=\"wp-block-image size-full is-resized\"><img loading=\"lazy\" decoding=\"async\" src=\"https:\/\/webs.uab.cat\/plopez\/wp-content\/uploads\/sites\/156\/2015\/02\/documentos1.png\" alt=\"\" class=\"wp-image-334\" width=\"50\" height=\"50\" srcset=\"https:\/\/webs.uab.cat\/plopez\/wp-content\/uploads\/sites\/156\/2015\/02\/documentos1.png 256w, https:\/\/webs.uab.cat\/plopez\/wp-content\/uploads\/sites\/156\/2015\/02\/documentos1-150x150.png 150w\" sizes=\"auto, (max-width: 50px) 100vw, 50px\" \/><\/figure>\n<\/div>\n\n\n\n<div class=\"wp-block-column is-vertically-aligned-center is-layout-flow wp-block-column-is-layout-flow\" style=\"flex-basis:85%\">\n<p class=\"has-normal-font-size\"><strong>Archivos adjuntos:<\/strong><\/p>\n<\/div>\n<\/div>\n\n\n\n<div class=\"wp-block-columns is-layout-flex wp-container-core-columns-is-layout-9d6595d7 wp-block-columns-is-layout-flex\">\n<div class=\"wp-block-column is-layout-flow wp-block-column-is-layout-flow\">\n<p>\u2013 <a href=\"https:\/\/ddd.uab.cat\/pub\/llibres\/2015\/129382\/\/CIS3041+.sav\" target=\"_blank\" rel=\"noreferrer noopener\">CIS3041+.sav<\/a><br>\u2013 <a href=\"https:\/\/ddd.uab.cat\/pub\/llibres\/2015\/129382\/AQU.sav\" target=\"_blank\" rel=\"noreferrer noopener\">AQU.sav<\/a><br>\u2013 <a href=\"https:\/\/ddd.uab.cat\/pub\/llibres\/2015\/129382\/IDH2014.sav\" target=\"_blank\" rel=\"noreferrer noopener\">IDH2014.sav<\/a><br>\u2013 <a href=\"https:\/\/ddd.uab.cat\/pub\/llibres\/2015\/129382\/PSC.sav\" target=\"_blank\" rel=\"noreferrer noopener\">PSC.sav<\/a><br>\u2013 <a href=\"https:\/\/ddd.uab.cat\/pub\/llibres\/2015\/129382\/ARE-Esperanza.sps\" target=\"_blank\" rel=\"noreferrer noopener\">ARE-Esperanza.sps<\/a><br>\u2013 <a href=\"https:\/\/ddd.uab.cat\/pub\/llibres\/2015\/129382\/ARE-VEI.sps\" target=\"_blank\" rel=\"noreferrer noopener\">ARE-VEI.sps<\/a><\/p>\n<\/div>\n\n\n\n<div class=\"wp-block-column is-layout-flow wp-block-column-is-layout-flow\">\n<p>\u2013 <a href=\"https:\/\/ddd.uab.cat\/pub\/llibres\/2015\/129382\/CIS3041a.rda\" target=\"_blank\" rel=\"noreferrer noopener\">CIS3041a.rda<\/a><br>\u2013 <a href=\"https:\/\/ddd.uab.cat\/pub\/llibres\/2015\/129382\/AQU.rda\" target=\"_blank\" rel=\"noreferrer noopener\">AQU.rda<\/a><br>\u2013 <a href=\"https:\/\/ddd.uab.cat\/pub\/llibres\/2015\/129382\/IDH2014.rda\" target=\"_blank\" rel=\"noreferrer noopener\">IDH2014.rda<\/a><br>\u2013 <a href=\"https:\/\/ddd.uab.cat\/pub\/llibres\/2015\/129382\/ARE.rda\" target=\"_blank\" rel=\"noreferrer noopener\">ARE.rda<\/a><br>\u2013 <a href=\"https:\/\/ddd.uab.cat\/pub\/llibres\/2015\/129382\/PSC.rda\" target=\"_blank\" rel=\"noreferrer noopener\">PSC.rda<\/a><br>\u2013 <a href=\"https:\/\/ddd.uab.cat\/pub\/llibres\/2015\/129382\/ARE-Esperanza.R\" target=\"_blank\" rel=\"noreferrer noopener\">ARE-Esperan<\/a><a href=\"https:\/\/ddd.uab.cat\/pub\/llibres\/2015\/129382\/ARE-Esperanza.R\">za.R<\/a><\/p>\n<\/div>\n<\/div>\n\n\n\n<p><img loading=\"lazy\" decoding=\"async\" width=\"315\" height=\"312\" class=\"wp-image-369\" style=\"width: 60px\" src=\"https:\/\/webs.uab.cat\/plopez\/wp-content\/uploads\/sites\/156\/2015\/04\/link2.png\" alt=\"\" srcset=\"https:\/\/webs.uab.cat\/plopez\/wp-content\/uploads\/sites\/156\/2015\/04\/link2.png 315w, https:\/\/webs.uab.cat\/plopez\/wp-content\/uploads\/sites\/156\/2015\/04\/link2-300x297.png 300w, https:\/\/webs.uab.cat\/plopez\/wp-content\/uploads\/sites\/156\/2015\/04\/link2-150x150.png 150w\" sizes=\"auto, (max-width: 315px) 100vw, 315px\" \/><a rel=\"noopener\" href=\"http:\/\/www.gapminder.org\/world\/\" target=\"_blank\">http:\/\/www.gapminder.org\/world\/<\/a> | <a rel=\"noopener\" href=\"http:\/\/www.gapminder.org\/GapminderMedia\/wp-uploads\/tutorial\/Gapminder_World_Guide.pdf\" target=\"_blank\">Gu\u00eda<\/a><\/p>\n\n\n\n<p><strong>C\u00f3mo citar este cap\u00edtulo<\/strong>:<br>L\u00f3pez-Rold\u00e1n, P.; Fachelli, S. (2015). An\u00e1lisis de regresi\u00f3n. En P. L\u00f3pez-Rold\u00e1n y S. Fachelli, <em>Metodolog\u00eda de la Investigaci\u00f3n Social Cuantitativa<\/em>. Bellaterra (Cerdanyola del Vall\u00e8s): Dip\u00f2sit Digital de Documents, Universitat Aut\u00f2noma de Barcelona. Cap\u00edtulo III.9. 1\u00aa edici\u00f3n. Edici\u00f3n digital: http:\/\/ddd.uab.cat\/record\/163569<\/p>\n\n\n\n<p class=\"has-text-align-center\">1\u00aa edici\u00f3n, octubre de 2015<\/p>\n\n\n\n<p class=\"has-text-align-center\"><em><span style=\"font-size: x-small;font-family: book antiqua,palatino\"><a href=\"http:\/\/creativecommons.org\/licenses\/by-nc-nd\/4.0\/\"><img loading=\"lazy\" decoding=\"async\" style=\"border-width: 0;border: 0;vertical-align: middle\" src=\"https:\/\/i.creativecommons.org\/l\/by-nc-nd\/4.0\/88x31.png\" alt=\"Licencia de Creative Commons\" width=\"77\" height=\"27\"><\/a><\/span><\/em><br><em><span style=\"font-size: x-small;font-family: book antiqua,palatino\">Licensed under a <a href=\"http:\/\/creativecommons.org\/licenses\/by-nc-sa\/4.0\/\" rel=\"license\">Creative Commons<\/a><\/span><\/em><\/p>\n","protected":false},"excerpt":{"rendered":"<p>Metodolog\u00eda de la Investigaci\u00f3n Social Cuantitativa Pedro L\u00f3pez-Rold\u00e1nSandra Fachelli Cap\u00edtulo III.9 An\u00e1lisis de regresi\u00f3n Se presenta en este cap\u00edtulo una introducci\u00f3n al an\u00e1lisis de regresi\u00f3n, t\u00e9cnica de an\u00e1lisis para el estudio de la relaci\u00f3n de dependencia entre una variable cuantitativa y una o m\u00e1s variables tambi\u00e9n cuantitativas, si bien tambi\u00e9n posible incluir variables categ\u00f3ricas. Se [&hellip;]<\/p>\n","protected":false},"author":20,"featured_media":0,"parent":0,"menu_order":0,"comment_status":"closed","ping_status":"closed","template":"","meta":{"footnotes":""},"class_list":["post-490","page","type-page","status-publish","hentry"],"_links":{"self":[{"href":"https:\/\/webs.uab.cat\/plopez\/wp-json\/wp\/v2\/pages\/490","targetHints":{"allow":["GET"]}}],"collection":[{"href":"https:\/\/webs.uab.cat\/plopez\/wp-json\/wp\/v2\/pages"}],"about":[{"href":"https:\/\/webs.uab.cat\/plopez\/wp-json\/wp\/v2\/types\/page"}],"author":[{"embeddable":true,"href":"https:\/\/webs.uab.cat\/plopez\/wp-json\/wp\/v2\/users\/20"}],"replies":[{"embeddable":true,"href":"https:\/\/webs.uab.cat\/plopez\/wp-json\/wp\/v2\/comments?post=490"}],"version-history":[{"count":6,"href":"https:\/\/webs.uab.cat\/plopez\/wp-json\/wp\/v2\/pages\/490\/revisions"}],"predecessor-version":[{"id":1451,"href":"https:\/\/webs.uab.cat\/plopez\/wp-json\/wp\/v2\/pages\/490\/revisions\/1451"}],"wp:attachment":[{"href":"https:\/\/webs.uab.cat\/plopez\/wp-json\/wp\/v2\/media?parent=490"}],"curies":[{"name":"wp","href":"https:\/\/api.w.org\/{rel}","templated":true}]}}