{"id":491,"date":"2016-09-01T19:31:39","date_gmt":"2016-09-01T19:31:39","guid":{"rendered":"https:\/\/webs.uab.cat\/plopez\/iii-3\/"},"modified":"2023-04-07T13:15:55","modified_gmt":"2023-04-07T11:15:55","slug":"iii-3","status":"publish","type":"page","link":"https:\/\/webs.uab.cat\/plopez\/iii-3\/","title":{"rendered":"III.3 An\u00e1lisis descriptivo de datos con una variable"},"content":{"rendered":"\n<div class=\"wp-block-media-text is-stacked-on-mobile\" style=\"grid-template-columns:22% auto\"><figure class=\"wp-block-media-text__media\"><img loading=\"lazy\" decoding=\"async\" width=\"370\" height=\"525\" src=\"https:\/\/webs.uab.cat\/plopez\/wp-content\/uploads\/sites\/156\/2015\/01\/Portada.png\" alt=\"MISC\" class=\"wp-image-279 size-full\" srcset=\"https:\/\/webs.uab.cat\/plopez\/wp-content\/uploads\/sites\/156\/2015\/01\/Portada.png 370w, https:\/\/webs.uab.cat\/plopez\/wp-content\/uploads\/sites\/156\/2015\/01\/Portada-211x300.png 211w\" sizes=\"auto, (max-width: 370px) 100vw, 370px\" \/><\/figure><div class=\"wp-block-media-text__content\">\n<p><strong><br>Metodolog\u00eda de la Investigaci\u00f3n Social Cuantitativa<\/strong><\/p>\n\n\n\n<p>Pedro L\u00f3pez-Rold\u00e1n<br>Sandra Fachelli<\/p>\n<\/div><\/div>\n\n\n\n<h2 class=\"wp-block-heading\">Cap\u00edtulo III.3 <br>An\u00e1lisis descriptivo de datos con una variable<\/h2>\n\n\n\n<p>El cap\u00edtulo 3 del tercer bloque inicia el proceso de an\u00e1lisis de los datos a partir de considerar una sola variable. Procederemos a tratar la informaci\u00f3n de una sola variable desde el punto de vista descriptivo, dando cuenta de diversas formas de expresar el contenido de la informaci\u00f3n estad\u00edstica: mediante tablas de frecuencias, gr\u00e1ficos y medidas de resumen. Veremos tambi\u00e9n algunas operaciones de transformaci\u00f3n de las variables. El cap\u00edtulo siguiente completar\u00e1 la visi\u00f3n descriptiva con la visi\u00f3n inferencial, aspecto complementario de vital importancia cuando se trabaja con muestras estad\u00edsticas para dar significaci\u00f3n a los resultados descriptivos obtenidos.<\/p>\n\n\n\n<div class=\"wp-block-columns is-layout-flex wp-container-core-columns-is-layout-9d6595d7 wp-block-columns-is-layout-flex\">\n<div class=\"wp-block-column is-layout-flow wp-block-column-is-layout-flow\" style=\"flex-basis:5%\">\n<figure class=\"wp-block-image size-full\"><img loading=\"lazy\" decoding=\"async\" width=\"300\" height=\"300\" src=\"https:\/\/webs.uab.cat\/plopez\/wp-content\/uploads\/sites\/156\/2023\/02\/pdf.png\" alt=\"\" class=\"wp-image-992\" srcset=\"https:\/\/webs.uab.cat\/plopez\/wp-content\/uploads\/sites\/156\/2023\/02\/pdf.png 300w, https:\/\/webs.uab.cat\/plopez\/wp-content\/uploads\/sites\/156\/2023\/02\/pdf-150x150.png 150w\" sizes=\"auto, (max-width: 300px) 100vw, 300px\" \/><\/figure>\n<\/div>\n\n\n\n<div class=\"wp-block-column is-vertically-aligned-center is-layout-flow wp-block-column-is-layout-flow\" style=\"flex-basis:85%\">\n<p class=\"has-normal-font-size\"><a rel=\"noopener\" href=\"http:\/\/ddd.uab.cat\/pub\/caplli\/2016\/163559\/metinvsoccua_cap3-3.pdf\" target=\"_blank\">Documento del cap\u00edtulo III.3<\/a><\/p>\n<\/div>\n<\/div>\n\n\n\n<div class=\"wp-block-columns is-layout-flex wp-container-core-columns-is-layout-9d6595d7 wp-block-columns-is-layout-flex\">\n<div class=\"wp-block-column is-layout-flow wp-block-column-is-layout-flow\" style=\"flex-basis:5%\">\n<figure class=\"wp-block-image size-full is-resized\"><img loading=\"lazy\" decoding=\"async\" src=\"https:\/\/webs.uab.cat\/plopez\/wp-content\/uploads\/sites\/156\/2015\/02\/documentos1.png\" alt=\"\" class=\"wp-image-334\" width=\"50\" height=\"50\" srcset=\"https:\/\/webs.uab.cat\/plopez\/wp-content\/uploads\/sites\/156\/2015\/02\/documentos1.png 256w, https:\/\/webs.uab.cat\/plopez\/wp-content\/uploads\/sites\/156\/2015\/02\/documentos1-150x150.png 150w\" sizes=\"auto, (max-width: 50px) 100vw, 50px\" \/><\/figure>\n<\/div>\n\n\n\n<div class=\"wp-block-column is-vertically-aligned-center is-layout-flow wp-block-column-is-layout-flow\" style=\"flex-basis:85%\">\n<p class=\"has-normal-font-size\"><strong>Archivos adjuntos:<\/strong><\/p>\n<\/div>\n<\/div>\n\n\n\n<div class=\"wp-block-columns is-layout-flex wp-container-core-columns-is-layout-9d6595d7 wp-block-columns-is-layout-flex\">\n<div class=\"wp-block-column is-layout-flow wp-block-column-is-layout-flow\">\n<p>\u2013 <a rel=\"noreferrer noopener\" href=\"https:\/\/ddd.uab.cat\/pub\/llibres\/2015\/129382\/CIS3041.sav\" target=\"_blank\">CIS3041.sav<\/a><br>\u2013 <a rel=\"noreferrer noopener\" href=\"https:\/\/ddd.uab.cat\/pub\/llibres\/2015\/129382\/IDH2014.sav\" target=\"_blank\">IDH2014.sav<\/a><br>\u2013 <a rel=\"noreferrer noopener\" href=\"https:\/\/ddd.uab.cat\/pub\/llibres\/2015\/129382\/\/CIS3041+.sav\" target=\"_blank\">CIS3041+.sav<\/a><br>\u2013 <a rel=\"noreferrer noopener\" href=\"http:\/\/www.cis.es\/cis\/opencm\/ES\/1_encuestas\/estudios\/ver.jsp?estudio=14119\" target=\"_blank\">Bar\u00f3metro del CIS n\u00ba 3041<\/a><br>\u2013 <a href=\"http:\/\/pagines.uab.cat\/plopez\/sites\/pagines.uab.cat.plopez\/files\/Victimitzacio2008.sav\">Victimitzacio2008.sav<\/a><\/p>\n<\/div>\n\n\n\n<div class=\"wp-block-column is-layout-flow wp-block-column-is-layout-flow\">\n<p>\u2013 <a rel=\"noreferrer noopener\" href=\"https:\/\/ddd.uab.cat\/pub\/llibres\/2015\/129382\/CIS3041.rda\" target=\"_blank\">CIS3041.rda<\/a><br>\u2013 <a rel=\"noreferrer noopener\" href=\"https:\/\/ddd.uab.cat\/pub\/llibres\/2015\/129382\/IDH2014.rda\" target=\"_blank\">IDH2014.rda<\/a><br>\u2013 <a rel=\"noreferrer noopener\" href=\"https:\/\/ddd.uab.cat\/pub\/llibres\/2015\/129382\/CIS3041a.rda\" target=\"_blank\">CIS3041a.rda<\/a><br>\u2013 <a rel=\"noreferrer noopener\" href=\"https:\/\/webs.uab.cat\/plopez\/wp-content\/uploads\/sites\/156\/2017\/10\/III.3-Ejercicios.pdf\" target=\"_blank\">III.3-Ejercicios.pdf<\/a><br>\u2013 <a rel=\"noreferrer noopener\" href=\"https:\/\/ddd.uab.cat\/pub\/llibres\/2015\/129382\/GSS1993.rda\" target=\"_blank\">GSS1993.rda<\/a><br>\u2013 <a href=\"https:\/\/ddd.uab.cat\/pub\/llibres\/2015\/129382\/Victimitzacio2008.rda\">Victimitzacio2008.rda<\/a><\/p>\n<\/div>\n<\/div>\n\n\n\n<p><strong>C\u00f3mo citar este cap\u00edtulo<\/strong>:<br>L\u00f3pez-Rold\u00e1n, P.; Fachelli, S. (2015). An\u00e1lisis descriptivo de datos con una variable. En P. L\u00f3pez-Rold\u00e1n y S. Fachelli, <em>Metodolog\u00eda de la Investigaci\u00f3n Social Cuantitativa<\/em>. Bellaterra (Cerdanyola del Vall\u00e8s): Dip\u00f2sit Digital de Documents, Universitat Aut\u00f2noma de Barcelona. Cap\u00edtulo III.3. 1\u00aa edici\u00f3n. Edici\u00f3n digital: <a href=\"http:\/\/ddd.uab.cat\/record\/163559\" target=\"_blank\" rel=\"noopener\">http:\/\/ddd.uab.cat\/record\/163559<\/a><\/p>\n\n\n\n<p class=\"has-text-align-center\">1\u00aa edici\u00f3n, febrero de 2015. Cap\u00edtulo acabado de redactar en diciembre de 2015<\/p>\n\n\n\n<p class=\"has-text-align-center\"><em><span style=\"font-size: x-small;font-family: book antiqua,palatino\"><a href=\"http:\/\/creativecommons.org\/licenses\/by-nc-nd\/4.0\/\"><img loading=\"lazy\" decoding=\"async\" style=\"border-width: 0;border: 0;vertical-align: middle\" src=\"https:\/\/i.creativecommons.org\/l\/by-nc-nd\/4.0\/88x31.png\" alt=\"Licencia de Creative Commons\" width=\"77\" height=\"27\"><\/a><\/span><\/em><br><em><span style=\"font-size: x-small;font-family: book antiqua,palatino\">Licensed under a <a href=\"http:\/\/creativecommons.org\/licenses\/by-nc-sa\/4.0\/\" rel=\"license\">Creative Commons<\/a><\/span><\/em><\/p>\n","protected":false},"excerpt":{"rendered":"<p>Metodolog\u00eda de la Investigaci\u00f3n Social Cuantitativa Pedro L\u00f3pez-Rold\u00e1nSandra Fachelli Cap\u00edtulo III.3 An\u00e1lisis descriptivo de datos con una variable El cap\u00edtulo 3 del tercer bloque inicia el proceso de an\u00e1lisis de los datos a partir de considerar una sola variable. Procederemos a tratar la informaci\u00f3n de una sola variable desde el punto de vista descriptivo, dando [&hellip;]<\/p>\n","protected":false},"author":20,"featured_media":0,"parent":0,"menu_order":0,"comment_status":"closed","ping_status":"closed","template":"","meta":{"footnotes":""},"class_list":["post-491","page","type-page","status-publish","hentry"],"_links":{"self":[{"href":"https:\/\/webs.uab.cat\/plopez\/wp-json\/wp\/v2\/pages\/491","targetHints":{"allow":["GET"]}}],"collection":[{"href":"https:\/\/webs.uab.cat\/plopez\/wp-json\/wp\/v2\/pages"}],"about":[{"href":"https:\/\/webs.uab.cat\/plopez\/wp-json\/wp\/v2\/types\/page"}],"author":[{"embeddable":true,"href":"https:\/\/webs.uab.cat\/plopez\/wp-json\/wp\/v2\/users\/20"}],"replies":[{"embeddable":true,"href":"https:\/\/webs.uab.cat\/plopez\/wp-json\/wp\/v2\/comments?post=491"}],"version-history":[{"count":7,"href":"https:\/\/webs.uab.cat\/plopez\/wp-json\/wp\/v2\/pages\/491\/revisions"}],"predecessor-version":[{"id":1495,"href":"https:\/\/webs.uab.cat\/plopez\/wp-json\/wp\/v2\/pages\/491\/revisions\/1495"}],"wp:attachment":[{"href":"https:\/\/webs.uab.cat\/plopez\/wp-json\/wp\/v2\/media?parent=491"}],"curies":[{"name":"wp","href":"https:\/\/api.w.org\/{rel}","templated":true}]}}