{"id":506,"date":"2016-09-02T20:37:04","date_gmt":"2016-09-02T20:37:04","guid":{"rendered":"https:\/\/webs.uab.cat\/plopez\/i-3\/"},"modified":"2023-03-11T19:27:36","modified_gmt":"2023-03-11T18:27:36","slug":"i-3","status":"publish","type":"page","link":"https:\/\/webs.uab.cat\/plopez\/i-3\/","title":{"rendered":"I.3 Perspectivas metodol\u00f3gicas y dise\u00f1os mixtos"},"content":{"rendered":"\n<div class=\"wp-block-media-text is-stacked-on-mobile\" style=\"grid-template-columns:22% auto\"><figure class=\"wp-block-media-text__media\"><img loading=\"lazy\" decoding=\"async\" width=\"370\" height=\"525\" src=\"https:\/\/webs.uab.cat\/plopez\/wp-content\/uploads\/sites\/156\/2015\/01\/Portada.png\" alt=\"MISC\" class=\"wp-image-279 size-full\" srcset=\"https:\/\/webs.uab.cat\/plopez\/wp-content\/uploads\/sites\/156\/2015\/01\/Portada.png 370w, https:\/\/webs.uab.cat\/plopez\/wp-content\/uploads\/sites\/156\/2015\/01\/Portada-211x300.png 211w\" sizes=\"auto, (max-width: 370px) 100vw, 370px\" \/><\/figure><div class=\"wp-block-media-text__content\">\n<p><strong><br>Metodolog\u00eda de la Investigaci\u00f3n Social Cuantitativa<\/strong><\/p>\n\n\n\n<p>Pedro L\u00f3pez-Rold\u00e1n<br>Sandra Fachelli<\/p>\n<\/div><\/div>\n\n\n\n<h2 class=\"wp-block-heading\">Cap\u00edtulo I.3 <br>Perspectivas metodol\u00f3gicas y dise\u00f1os mixtos&nbsp;<\/h2>\n\n\n\n<p>Una vez establecidos los fundamentos metodol\u00f3gicos de la investigaci\u00f3n cient\u00edfica social y de plasmarlos en t\u00e9rminos del proceso de investigaci\u00f3n, nos planteamos la necesidad de contemplar la investigaci\u00f3n en ciencias sociales desde el reconocimiento de una pluralidad de perspectivas metodol\u00f3gicas que posibilitan la elaboraci\u00f3n de dise\u00f1os de investigaci\u00f3n espec\u00edficos en cada una de ellas as\u00ed como dise\u00f1os que siguen l\u00f3gicas multiestrat\u00e9gicas combinando distintas perspectivas metodol\u00f3gicas en dise\u00f1os multim\u00e9todo o mixtos. En este cap\u00edtulo&nbsp; presentaremos los rasgos definitorios de tres perspectivas metodol\u00f3gicas de investigaci\u00f3n: distributiva o cuantitativa, de estructuras de sentido y la de intervenci\u00f3n o dial\u00e9ctica, estas dos \u00faltimas reconocidas en general como cualitativas. A continuaci\u00f3n hablaremos de la articulaci\u00f3n de diversas perspectivas a trav\u00e9s de dise\u00f1os mixtos. Completaremos el cap\u00edtulo con algunos aspectos adicionales del dise\u00f1o cuantitativo relativos a los modelos y dise\u00f1os de an\u00e1lisis<span style=\"font-family: arial,helvetica,sans-serif;font-size: small\">.<\/span><\/p>\n\n\n\n<div class=\"wp-block-columns is-layout-flex wp-container-core-columns-is-layout-9d6595d7 wp-block-columns-is-layout-flex\">\n<div class=\"wp-block-column is-layout-flow wp-block-column-is-layout-flow\" style=\"flex-basis:5%\">\n<figure class=\"wp-block-image size-full\"><img loading=\"lazy\" decoding=\"async\" width=\"300\" height=\"300\" src=\"https:\/\/webs.uab.cat\/plopez\/wp-content\/uploads\/sites\/156\/2023\/02\/pdf.png\" alt=\"\" class=\"wp-image-992\" srcset=\"https:\/\/webs.uab.cat\/plopez\/wp-content\/uploads\/sites\/156\/2023\/02\/pdf.png 300w, https:\/\/webs.uab.cat\/plopez\/wp-content\/uploads\/sites\/156\/2023\/02\/pdf-150x150.png 150w\" sizes=\"auto, (max-width: 300px) 100vw, 300px\" \/><\/figure>\n<\/div>\n\n\n\n<div class=\"wp-block-column is-vertically-aligned-center is-layout-flow wp-block-column-is-layout-flow\" style=\"flex-basis:85%\">\n<p class=\"has-normal-font-size\"><a rel=\"noreferrer noopener\" href=\"https:\/\/ddd.uab.cat\/pub\/caplli\/2016\/163565\/metinvsoccua_a2016_cap1-3.pdf\" target=\"_blank\">Documento del cap\u00edtulo I.3<\/a><\/p>\n<\/div>\n<\/div>\n\n\n\n<p><strong>C\u00f3mo citar este cap\u00edtulo<\/strong>:<br>L\u00f3pez-Rold\u00e1n, P.; Fachelli, S. (2015). Perspectivas metodol\u00f3gicas y dise\u00f1os mixtos. En P. L\u00f3pez-Rold\u00e1n y S. Fachelli, <em>Metodolog\u00eda de la Investigaci\u00f3n Social Cuantitativa<\/em>. Bellaterra (Cerdanyola del Vall\u00e8s): Dip\u00f2sit Digital de Documents, Universitat Aut\u00f2noma de Barcelona. Cap\u00edtulo I.3. 1\u00aa edici\u00f3n. Edici\u00f3n digital: <a href=\"http:\/\/ddd.uab.cat\/record\/163565\" target=\"_blank\" rel=\"noopener\">http:\/\/ddd.uab.cat\/record\/163565<\/a><\/p>\n\n\n\n<p class=\"has-text-align-center\">1\u00aa edici\u00f3n, febrero de 2015. Cap\u00edtulo acabado de redactar en diciembre de 2015<\/p>\n\n\n\n<p class=\"has-text-align-center\"><em><span style=\"font-size: x-small;font-family: book antiqua,palatino\"><a href=\"http:\/\/creativecommons.org\/licenses\/by-nc-nd\/4.0\/\"><img loading=\"lazy\" decoding=\"async\" style=\"border-width: 0;border: 0;vertical-align: middle\" src=\"https:\/\/i.creativecommons.org\/l\/by-nc-nd\/4.0\/88x31.png\" alt=\"Licencia de Creative Commons\" width=\"77\" height=\"27\"><\/a><\/span><\/em><br><em><span style=\"font-size: x-small;font-family: book antiqua,palatino\">Licensed under a <a href=\"http:\/\/creativecommons.org\/licenses\/by-nc-sa\/4.0\/\" rel=\"license\">Creative Commons<\/a><\/span><\/em><\/p>\n","protected":false},"excerpt":{"rendered":"<p>Metodolog\u00eda de la Investigaci\u00f3n Social Cuantitativa Pedro L\u00f3pez-Rold\u00e1nSandra Fachelli Cap\u00edtulo I.3 Perspectivas metodol\u00f3gicas y dise\u00f1os mixtos&nbsp; Una vez establecidos los fundamentos metodol\u00f3gicos de la investigaci\u00f3n cient\u00edfica social y de plasmarlos en t\u00e9rminos del proceso de investigaci\u00f3n, nos planteamos la necesidad de contemplar la investigaci\u00f3n en ciencias sociales desde el reconocimiento de una pluralidad de perspectivas [&hellip;]<\/p>\n","protected":false},"author":20,"featured_media":0,"parent":0,"menu_order":0,"comment_status":"closed","ping_status":"closed","template":"","meta":{"footnotes":""},"class_list":["post-506","page","type-page","status-publish","hentry"],"_links":{"self":[{"href":"https:\/\/webs.uab.cat\/plopez\/wp-json\/wp\/v2\/pages\/506","targetHints":{"allow":["GET"]}}],"collection":[{"href":"https:\/\/webs.uab.cat\/plopez\/wp-json\/wp\/v2\/pages"}],"about":[{"href":"https:\/\/webs.uab.cat\/plopez\/wp-json\/wp\/v2\/types\/page"}],"author":[{"embeddable":true,"href":"https:\/\/webs.uab.cat\/plopez\/wp-json\/wp\/v2\/users\/20"}],"replies":[{"embeddable":true,"href":"https:\/\/webs.uab.cat\/plopez\/wp-json\/wp\/v2\/comments?post=506"}],"version-history":[{"count":6,"href":"https:\/\/webs.uab.cat\/plopez\/wp-json\/wp\/v2\/pages\/506\/revisions"}],"predecessor-version":[{"id":1360,"href":"https:\/\/webs.uab.cat\/plopez\/wp-json\/wp\/v2\/pages\/506\/revisions\/1360"}],"wp:attachment":[{"href":"https:\/\/webs.uab.cat\/plopez\/wp-json\/wp\/v2\/media?parent=506"}],"curies":[{"name":"wp","href":"https:\/\/api.w.org\/{rel}","templated":true}]}}