{"id":507,"date":"2016-09-02T20:41:09","date_gmt":"2016-09-02T20:41:09","guid":{"rendered":"https:\/\/webs.uab.cat\/plopez\/ii-1\/"},"modified":"2023-03-11T19:29:10","modified_gmt":"2023-03-11T18:29:10","slug":"ii-1","status":"publish","type":"page","link":"https:\/\/webs.uab.cat\/plopez\/ii-1\/","title":{"rendered":"II.1 La medici\u00f3n de los fen\u00f3menos sociales"},"content":{"rendered":"\n<div class=\"wp-block-media-text is-stacked-on-mobile\" style=\"grid-template-columns:22% auto\"><figure class=\"wp-block-media-text__media\"><img loading=\"lazy\" decoding=\"async\" width=\"370\" height=\"525\" src=\"https:\/\/webs.uab.cat\/plopez\/wp-content\/uploads\/sites\/156\/2015\/01\/Portada.png\" alt=\"MISC\" class=\"wp-image-279 size-full\" srcset=\"https:\/\/webs.uab.cat\/plopez\/wp-content\/uploads\/sites\/156\/2015\/01\/Portada.png 370w, https:\/\/webs.uab.cat\/plopez\/wp-content\/uploads\/sites\/156\/2015\/01\/Portada-211x300.png 211w\" sizes=\"auto, (max-width: 370px) 100vw, 370px\" \/><\/figure><div class=\"wp-block-media-text__content\">\n<p><strong><br>Metodolog\u00eda de la Investigaci\u00f3n Social Cuantitativa<\/strong><\/p>\n\n\n\n<p>Pedro L\u00f3pez-Rold\u00e1n<br>Sandra Fachelli<\/p>\n<\/div><\/div>\n\n\n\n<h2 class=\"wp-block-heading\">Cap\u00edtulo II.1 <br>La medici\u00f3n de los fen\u00f3menos sociales<\/h2>\n\n\n\n<p>El primer cap\u00edtulo del segundo bloque trata de la medici\u00f3n de los fen\u00f3menos sociales que estudiamos como la expresi\u00f3n m\u00e1s clara de lo que significa seguir un proceso de investigaci\u00f3n, de la aplicaci\u00f3n del m\u00e9todo cient\u00edfico, para obtener evidencias de la realidad emp\u00edrica que se investiga. A trav\u00e9s de la medici\u00f3n expresamos nuestros conceptos te\u00f3ricos, por tanto, tambi\u00e9n de las hip\u00f3tesis, y los llevamos o vinculamos a la realidad social investigada mediante un proceso de acercamiento desde la instancia m\u00e1s te\u00f3rica, abstracta y compleja a la m\u00e1s emp\u00edrica, concreta, sencilla y observable, intentando establecer una homolog\u00eda entre ambos polos. Medir, adem\u00e1s, sirve as\u00ed para dar cuenta de la variedad de los fen\u00f3menos que expresamos a trav\u00e9s de las variables. Tras conceptualizar qu\u00e9 es la medici\u00f3n hablaremos del proceso de operativizaci\u00f3n y de los niveles o escalas de medici\u00f3n. Veremos el caso particular de la construcci\u00f3n de \u00edndices y escalas. Plantearemos las cuestiones de la validez y la fiabilidad de las mediciones. Acabaremos dando cuenta del material informativo que ser\u00e1 objeto de tratamiento sistem\u00e1tico en la etapa de an\u00e1lisis: la matriz de datos.<\/p>\n\n\n\n<div class=\"wp-block-columns is-layout-flex wp-container-core-columns-is-layout-9d6595d7 wp-block-columns-is-layout-flex\">\n<div class=\"wp-block-column is-layout-flow wp-block-column-is-layout-flow\" style=\"flex-basis:5%\">\n<figure class=\"wp-block-image size-full\"><img loading=\"lazy\" decoding=\"async\" width=\"300\" height=\"300\" src=\"https:\/\/webs.uab.cat\/plopez\/wp-content\/uploads\/sites\/156\/2023\/02\/pdf.png\" alt=\"\" class=\"wp-image-992\" srcset=\"https:\/\/webs.uab.cat\/plopez\/wp-content\/uploads\/sites\/156\/2023\/02\/pdf.png 300w, https:\/\/webs.uab.cat\/plopez\/wp-content\/uploads\/sites\/156\/2023\/02\/pdf-150x150.png 150w\" sizes=\"auto, (max-width: 300px) 100vw, 300px\" \/><\/figure>\n<\/div>\n\n\n\n<div class=\"wp-block-column is-vertically-aligned-center is-layout-flow wp-block-column-is-layout-flow\" style=\"flex-basis:85%\">\n<p class=\"has-normal-font-size\"><a rel=\"noreferrer noopener\" href=\"https:\/\/ddd.uab.cat\/pub\/caplli\/2016\/163566\/metinvsoccua_a2016_cap2-1.pdf\" target=\"_blank\">Documento del cap\u00edtulo II.1<\/a><\/p>\n<\/div>\n<\/div>\n\n\n\n<p><strong>C\u00f3mo citar este cap\u00edtulo<\/strong>:<br>L\u00f3pez-Rold\u00e1n, P.; Fachelli, S. (2015). La medici\u00f3n de los fen\u00f3menos sociales. En P. L\u00f3pez-Rold\u00e1n y S. Fachelli, <em>Metodolog\u00eda de la Investigaci\u00f3n Social Cuantitativa<\/em>. Bellaterra (Cerdanyola del Vall\u00e8s): Dip\u00f2sit Digital de Documents, Universitat Aut\u00f2noma de Barcelona. Cap\u00edtulo II.1. 1\u00aa edici\u00f3n. Edici\u00f3n digital: <a href=\"http:\/\/ddd.uab.cat\/record\/163566\" target=\"_blank\" rel=\"noopener\">http:\/\/ddd.uab.cat\/record\/163566<\/a><\/p>\n\n\n\n<p class=\"has-text-align-center\">1\u00aa edici\u00f3n, febrero de 2015. Cap\u00edtulo acabado de redactar en diciembre de 2015<\/p>\n\n\n\n<p class=\"has-text-align-center\"><em><span style=\"font-size: x-small;font-family: book antiqua,palatino\"><a href=\"http:\/\/creativecommons.org\/licenses\/by-nc-nd\/4.0\/\"><img loading=\"lazy\" decoding=\"async\" style=\"border-width: 0;border: 0;vertical-align: middle\" src=\"https:\/\/i.creativecommons.org\/l\/by-nc-nd\/4.0\/88x31.png\" alt=\"Licencia de Creative Commons\" width=\"77\" height=\"27\"><\/a><\/span><\/em><br><em><span style=\"font-size: x-small;font-family: book antiqua,palatino\">Licensed under a <a href=\"http:\/\/creativecommons.org\/licenses\/by-nc-sa\/4.0\/\" rel=\"license\">Creative Commons<\/a><\/span><\/em><\/p>\n","protected":false},"excerpt":{"rendered":"<p>Metodolog\u00eda de la Investigaci\u00f3n Social Cuantitativa Pedro L\u00f3pez-Rold\u00e1nSandra Fachelli Cap\u00edtulo II.1 La medici\u00f3n de los fen\u00f3menos sociales El primer cap\u00edtulo del segundo bloque trata de la medici\u00f3n de los fen\u00f3menos sociales que estudiamos como la expresi\u00f3n m\u00e1s clara de lo que significa seguir un proceso de investigaci\u00f3n, de la aplicaci\u00f3n del m\u00e9todo cient\u00edfico, para obtener [&hellip;]<\/p>\n","protected":false},"author":20,"featured_media":0,"parent":0,"menu_order":0,"comment_status":"closed","ping_status":"closed","template":"","meta":{"footnotes":""},"class_list":["post-507","page","type-page","status-publish","hentry"],"_links":{"self":[{"href":"https:\/\/webs.uab.cat\/plopez\/wp-json\/wp\/v2\/pages\/507","targetHints":{"allow":["GET"]}}],"collection":[{"href":"https:\/\/webs.uab.cat\/plopez\/wp-json\/wp\/v2\/pages"}],"about":[{"href":"https:\/\/webs.uab.cat\/plopez\/wp-json\/wp\/v2\/types\/page"}],"author":[{"embeddable":true,"href":"https:\/\/webs.uab.cat\/plopez\/wp-json\/wp\/v2\/users\/20"}],"replies":[{"embeddable":true,"href":"https:\/\/webs.uab.cat\/plopez\/wp-json\/wp\/v2\/comments?post=507"}],"version-history":[{"count":5,"href":"https:\/\/webs.uab.cat\/plopez\/wp-json\/wp\/v2\/pages\/507\/revisions"}],"predecessor-version":[{"id":1361,"href":"https:\/\/webs.uab.cat\/plopez\/wp-json\/wp\/v2\/pages\/507\/revisions\/1361"}],"wp:attachment":[{"href":"https:\/\/webs.uab.cat\/plopez\/wp-json\/wp\/v2\/media?parent=507"}],"curies":[{"name":"wp","href":"https:\/\/api.w.org\/{rel}","templated":true}]}}