{"id":508,"date":"2016-09-02T20:44:33","date_gmt":"2016-09-02T20:44:33","guid":{"rendered":"https:\/\/webs.uab.cat\/plopez\/ii-3\/"},"modified":"2023-03-11T19:33:23","modified_gmt":"2023-03-11T18:33:23","slug":"ii-3","status":"publish","type":"page","link":"https:\/\/webs.uab.cat\/plopez\/ii-3\/","title":{"rendered":"II.3 La Encuesta"},"content":{"rendered":"\n<div class=\"wp-block-media-text is-stacked-on-mobile\" style=\"grid-template-columns:22% auto\"><figure class=\"wp-block-media-text__media\"><img loading=\"lazy\" decoding=\"async\" width=\"370\" height=\"525\" src=\"https:\/\/webs.uab.cat\/plopez\/wp-content\/uploads\/sites\/156\/2015\/01\/Portada.png\" alt=\"MISC\" class=\"wp-image-279 size-full\" srcset=\"https:\/\/webs.uab.cat\/plopez\/wp-content\/uploads\/sites\/156\/2015\/01\/Portada.png 370w, https:\/\/webs.uab.cat\/plopez\/wp-content\/uploads\/sites\/156\/2015\/01\/Portada-211x300.png 211w\" sizes=\"auto, (max-width: 370px) 100vw, 370px\" \/><\/figure><div class=\"wp-block-media-text__content\">\n<p><strong><br>Metodolog\u00eda de la Investigaci\u00f3n Social Cuantitativa<\/strong><\/p>\n\n\n\n<p>Pedro L\u00f3pez-Rold\u00e1n<br>Sandra Fachelli<\/p>\n<\/div><\/div>\n\n\n\n<h2 class=\"wp-block-heading\">Cap\u00edtulo II.3 <br>La Encuesta<\/h2>\n\n\n\n<p>El tercer cap\u00edtulo de la parte de producci\u00f3n se dedica a la encuesta, una de las t\u00e9cnicas de investigaci\u00f3n social m\u00e1s usada en el campo de la Sociolog\u00eda y de las Ciencias Sociales que ha trascendido el \u00e1mbito estricto de la investigaci\u00f3n cient\u00edfica. Daremos cuenta de este instrumento fundamental del quehacer cient\u00edfico hablando de la encuesta como m\u00e9todo de investigaci\u00f3n donde se implican de forma coordinada m\u00faltiples t\u00e9cnicas espec\u00edficas: el dise\u00f1o de la muestra, la construcci\u00f3n del cuestionario, la medici\u00f3n y la construcci\u00f3n de \u00edndices y escalas, la entrevista, la codificaci\u00f3n, la organizaci\u00f3n y seguimiento del trabajo de campo, la preparaci\u00f3n de los datos para el an\u00e1lisis, las t\u00e9cnicas de an\u00e1lisis, el software de registro y de an\u00e1lisis, y la presentaci\u00f3n de resultados. Tras una breve referencia hist\u00f3rica sobre los or\u00edgenes de la encuesta procederemos a su caracterizaci\u00f3n, establecemos las etapas de un proceso de encuesta, veremos sus diferentes tipos y destacaremos los aspectos relativos a la construcci\u00f3n del cuestionario (contexto del enunciado) y a su aplicaci\u00f3n (contexto de la enunciaci\u00f3n). Finalizaremos el cap\u00edtulo dando cuenta de la idea de la calidad de la encuesta y presentando diversos ejemplos de encuestas.<\/p>\n\n\n\n<div class=\"wp-block-columns is-layout-flex wp-container-core-columns-is-layout-9d6595d7 wp-block-columns-is-layout-flex\">\n<div class=\"wp-block-column is-layout-flow wp-block-column-is-layout-flow\" style=\"flex-basis:5%\">\n<figure class=\"wp-block-image size-full\"><img loading=\"lazy\" decoding=\"async\" width=\"300\" height=\"300\" src=\"https:\/\/webs.uab.cat\/plopez\/wp-content\/uploads\/sites\/156\/2023\/02\/pdf.png\" alt=\"\" class=\"wp-image-992\" srcset=\"https:\/\/webs.uab.cat\/plopez\/wp-content\/uploads\/sites\/156\/2023\/02\/pdf.png 300w, https:\/\/webs.uab.cat\/plopez\/wp-content\/uploads\/sites\/156\/2023\/02\/pdf-150x150.png 150w\" sizes=\"auto, (max-width: 300px) 100vw, 300px\" \/><\/figure>\n<\/div>\n\n\n\n<div class=\"wp-block-column is-vertically-aligned-center is-layout-flow wp-block-column-is-layout-flow\" style=\"flex-basis:85%\">\n<p class=\"has-normal-font-size\"><a rel=\"noreferrer noopener\" href=\"https:\/\/ddd.uab.cat\/pub\/caplli\/2016\/163567\/metinvsoccua_a2016_cap2-3.pdf\" target=\"_blank\">Documento del cap\u00edtulo II.3<\/a><\/p>\n<\/div>\n<\/div>\n\n\n\n<p><img loading=\"lazy\" decoding=\"async\" width=\"315\" height=\"312\" class=\"wp-image-369\" style=\"width: 40px\" src=\"https:\/\/webs.uab.cat\/plopez\/wp-content\/uploads\/sites\/156\/2015\/04\/link2.png\" alt=\"\" srcset=\"https:\/\/webs.uab.cat\/plopez\/wp-content\/uploads\/sites\/156\/2015\/04\/link2.png 315w, https:\/\/webs.uab.cat\/plopez\/wp-content\/uploads\/sites\/156\/2015\/04\/link2-300x297.png 300w, https:\/\/webs.uab.cat\/plopez\/wp-content\/uploads\/sites\/156\/2015\/04\/link2-150x150.png 150w\" sizes=\"auto, (max-width: 315px) 100vw, 315px\" \/><a href=\"https:\/\/webs.uab.cat\/plopez\/ca\/encuestas-e-investigacion-de-mercados\/\" data-type=\"page\" data-id=\"245\">Selecci\u00f3n de enlaces sobre encuestas e investigaci\u00f3n de mercados<\/a><\/p>\n\n\n\n<p><strong>C\u00f3mo citar este cap\u00edtulo<\/strong>:<br>L\u00f3pez-Rold\u00e1n, P.; Fachelli, S. (2015). La encuesta. En P. L\u00f3pez-Rold\u00e1n y S. Fachelli, <em>Metodolog\u00eda de la Investigaci\u00f3n Social Cuantitativa<\/em>. Bellaterra (Cerdanyola del Vall\u00e8s): Dip\u00f2sit Digital de Documents, Universitat Aut\u00f2noma de Barcelona. Cap\u00edtulo II.3. 1\u00aa edici\u00f3n. Edici\u00f3n digital: <a href=\"http:\/\/ddd.uab.cat\/record\/163567\" target=\"_blank\" rel=\"noopener\">http:\/\/ddd.uab.cat\/record\/163567<\/a><\/p>\n\n\n\n<p class=\"has-text-align-center\">1\u00aa edici\u00f3n, febrero de 2015. Cap\u00edtulo acabado de redactar en diciembre de 2015<\/p>\n\n\n\n<p class=\"has-text-align-center\"><em><span style=\"font-size: x-small;font-family: book antiqua,palatino\"><a href=\"http:\/\/creativecommons.org\/licenses\/by-nc-nd\/4.0\/\"><img loading=\"lazy\" decoding=\"async\" style=\"border-width: 0;border: 0;vertical-align: middle\" src=\"https:\/\/i.creativecommons.org\/l\/by-nc-nd\/4.0\/88x31.png\" alt=\"Licencia de Creative Commons\" width=\"77\" height=\"27\"><\/a><\/span><\/em><br><em><span style=\"font-size: x-small;font-family: book antiqua,palatino\">Licensed under a <a href=\"http:\/\/creativecommons.org\/licenses\/by-nc-sa\/4.0\/\" rel=\"license\">Creative Commons<\/a><\/span><\/em><\/p>\n","protected":false},"excerpt":{"rendered":"<p>Metodolog\u00eda de la Investigaci\u00f3n Social Cuantitativa Pedro L\u00f3pez-Rold\u00e1nSandra Fachelli Cap\u00edtulo II.3 La Encuesta El tercer cap\u00edtulo de la parte de producci\u00f3n se dedica a la encuesta, una de las t\u00e9cnicas de investigaci\u00f3n social m\u00e1s usada en el campo de la Sociolog\u00eda y de las Ciencias Sociales que ha trascendido el \u00e1mbito estricto de la investigaci\u00f3n [&hellip;]<\/p>\n","protected":false},"author":20,"featured_media":0,"parent":0,"menu_order":0,"comment_status":"closed","ping_status":"closed","template":"","meta":{"footnotes":""},"class_list":["post-508","page","type-page","status-publish","hentry"],"_links":{"self":[{"href":"https:\/\/webs.uab.cat\/plopez\/wp-json\/wp\/v2\/pages\/508","targetHints":{"allow":["GET"]}}],"collection":[{"href":"https:\/\/webs.uab.cat\/plopez\/wp-json\/wp\/v2\/pages"}],"about":[{"href":"https:\/\/webs.uab.cat\/plopez\/wp-json\/wp\/v2\/types\/page"}],"author":[{"embeddable":true,"href":"https:\/\/webs.uab.cat\/plopez\/wp-json\/wp\/v2\/users\/20"}],"replies":[{"embeddable":true,"href":"https:\/\/webs.uab.cat\/plopez\/wp-json\/wp\/v2\/comments?post=508"}],"version-history":[{"count":6,"href":"https:\/\/webs.uab.cat\/plopez\/wp-json\/wp\/v2\/pages\/508\/revisions"}],"predecessor-version":[{"id":1365,"href":"https:\/\/webs.uab.cat\/plopez\/wp-json\/wp\/v2\/pages\/508\/revisions\/1365"}],"wp:attachment":[{"href":"https:\/\/webs.uab.cat\/plopez\/wp-json\/wp\/v2\/media?parent=508"}],"curies":[{"name":"wp","href":"https:\/\/api.w.org\/{rel}","templated":true}]}}