{"id":513,"date":"2018-01-31T20:47:18","date_gmt":"2018-01-31T20:47:18","guid":{"rendered":"https:\/\/webs.uab.cat\/plopez\/ii-4\/"},"modified":"2023-03-26T12:26:10","modified_gmt":"2023-03-26T10:26:10","slug":"ii-4","status":"publish","type":"page","link":"https:\/\/webs.uab.cat\/plopez\/ii-4\/","title":{"rendered":"II.4 El dise\u00f1o de la muestra"},"content":{"rendered":"\n<div class=\"wp-block-media-text is-stacked-on-mobile\" style=\"grid-template-columns:22% auto\"><figure class=\"wp-block-media-text__media\"><img loading=\"lazy\" decoding=\"async\" width=\"370\" height=\"525\" src=\"https:\/\/webs.uab.cat\/plopez\/wp-content\/uploads\/sites\/156\/2015\/01\/Portada.png\" alt=\"MISC\" class=\"wp-image-279 size-full\" srcset=\"https:\/\/webs.uab.cat\/plopez\/wp-content\/uploads\/sites\/156\/2015\/01\/Portada.png 370w, https:\/\/webs.uab.cat\/plopez\/wp-content\/uploads\/sites\/156\/2015\/01\/Portada-211x300.png 211w\" sizes=\"auto, (max-width: 370px) 100vw, 370px\" \/><\/figure><div class=\"wp-block-media-text__content\">\n<p><strong><br>Metodolog\u00eda de la Investigaci\u00f3n Social Cuantitativa<\/strong><\/p>\n\n\n\n<p>Pedro L\u00f3pez-Rold\u00e1n<br>Sandra Fachelli<\/p>\n<\/div><\/div>\n\n\n\n<h2 class=\"wp-block-heading\">Cap\u00edtulo II.4 <br>El dise\u00f1o de la muestra<\/h2>\n\n\n\n<p>El dise\u00f1o de la muestra es una tarea espec\u00edfica, de implicaciones metodol\u00f3gicas y requerimientos t\u00e9cnicos, destinada a elegir una representaci\u00f3n adecuada de unidades de nuestra poblaci\u00f3n objeto de estudio. Se presentan los aspectos formales m\u00e1s relevantes relativos al dise\u00f1o y la obtenci\u00f3n de una muestra estad\u00edsticamente representativa de la poblaci\u00f3n. Tras una introducci\u00f3n donde se recorren algunos de los principales conceptos implicados en el muestreo estad\u00edstico, se realiza una presentaci\u00f3n de los diferentes tipos de muestreo, partiendo del m\u00e1s b\u00e1sico y fundamental: el muestreo aleatorio simple, y dando cuenta del resto de m\u00e9todos de muestreo: el muestreo sistem\u00e1tico, el muestreo estratificado, el muestreo de conglomerados o el muestreo poliet\u00e1pico. Finaliza el cap\u00edtulo viendo el muestreo no probabil\u00edstico o cualitativo y presentando algunos ejemplos conocidos de dise\u00f1os de muestras.<\/p>\n\n\n\n<div class=\"wp-block-columns is-layout-flex wp-container-core-columns-is-layout-9d6595d7 wp-block-columns-is-layout-flex\">\n<div class=\"wp-block-column is-layout-flow wp-block-column-is-layout-flow\" style=\"flex-basis:5%\">\n<figure class=\"wp-block-image size-full\"><img loading=\"lazy\" decoding=\"async\" width=\"300\" height=\"300\" src=\"https:\/\/webs.uab.cat\/plopez\/wp-content\/uploads\/sites\/156\/2023\/02\/pdf.png\" alt=\"\" class=\"wp-image-992\" srcset=\"https:\/\/webs.uab.cat\/plopez\/wp-content\/uploads\/sites\/156\/2023\/02\/pdf.png 300w, https:\/\/webs.uab.cat\/plopez\/wp-content\/uploads\/sites\/156\/2023\/02\/pdf-150x150.png 150w\" sizes=\"auto, (max-width: 300px) 100vw, 300px\" \/><\/figure>\n<\/div>\n\n\n\n<div class=\"wp-block-column is-vertically-aligned-center is-layout-flow wp-block-column-is-layout-flow\" style=\"flex-basis:85%\">\n<p class=\"has-normal-font-size\"><a rel=\"noreferrer noopener\" href=\"https:\/\/ddd.uab.cat\/pub\/caplli\/2017\/185163\/metinvsoccua_cap2-4a2017.pdf\" target=\"_blank\">Documento del cap\u00edtulo II.4<\/a><\/p>\n<\/div>\n<\/div>\n\n\n\n<div class=\"wp-block-columns is-layout-flex wp-container-core-columns-is-layout-9d6595d7 wp-block-columns-is-layout-flex\">\n<div class=\"wp-block-column is-layout-flow wp-block-column-is-layout-flow\" style=\"flex-basis:5%\">\n<figure class=\"wp-block-image size-full is-resized\"><img loading=\"lazy\" decoding=\"async\" src=\"https:\/\/webs.uab.cat\/plopez\/wp-content\/uploads\/sites\/156\/2015\/02\/documentos1.png\" alt=\"\" class=\"wp-image-334\" width=\"50\" height=\"50\" srcset=\"https:\/\/webs.uab.cat\/plopez\/wp-content\/uploads\/sites\/156\/2015\/02\/documentos1.png 256w, https:\/\/webs.uab.cat\/plopez\/wp-content\/uploads\/sites\/156\/2015\/02\/documentos1-150x150.png 150w\" sizes=\"auto, (max-width: 50px) 100vw, 50px\" \/><\/figure>\n<\/div>\n\n\n\n<div class=\"wp-block-column is-vertically-aligned-center is-layout-flow wp-block-column-is-layout-flow\" style=\"flex-basis:85%\">\n<p class=\"has-normal-font-size\"><strong>Archivos adjuntos:<\/strong><\/p>\n\n\n\n<p><a rel=\"noreferrer noopener\" href=\"https:\/\/webs.uab.cat\/plopez\/wp-content\/uploads\/sites\/156\/2023\/03\/MAS.xlsx\" target=\"_blank\">MAS: c\u00e1lculo del tama\u00f1o de la muestra y del error muestral<\/a><br><a href=\"https:\/\/webs.uab.cat\/plopez\/wp-content\/uploads\/sites\/156\/2023\/03\/MAE.xlsx\" target=\"_blank\" rel=\"noreferrer noopener\">MAE: c\u00e1lculo de la afijaci\u00f3n, del tama\u00f1o y del error muestral<\/a><\/p>\n<\/div>\n<\/div>\n\n\n\n<p><strong>C\u00f3mo citar este cap\u00edtulo<\/strong>:<br>L\u00f3pez-Rold\u00e1n, P.; Fachelli, S. (2017). El dise\u00f1o de la muestra. En P. L\u00f3pez-Rold\u00e1n y S. Fachelli, <em>Metodolog\u00eda de la Investigaci\u00f3n Social Cuantitativa<\/em>. Bellaterra (Cerdanyola del Vall\u00e8s): Dip\u00f2sit Digital de Documents, Universitat Aut\u00f2noma de Barcelona. Cap\u00edtulo III.4. 1\u00aa edici\u00f3n. Edici\u00f3n digital: <a href=\"https:\/\/ddd.uab.cat\/record\/185163\" target=\"_blank\" rel=\"noopener\">https:\/\/ddd.uab.cat\/record\/185163<\/a><\/p>\n\n\n\n<p class=\"has-text-align-center\">1\u00aa edici\u00f3n, febrero de 2015. Cap\u00edtulo acabado de redactar en agosto de 2017<\/p>\n\n\n\n<p class=\"has-text-align-center\"><em><span style=\"font-size: x-small;font-family: book antiqua,palatino\"><a href=\"http:\/\/creativecommons.org\/licenses\/by-nc-nd\/4.0\/\"><img loading=\"lazy\" decoding=\"async\" style=\"border-width: 0;border: 0;vertical-align: middle\" src=\"https:\/\/i.creativecommons.org\/l\/by-nc-nd\/4.0\/88x31.png\" alt=\"Licencia de Creative Commons\" width=\"77\" height=\"27\"><\/a><\/span><\/em><br><em><span style=\"font-size: x-small;font-family: book antiqua,palatino\">Licensed under a <a href=\"http:\/\/creativecommons.org\/licenses\/by-nc-sa\/4.0\/\" rel=\"license\">Creative Commons<\/a><\/span><\/em><\/p>\n","protected":false},"excerpt":{"rendered":"<p>Metodolog\u00eda de la Investigaci\u00f3n Social Cuantitativa Pedro L\u00f3pez-Rold\u00e1nSandra Fachelli Cap\u00edtulo II.4 El dise\u00f1o de la muestra El dise\u00f1o de la muestra es una tarea espec\u00edfica, de implicaciones metodol\u00f3gicas y requerimientos t\u00e9cnicos, destinada a elegir una representaci\u00f3n adecuada de unidades de nuestra poblaci\u00f3n objeto de estudio. Se presentan los aspectos formales m\u00e1s relevantes relativos al dise\u00f1o [&hellip;]<\/p>\n","protected":false},"author":20,"featured_media":0,"parent":0,"menu_order":0,"comment_status":"closed","ping_status":"closed","template":"","meta":{"footnotes":""},"class_list":["post-513","page","type-page","status-publish","hentry"],"_links":{"self":[{"href":"https:\/\/webs.uab.cat\/plopez\/wp-json\/wp\/v2\/pages\/513","targetHints":{"allow":["GET"]}}],"collection":[{"href":"https:\/\/webs.uab.cat\/plopez\/wp-json\/wp\/v2\/pages"}],"about":[{"href":"https:\/\/webs.uab.cat\/plopez\/wp-json\/wp\/v2\/types\/page"}],"author":[{"embeddable":true,"href":"https:\/\/webs.uab.cat\/plopez\/wp-json\/wp\/v2\/users\/20"}],"replies":[{"embeddable":true,"href":"https:\/\/webs.uab.cat\/plopez\/wp-json\/wp\/v2\/comments?post=513"}],"version-history":[{"count":7,"href":"https:\/\/webs.uab.cat\/plopez\/wp-json\/wp\/v2\/pages\/513\/revisions"}],"predecessor-version":[{"id":1409,"href":"https:\/\/webs.uab.cat\/plopez\/wp-json\/wp\/v2\/pages\/513\/revisions\/1409"}],"wp:attachment":[{"href":"https:\/\/webs.uab.cat\/plopez\/wp-json\/wp\/v2\/media?parent=513"}],"curies":[{"name":"wp","href":"https:\/\/api.w.org\/{rel}","templated":true}]}}