{"id":110,"date":"2024-05-28T11:47:32","date_gmt":"2024-05-28T09:47:32","guid":{"rendered":"https:\/\/webs.uab.cat\/popfem\/?page_id=110"},"modified":"2024-05-28T17:03:47","modified_gmt":"2024-05-28T15:03:47","slug":"equipo","status":"publish","type":"page","link":"https:\/\/webs.uab.cat\/popfem\/equipo\/","title":{"rendered":"Equipo"},"content":{"rendered":"\n<div class=\"wp-block-media-text is-stacked-on-mobile\"><figure class=\"wp-block-media-text__media\"><img loading=\"lazy\" decoding=\"async\" width=\"768\" height=\"1024\" src=\"https:\/\/webs.uab.cat\/popfem\/wp-content\/uploads\/sites\/455\/2024\/02\/IMG_2861-768x1024.jpeg\" alt=\"\" class=\"wp-image-55 size-full\" srcset=\"https:\/\/webs.uab.cat\/popfem\/wp-content\/uploads\/sites\/455\/2024\/02\/IMG_2861-768x1024.jpeg 768w, https:\/\/webs.uab.cat\/popfem\/wp-content\/uploads\/sites\/455\/2024\/02\/IMG_2861-225x300.jpeg 225w, https:\/\/webs.uab.cat\/popfem\/wp-content\/uploads\/sites\/455\/2024\/02\/IMG_2861-1152x1536.jpeg 1152w, https:\/\/webs.uab.cat\/popfem\/wp-content\/uploads\/sites\/455\/2024\/02\/IMG_2861-1536x2048.jpeg 1536w, https:\/\/webs.uab.cat\/popfem\/wp-content\/uploads\/sites\/455\/2024\/02\/IMG_2861-1200x1600.jpeg 1200w, https:\/\/webs.uab.cat\/popfem\/wp-content\/uploads\/sites\/455\/2024\/02\/IMG_2861-1980x2640.jpeg 1980w, https:\/\/webs.uab.cat\/popfem\/wp-content\/uploads\/sites\/455\/2024\/02\/IMG_2861-scaled.jpeg 1920w\" sizes=\"auto, (max-width: 768px) 100vw, 768px\" \/><\/figure><div class=\"wp-block-media-text__content\">\n<p>TERESA L\u00d3PEZ CASTILLA<\/p>\n\n\n\n<p><\/p>\n<\/div><\/div>\n\n\n\n<p><\/p>\n\n\n\n<p>Ante todo soy una feminista queer que desde que tiene uso de \u201clocura\u201d piensa la m\u00fasica para reescribir sus historias y discursos con esa visi\u00f3n. Para eso, decid\u00ed primero licenciarme en Historia y CC. de la M\u00fasica (Universidad de Granada, 2005), y despu\u00e9s doctorarme en 2015 (Universidad de la Rioja). En ese momento no era muy consciente de ser pionera en usar metodolog\u00eda cr\u00edtica queer mientras escrib\u00eda una tesis sobre colectivos de mujeres disidentes en la m\u00fasica electr\u00f3nica y la cultura de club en Espa\u00f1a. Tras esto vino la oportunidad de trabajar como docente en la Universidad, primero en la privada (UNIR) y despu\u00e9s y&nbsp; hasta la actualidad en la de Ja\u00e9n, y dentro del departamento de Did\u00e1ctica de la M\u00fasica. As\u00ed que desde 2016 me siento en la responsabilidad de ofrecer la mejor versi\u00f3n de mi yo musical, docente y feminista\/queer para ofrecer otras perspectivas y prismas que ayuden a no perpetuar la misma educaci\u00f3n musical patriarcal, excluyente y hegem\u00f3nica que hemos recibido la mayor\u00eda. En eso andamos. Entre tanto, procuro aportar investigaciones varias, a modo de congresos, art\u00edculos en revistas acad\u00e9micas y cap\u00edtulos de libro, en relaci\u00f3n a la m\u00fasica electr\u00f3nica y m\u00fasicas urbanas pensadas desde un feminismo queer, y siempre que puedo de manera auto-etnogr\u00e1fica. Y estoy convencida de que trabajar por estas lindes acompa\u00f1ada y apoyada por equipos estupendos y comprometidos como el que cobija el I+D \u201cM\u00fasica Popular Urbana y Feminismos en Espa\u00f1a: Estrategias,Conflictos y Retos De Las Mujeres en Las Pr\u00e1cticas Musicales contempor\u00e1neas (2000-2023<strong>)\u201d<\/strong>, al que tengo la suerte de pertenecer, te hace la vida acad\u00e9mica m\u00e1s interesante y posible.<\/p>\n\n\n\n<div class=\"wp-block-media-text is-stacked-on-mobile\"><figure class=\"wp-block-media-text__media\"><\/figure><div class=\"wp-block-media-text__content\">\n<p>S\u00cdLVIA MART\u00cdNEZ<\/p>\n<\/div><\/div>\n\n\n\n<p>Soy etnomusic\u00f3loga y llevo media vida investigando pr\u00e1cticas musicales populares, h\u00edbridas, raras, o con poco galmour acad\u00e9mico. Me doctor\u00e9 con una tesis sobre el heavy metal en 1997 en la Universitat de Barcelona, tras completar mis estudios en Montr\u00e9al (UdM) y Los Angeles (UCLA). Despu\u00e9s segu\u00ed dando tumbos por el mundo y trabaj\u00e9 como investigadora en la Humboldt Universit\u00e4t de Berl\u00edn y en el CSIC. He publicado diversos libros, entre ellos <em>Made in Spain. Essays in Popular Music <\/em>(Routledge, 2013), <em>Escribir sobre m\u00fasica<\/em> (Musikeon Books 2016) y <em>Enganxats al heavy <\/em>(Pag\u00e8s 1999). Tambi\u00e9n decenas de art\u00edculos y alg\u00fan cap\u00edtulo en libros como <em>The Singer-Songwriter in Europe<\/em> (Ashgate 2016) o <em>Mediterranean Mosaic <\/em>(Routledge, 2003).&nbsp; Convencida de que la investigaci\u00f3n es una labor de equipo y de que las instituciones hay que renovarlas desde dentro, he contribuido fundando y compartiendo junta directiva en la SIBE (2006-2011) y en la rama espa\u00f1ola de la IASPM (2000-2003), antes de ejercer como vicepresidencia internacional de IASPM (2017-2019). Tras muchos a\u00f1os como docente de la Escola Superior de M\u00fasica de Catalunya (2001-2017), actualmente imparto asignaturas sobre m\u00fasicas urbanas y g\u00e9nero en la Universitat Aut\u00f2noma de Barcelona. De vez en vez me invitan a sitios que me encantan como Nueva York (Columbia University, CUNY), Lisboa (INET-MD), Montevideo (Universidad de la Rep\u00fablica del Uruguay), Graz (Kunstuni Graz, Austria) o Ciudad de M\u00e9xico (UNAM) para hacer m\u00e1s de lo mismo con paisajes y paisanajes distintos.<\/p>\n\n\n\n<div class=\"wp-block-media-text is-stacked-on-mobile\"><figure class=\"wp-block-media-text__media\"><img loading=\"lazy\" decoding=\"async\" width=\"892\" height=\"1024\" src=\"https:\/\/webs.uab.cat\/popfem\/wp-content\/uploads\/sites\/455\/2024\/02\/FOTO-BIO-892x1024.jpg\" alt=\"\" class=\"wp-image-57 size-full\" srcset=\"https:\/\/webs.uab.cat\/popfem\/wp-content\/uploads\/sites\/455\/2024\/02\/FOTO-BIO-892x1024.jpg 892w, https:\/\/webs.uab.cat\/popfem\/wp-content\/uploads\/sites\/455\/2024\/02\/FOTO-BIO-261x300.jpg 261w, https:\/\/webs.uab.cat\/popfem\/wp-content\/uploads\/sites\/455\/2024\/02\/FOTO-BIO-768x882.jpg 768w, https:\/\/webs.uab.cat\/popfem\/wp-content\/uploads\/sites\/455\/2024\/02\/FOTO-BIO-1338x1536.jpg 1338w, https:\/\/webs.uab.cat\/popfem\/wp-content\/uploads\/sites\/455\/2024\/02\/FOTO-BIO-1784x2048.jpg 1784w, https:\/\/webs.uab.cat\/popfem\/wp-content\/uploads\/sites\/455\/2024\/02\/FOTO-BIO-1200x1378.jpg 1200w, https:\/\/webs.uab.cat\/popfem\/wp-content\/uploads\/sites\/455\/2024\/02\/FOTO-BIO.jpg 1871w\" sizes=\"auto, (max-width: 892px) 100vw, 892px\" \/><\/figure><div class=\"wp-block-media-text__content\">\n<p>LAURA GONZ\u00c1LEZ MART\u00cdNEZ<\/p>\n<\/div><\/div>\n\n\n\n<p>Graduada en Historia y Ciencias de la M\u00fasica y M\u00e1ster en M\u00fasica Hispana por la Universidad de Valladolid. En ambas titulaciones se especializ\u00f3 en estudios de m\u00fasica popular urbana. En la actualidad realiza su tesis doctoral sobre <em>indie<\/em> rock en Espa\u00f1a desde una perspectiva de g\u00e9nero en el marco del Doctorado Interuniversitario en Musicolog\u00eda de la Universidad de Valladolid, la Universidad de La Rioja y la Universidad Complutense de Madrid. Adem\u00e1s, participa en diversos proyectos musicales, como la banda de <em>midwest<\/em> emo Campo Grande y La Presidenta DJ, donde se dedica a mezclar ritmos de reggaet\u00f3n, dembow, cumbia y merengue.<\/p>\n\n\n\n<div class=\"wp-block-media-text is-stacked-on-mobile\"><figure class=\"wp-block-media-text__media\"><img loading=\"lazy\" decoding=\"async\" width=\"768\" height=\"1024\" src=\"https:\/\/webs.uab.cat\/popfem\/wp-content\/uploads\/sites\/455\/2024\/02\/IMG_0028-768x1024.jpeg\" alt=\"\" class=\"wp-image-59 size-full\" srcset=\"https:\/\/webs.uab.cat\/popfem\/wp-content\/uploads\/sites\/455\/2024\/02\/IMG_0028-768x1024.jpeg 768w, https:\/\/webs.uab.cat\/popfem\/wp-content\/uploads\/sites\/455\/2024\/02\/IMG_0028-225x300.jpeg 225w, https:\/\/webs.uab.cat\/popfem\/wp-content\/uploads\/sites\/455\/2024\/02\/IMG_0028-1152x1536.jpeg 1152w, https:\/\/webs.uab.cat\/popfem\/wp-content\/uploads\/sites\/455\/2024\/02\/IMG_0028-1536x2048.jpeg 1536w, https:\/\/webs.uab.cat\/popfem\/wp-content\/uploads\/sites\/455\/2024\/02\/IMG_0028-1200x1600.jpeg 1200w, https:\/\/webs.uab.cat\/popfem\/wp-content\/uploads\/sites\/455\/2024\/02\/IMG_0028-1980x2640.jpeg 1980w, https:\/\/webs.uab.cat\/popfem\/wp-content\/uploads\/sites\/455\/2024\/02\/IMG_0028-scaled.jpeg 1920w\" sizes=\"auto, (max-width: 768px) 100vw, 768px\" \/><\/figure><div class=\"wp-block-media-text__content\">\n<p>MARINA ARIAS SALVADO<\/p>\n<\/div><\/div>\n\n\n\n<p>Soy music\u00f3loga por la Universidad Complutense de Madrid, donde estoy realizando mi tesis doctoral sobre la historia del reggaet\u00f3n en Espa\u00f1a bajo el amparo de un contrato predoctoral UCM-Banco Santander. He sido investigadora visitante en el Center for Latin American Studies de Boston University, ponente invitada en el Museo del Chopo (UAM, Ciudad de M\u00e9xico) y la Fundaci\u00f3n Eugenio Granell (Santiago de Compostela), y formo parte de la actual Junta Directiva de la SIBE. Dado que el reggaet\u00f3n es una m\u00fasica que despierta acalorados debates en cuestiones de g\u00e9nero y sexualidad, considero que los estudios feministas en m\u00fasica popular son un eje fundamental de mi investigaci\u00f3n, algo que he podido plasmar en varias publicaciones, siendo la m\u00e1s reciente un cap\u00edtulo integrado en el libro <em>Rebel Girls! Desigualdad de g\u00e9nero, discursos y activismo en la industria musical<\/em> (2023).<\/p>\n\n\n\n<p><\/p>\n\n\n\n<div class=\"wp-block-media-text is-stacked-on-mobile\"><figure class=\"wp-block-media-text__media\"><img loading=\"lazy\" decoding=\"async\" width=\"768\" height=\"1024\" src=\"https:\/\/webs.uab.cat\/popfem\/wp-content\/uploads\/sites\/455\/2024\/05\/Sabela-POPFEM-768x1024.jpg\" alt=\"\" class=\"wp-image-85 size-full\" srcset=\"https:\/\/webs.uab.cat\/popfem\/wp-content\/uploads\/sites\/455\/2024\/05\/Sabela-POPFEM-768x1024.jpg 768w, https:\/\/webs.uab.cat\/popfem\/wp-content\/uploads\/sites\/455\/2024\/05\/Sabela-POPFEM-225x300.jpg 225w, https:\/\/webs.uab.cat\/popfem\/wp-content\/uploads\/sites\/455\/2024\/05\/Sabela-POPFEM-1152x1536.jpg 1152w, https:\/\/webs.uab.cat\/popfem\/wp-content\/uploads\/sites\/455\/2024\/05\/Sabela-POPFEM-1536x2048.jpg 1536w, https:\/\/webs.uab.cat\/popfem\/wp-content\/uploads\/sites\/455\/2024\/05\/Sabela-POPFEM-1200x1600.jpg 1200w, https:\/\/webs.uab.cat\/popfem\/wp-content\/uploads\/sites\/455\/2024\/05\/Sabela-POPFEM-1980x2640.jpg 1980w, https:\/\/webs.uab.cat\/popfem\/wp-content\/uploads\/sites\/455\/2024\/05\/Sabela-POPFEM-scaled.jpg 1920w\" sizes=\"auto, (max-width: 768px) 100vw, 768px\" \/><\/figure><div class=\"wp-block-media-text__content\">\n<p>SABELA PAD\u00cdN BA\u00daLO<\/p>\n<\/div><\/div>\n\n\n\n<p>Soy Sabela Pad\u00edn Ba\u00falo, estudiante de Musicolog\u00eda en la Universidad Aut\u00f3noma de<br>Barcelona. En este momento, no s\u00e9 muy bien hacia donde enfocar mis estudios, pues<br>cuento con diferentes puntos de inter\u00e9s. Uno de ellos, los medios audiovisuales, especialmente en las bandas sonoras en el cine, como estas evocan emociones cargan de significados las experiencias visuales. Otro, las m\u00fasicas electr\u00f3nicas, como el techno, y sobre todo, los espacios diversos e inclusivos en los que estas suenan. Y por \u00faltimo, la m\u00fasica de las \u2018pandereteiras\u2019 de tradici\u00f3n gallega, ya que desde peque\u00f1a me he visto involucrada en ella. Siento que mi coraz\u00f3n est\u00e1 dividido en tres campos diferentes. Adem\u00e1s, abordar cualquiera de estas posibilidades desde una perspectiva de g\u00e9nero ser\u00e1 de crucial importancia, as\u00ed como desde el compromiso con la equidad y la diversidad. Independientemente del camino que elija, estoy segura de que dedicar\u00e9 todo mi esfuerzo y entusiasmo a mi elecci\u00f3n.<\/p>\n\n\n\n<div class=\"wp-block-media-text is-stacked-on-mobile\"><figure class=\"wp-block-media-text__media\"><img loading=\"lazy\" decoding=\"async\" width=\"1024\" height=\"683\" src=\"https:\/\/webs.uab.cat\/popfem\/wp-content\/uploads\/sites\/455\/2024\/05\/Sara-Arenillas-POPFEM-1024x683.jpg\" alt=\"\" class=\"wp-image-88 size-full\" srcset=\"https:\/\/webs.uab.cat\/popfem\/wp-content\/uploads\/sites\/455\/2024\/05\/Sara-Arenillas-POPFEM-1024x683.jpg 1024w, https:\/\/webs.uab.cat\/popfem\/wp-content\/uploads\/sites\/455\/2024\/05\/Sara-Arenillas-POPFEM-300x200.jpg 300w, https:\/\/webs.uab.cat\/popfem\/wp-content\/uploads\/sites\/455\/2024\/05\/Sara-Arenillas-POPFEM-768x512.jpg 768w, https:\/\/webs.uab.cat\/popfem\/wp-content\/uploads\/sites\/455\/2024\/05\/Sara-Arenillas-POPFEM-1536x1024.jpg 1536w, https:\/\/webs.uab.cat\/popfem\/wp-content\/uploads\/sites\/455\/2024\/05\/Sara-Arenillas-POPFEM-1200x800.jpg 1200w, https:\/\/webs.uab.cat\/popfem\/wp-content\/uploads\/sites\/455\/2024\/05\/Sara-Arenillas-POPFEM-1980x1320.jpg 1980w, https:\/\/webs.uab.cat\/popfem\/wp-content\/uploads\/sites\/455\/2024\/05\/Sara-Arenillas-POPFEM.jpg 2048w\" sizes=\"auto, (max-width: 1024px) 100vw, 1024px\" \/><\/figure><div class=\"wp-block-media-text__content\">\n<p>SARA ARENILLAS<\/p>\n<\/div><\/div>\n\n\n\n<p>Soy music\u00f3loga, materia que me entusiasm\u00f3 desde que a los trece a\u00f1os descubr\u00ed su existencia, ya que combinaba las dos cosas que m\u00e1s me apasionan en el mundo: los libros y la m\u00fasica. Me doctor\u00e9 en la Universidad de Oviedo gracias a la catedr\u00e1tica Celsa Alonso, y tambi\u00e9n tuve la suerte de hacer una estancia con el music\u00f3logo Stan Hawkins (que trabaja sobre masculinidades y queer en la m\u00fasica pop) en Noruega durante estos a\u00f1os. Debido, en parte, a mi pasi\u00f3n por David Bowie, mi tutora y yo decidimos escoger como tema de tesis la adaptaci\u00f3n del glam rock anglosaj\u00f3n al panorama espa\u00f1ol. Ello deriv\u00f3 en un estudio que trata de analizar la construcci\u00f3n de las masculinidades y la androginia dentro del contexto del rock nacional a lo largo de varias d\u00e9cadas. El trabajo fue premiado por la Fundaci\u00f3n SGAE y publicado por la Sociedad Espa\u00f1ola de Musicolog\u00eda como monograf\u00eda. He trabajado como docente en UNIR y actualmente contin\u00fao mi carrera como profesora en la Universidad de La Laguna, donde me tratan razonablemente bien y disfruto del clima y el paisaje de la maravillosa isla de Tenerife. Convencida de que a\u00fan nos queda mucho por hacer para alcanzar la igualdad real, sigo intentando estudiar c\u00f3mo opera y se articula la masculinidad a trav\u00e9s de la m\u00fasica \u2014en especial en el rock y el metal\u2014, ya que pienso que para entender verdaderamente el problema del heteropatriarcado es indispensable comprender en profundidad c\u00f3mo se construyen las identidades de g\u00e9nero que lo sustentan.<\/p>\n\n\n\n<div class=\"wp-block-media-text is-stacked-on-mobile\"><figure class=\"wp-block-media-text__media\"><img loading=\"lazy\" decoding=\"async\" width=\"720\" height=\"960\" src=\"https:\/\/webs.uab.cat\/popfem\/wp-content\/uploads\/sites\/455\/2024\/05\/12191047_10207180566168553_5693751635944496641_n.jpg\" alt=\"\" class=\"wp-image-151 size-full\" srcset=\"https:\/\/webs.uab.cat\/popfem\/wp-content\/uploads\/sites\/455\/2024\/05\/12191047_10207180566168553_5693751635944496641_n.jpg 720w, https:\/\/webs.uab.cat\/popfem\/wp-content\/uploads\/sites\/455\/2024\/05\/12191047_10207180566168553_5693751635944496641_n-225x300.jpg 225w\" sizes=\"auto, (max-width: 720px) 100vw, 720px\" \/><\/figure><div class=\"wp-block-media-text__content\">\n<p>ELENA HERRERA QUINTANA<\/p>\n<\/div><\/div>\n\n\n\n<p>Soy doctora en Sociolog\u00eda por la Universidad Complutense de Madrid, me especialic\u00e9 en Sociolog\u00eda de la Comunicaci\u00f3n y la Cultura. Despu\u00e9s de haber realizado un m\u00e1ster sobre Teor\u00eda y Cr\u00edtica de la Cultura en la Universiad Carlos III, y un posgrado en Comunicaci\u00f3n, tambi\u00e9n en la UCM, curs\u00e9 el doctorado y defend\u00ed mi tesis doctoral sobre la recepci\u00f3n y los discursos en torno a la obra de la artista Beyonc\u00e9, con especial hincapi\u00e9 en la cuesti\u00f3n feminista y antirracista que se desprende de su obra. En 2022 publiqu\u00e9 un monogr\u00e1fico sobre el mismo tema Editorial Dos Bigotes, especializada tem\u00e1tica LGTBI, feminismo y g\u00e9nero. Mientras intento sacar una plaza en la universidad, trabajo como responsable de proyectos de acci\u00f3n social en el tercer sector.<\/p>\n\n\n\n<div class=\"wp-block-media-text is-stacked-on-mobile\"><figure class=\"wp-block-media-text__media\"><img loading=\"lazy\" decoding=\"async\" width=\"685\" height=\"1024\" src=\"https:\/\/webs.uab.cat\/popfem\/wp-content\/uploads\/sites\/455\/2024\/05\/IMG-20230704-WA0046-685x1024.jpg\" alt=\"\" class=\"wp-image-96 size-full\" srcset=\"https:\/\/webs.uab.cat\/popfem\/wp-content\/uploads\/sites\/455\/2024\/05\/IMG-20230704-WA0046-685x1024.jpg 685w, https:\/\/webs.uab.cat\/popfem\/wp-content\/uploads\/sites\/455\/2024\/05\/IMG-20230704-WA0046-201x300.jpg 201w, https:\/\/webs.uab.cat\/popfem\/wp-content\/uploads\/sites\/455\/2024\/05\/IMG-20230704-WA0046-768x1147.jpg 768w, https:\/\/webs.uab.cat\/popfem\/wp-content\/uploads\/sites\/455\/2024\/05\/IMG-20230704-WA0046-1028x1536.jpg 1028w, https:\/\/webs.uab.cat\/popfem\/wp-content\/uploads\/sites\/455\/2024\/05\/IMG-20230704-WA0046.jpg 1071w\" sizes=\"auto, (max-width: 685px) 100vw, 685px\" \/><\/figure><div class=\"wp-block-media-text__content\">\n<p>LEYRE MARINAS<\/p>\n<\/div><\/div>\n\n\n\n<p>Soy doctora en periodismo e investigadora en el Departamento de Periodismo y Nuevos Medios de la Universidad Complutense de Madrid. Mi investigaci\u00f3n abarca temas relacionados con los medios de comunicaci\u00f3n, la cultura pop y los feminismos, lo que la ha llevado a realizar estancias de investigaci\u00f3n en la Universidad de Braga (Portugal) y la Universidad de Groningen (Pa\u00edses Bajos). Actualmente trabajo como investigadora del grupo de investigaci\u00f3n Sound &amp; City de la Universitat Aut\u00f2noma de Barcelona y en el proyecto de I+D \u201cPOPFEM XXI: M\u00fasica popular y feminismos en Espa\u00f1a: estrategias, conflictos y desaf\u00edos de las mujeres en las pr\u00e1cticas musicales urbanas (2000-2023)\u201d del Departamento de Musicolog\u00eda de la UAB para estudiar la mediatizaci\u00f3n de la m\u00fasica popular y la cultura pop.<\/p>\n\n\n\n<div class=\"wp-block-media-text is-stacked-on-mobile\"><figure class=\"wp-block-media-text__media\"><img loading=\"lazy\" decoding=\"async\" width=\"400\" height=\"400\" src=\"https:\/\/webs.uab.cat\/popfem\/wp-content\/uploads\/sites\/455\/2024\/05\/WhatsApp-Image-2024-05-28-at-11.09.28-1.jpeg\" alt=\"\" class=\"wp-image-116 size-full\" srcset=\"https:\/\/webs.uab.cat\/popfem\/wp-content\/uploads\/sites\/455\/2024\/05\/WhatsApp-Image-2024-05-28-at-11.09.28-1.jpeg 400w, https:\/\/webs.uab.cat\/popfem\/wp-content\/uploads\/sites\/455\/2024\/05\/WhatsApp-Image-2024-05-28-at-11.09.28-1-300x300.jpeg 300w, https:\/\/webs.uab.cat\/popfem\/wp-content\/uploads\/sites\/455\/2024\/05\/WhatsApp-Image-2024-05-28-at-11.09.28-1-150x150.jpeg 150w\" sizes=\"auto, (max-width: 400px) 100vw, 400px\" \/><\/figure><div class=\"wp-block-media-text__content\">\n<p>PAU AGUILERA<\/p>\n<\/div><\/div>\n\n\n\n<p>Soy graduada en Estudios Ingleses y curs\u00e9 un m\u00e1ster en Literatura Comparada y Estudios Culturales en el cual inici\u00e9 una investigaci\u00f3n acerca de la escena trap nacional y la representaci\u00f3n de las masculinidades en esta. Actualmente, estoy como investigadora predoctoral en musicolog\u00eda en la Universidad Aut\u00f3noma de Barcelona, con una tesis centrada en el estudio de la construcci\u00f3n de las identidades no binarias en las pr\u00e1cticas musicales online. He participado en varios congresos nacionales e internacionales y est\u00e1 en proceso de publicar diversos art\u00edculos sobre disidencias y espacios virtuales.<\/p>\n\n\n\n<div class=\"wp-block-media-text is-stacked-on-mobile\"><figure class=\"wp-block-media-text__media\"><img loading=\"lazy\" decoding=\"async\" width=\"576\" height=\"1024\" src=\"https:\/\/webs.uab.cat\/popfem\/wp-content\/uploads\/sites\/455\/2024\/05\/WhatsApp-Image-2024-05-28-at-10.57.12-576x1024.jpeg\" alt=\"\" class=\"wp-image-98 size-full\" srcset=\"https:\/\/webs.uab.cat\/popfem\/wp-content\/uploads\/sites\/455\/2024\/05\/WhatsApp-Image-2024-05-28-at-10.57.12-576x1024.jpeg 576w, https:\/\/webs.uab.cat\/popfem\/wp-content\/uploads\/sites\/455\/2024\/05\/WhatsApp-Image-2024-05-28-at-10.57.12-169x300.jpeg 169w, https:\/\/webs.uab.cat\/popfem\/wp-content\/uploads\/sites\/455\/2024\/05\/WhatsApp-Image-2024-05-28-at-10.57.12-768x1365.jpeg 768w, https:\/\/webs.uab.cat\/popfem\/wp-content\/uploads\/sites\/455\/2024\/05\/WhatsApp-Image-2024-05-28-at-10.57.12-864x1536.jpeg 864w, https:\/\/webs.uab.cat\/popfem\/wp-content\/uploads\/sites\/455\/2024\/05\/WhatsApp-Image-2024-05-28-at-10.57.12.jpeg 1080w\" sizes=\"auto, (max-width: 576px) 100vw, 576px\" \/><\/figure><div class=\"wp-block-media-text__content\">\n<p>\u00c0LEC ARRIBAS<\/p>\n<\/div><\/div>\n\n\n\n<p>Soy graduado en Musicolog\u00eda y actualmente estudiante predoctoral en la Universitat Aut\u00f2noma de Barcelona (UAB),  adem\u00e1s de m\u00fasico de forma amateur. He participado en congresos y encuentros en ciudades espa\u00f1olas como Barcelona y Val\u00e8ncia, y mi investigaci\u00f3n se centra en las relaciones entre las narrativas culturales y nacionales y los discursos de g\u00e9nero en la m\u00fasica valenciana contempor\u00e1nea<\/p>\n","protected":false},"excerpt":{"rendered":"<p>TERESA L\u00d3PEZ CASTILLA Ante todo soy una feminista queer que desde que tiene uso de \u201clocura\u201d piensa la m\u00fasica para reescribir sus historias y discursos con esa visi\u00f3n. Para eso, decid\u00ed primero licenciarme en Historia y CC. de la M\u00fasica (Universidad de Granada, 2005), y despu\u00e9s doctorarme en 2015 (Universidad de la Rioja). En ese [&hellip;]<\/p>\n","protected":false},"author":2831,"featured_media":0,"parent":0,"menu_order":0,"comment_status":"closed","ping_status":"closed","template":"","meta":{"footnotes":""},"class_list":["post-110","page","type-page","status-publish","hentry"],"_links":{"self":[{"href":"https:\/\/webs.uab.cat\/popfem\/wp-json\/wp\/v2\/pages\/110","targetHints":{"allow":["GET"]}}],"collection":[{"href":"https:\/\/webs.uab.cat\/popfem\/wp-json\/wp\/v2\/pages"}],"about":[{"href":"https:\/\/webs.uab.cat\/popfem\/wp-json\/wp\/v2\/types\/page"}],"author":[{"embeddable":true,"href":"https:\/\/webs.uab.cat\/popfem\/wp-json\/wp\/v2\/users\/2831"}],"replies":[{"embeddable":true,"href":"https:\/\/webs.uab.cat\/popfem\/wp-json\/wp\/v2\/comments?post=110"}],"version-history":[{"count":4,"href":"https:\/\/webs.uab.cat\/popfem\/wp-json\/wp\/v2\/pages\/110\/revisions"}],"predecessor-version":[{"id":152,"href":"https:\/\/webs.uab.cat\/popfem\/wp-json\/wp\/v2\/pages\/110\/revisions\/152"}],"wp:attachment":[{"href":"https:\/\/webs.uab.cat\/popfem\/wp-json\/wp\/v2\/media?parent=110"}],"curies":[{"name":"wp","href":"https:\/\/api.w.org\/{rel}","templated":true}]}}