{"id":120,"date":"2024-05-28T12:03:21","date_gmt":"2024-05-28T10:03:21","guid":{"rendered":"https:\/\/webs.uab.cat\/popfem\/?page_id=120"},"modified":"2024-06-13T18:20:05","modified_gmt":"2024-06-13T16:20:05","slug":"internacionalizacion","status":"publish","type":"page","link":"https:\/\/webs.uab.cat\/popfem\/internacionalizacion\/","title":{"rendered":"Internacionalizaci\u00f3n"},"content":{"rendered":"\n<p>Mapa interactivo con las universidades, centros de investigaci\u00f3n, departamentos, etc., como espacios seguros de trabajo.<\/p>\n\n\n\n<p class=\"has-text-align-center\">&#8211; <strong>P\u00c1GINA EN PROCESO DE ACTUALIZACI\u00d3N<\/strong> &#8211;<\/p>\n","protected":false},"excerpt":{"rendered":"<p>Mapa interactivo con las universidades, centros de investigaci\u00f3n, departamentos, etc., como espacios seguros de trabajo. &#8211; P\u00c1GINA EN PROCESO DE ACTUALIZACI\u00d3N &#8211;<\/p>\n","protected":false},"author":2831,"featured_media":0,"parent":0,"menu_order":0,"comment_status":"closed","ping_status":"closed","template":"","meta":{"footnotes":""},"class_list":["post-120","page","type-page","status-publish","hentry"],"_links":{"self":[{"href":"https:\/\/webs.uab.cat\/popfem\/wp-json\/wp\/v2\/pages\/120","targetHints":{"allow":["GET"]}}],"collection":[{"href":"https:\/\/webs.uab.cat\/popfem\/wp-json\/wp\/v2\/pages"}],"about":[{"href":"https:\/\/webs.uab.cat\/popfem\/wp-json\/wp\/v2\/types\/page"}],"author":[{"embeddable":true,"href":"https:\/\/webs.uab.cat\/popfem\/wp-json\/wp\/v2\/users\/2831"}],"replies":[{"embeddable":true,"href":"https:\/\/webs.uab.cat\/popfem\/wp-json\/wp\/v2\/comments?post=120"}],"version-history":[{"count":3,"href":"https:\/\/webs.uab.cat\/popfem\/wp-json\/wp\/v2\/pages\/120\/revisions"}],"predecessor-version":[{"id":158,"href":"https:\/\/webs.uab.cat\/popfem\/wp-json\/wp\/v2\/pages\/120\/revisions\/158"}],"wp:attachment":[{"href":"https:\/\/webs.uab.cat\/popfem\/wp-json\/wp\/v2\/media?parent=120"}],"curies":[{"name":"wp","href":"https:\/\/api.w.org\/{rel}","templated":true}]}}