{"id":121,"date":"2024-05-28T12:03:21","date_gmt":"2024-05-28T10:03:21","guid":{"rendered":"https:\/\/webs.uab.cat\/popfem\/?page_id=121"},"modified":"2024-05-28T12:05:25","modified_gmt":"2024-05-28T10:05:25","slug":"proyecto-de-id-2021-2024","status":"publish","type":"page","link":"https:\/\/webs.uab.cat\/popfem\/proyecto-de-id-2021-2024\/","title":{"rendered":"Proyecto de I+D (2021-2024)"},"content":{"rendered":"\n<p><\/p>\n\n\n\n<h2 class=\"wp-block-heading\">POPFEM-XXI<\/h2>\n\n\n\n<p class=\"has-text-align-left\">El proyecto <strong>M\u00fasica popular urbana y feminismos en Espa\u00f1a: estrategias, conflictos y retos de las mujeres en las pr\u00e1cticas musicales contempor\u00e1neas (2000-2023)<\/strong> tiene por objeto examinar las pr\u00e1cticas de la m\u00fasica popular urbana actual desde un posicionamiento feminista a partir de: <\/p>\n\n\n\n<p class=\"has-text-align-left\">a) la revisi\u00f3n te\u00f3rica de los principales aportes de los feminismos recientes con el fin de complementar las lecturas cl\u00e1sicas de los estudios de m\u00fasica popular y g\u00e9nero <\/p>\n\n\n\n<p class=\"has-text-align-left\">b) el estudio de casos de circulaci\u00f3n <em>mainstream <\/em>de gran repercusi\u00f3n medi\u00e1tica en los \u00faltimos a\u00f1os (Beyonc\u00e9, Rosal\u00eda, La Zowi, Maluma, Bad Bunny, Lizzo, Nicki Minaj, Princess Nokia etc.)<\/p>\n\n\n\n<p class=\"has-text-align-left\">c) la etnograf\u00eda de casos en escenas alternativas en Espa\u00f1a basada en iniciativas seleccionadas entre los festivales y encuentros que se celebran en diversos puntos del pa\u00eds. Con ello pretendemos realizar un estudio multidisciplinar y multisituado de las principales pr\u00e1cticas, din\u00e1micas y producciones sonoras de la m\u00fasica popular urbana en la Espa\u00f1a actual con una perspectiva cr\u00edtica de g\u00e9nero. La etnograf\u00eda en vivo y virtual, el an\u00e1lisis documental y de contenido con herramientas CAQDAS, y la discusi\u00f3n de casos ser\u00e1n la base del an\u00e1lisis de los conflictos y retos de las mujeres en la pr\u00e1ctica musical actual. <\/p>\n\n\n\n<p class=\"has-text-align-left\">Adem\u00e1s del avance te\u00f3rico imprescindible para profundizar en las relaciones de m\u00fasica popular urbana y g\u00e9nero, el proyecto tiene un compromiso con la transformaci\u00f3n social del entorno mediante la colaboraci\u00f3n en iniciativas de visibilizaci\u00f3n de int\u00e9rpretes y creadoras. Estas acciones, impulsadas desde distintos colectivos con\u202f una larga trayectoria militante, responden a desaf\u00edos estructurales pero han vivido dificultades crecientes a ra\u00edz del bloqueo pr\u00e1cticamente total de la actividad musical en vivo a consecuencia de la pandemia de COVID-19.&nbsp;<\/p>\n","protected":false},"excerpt":{"rendered":"<p>POPFEM-XXI El proyecto M\u00fasica popular urbana y feminismos en Espa\u00f1a: estrategias, conflictos y retos de las mujeres en las pr\u00e1cticas musicales contempor\u00e1neas (2000-2023) tiene por objeto examinar las pr\u00e1cticas de la m\u00fasica popular urbana actual desde un posicionamiento feminista a partir de: a) la revisi\u00f3n te\u00f3rica de los principales aportes de los feminismos recientes con [&hellip;]<\/p>\n","protected":false},"author":2831,"featured_media":0,"parent":0,"menu_order":0,"comment_status":"closed","ping_status":"closed","template":"","meta":{"footnotes":""},"class_list":["post-121","page","type-page","status-publish","hentry"],"_links":{"self":[{"href":"https:\/\/webs.uab.cat\/popfem\/wp-json\/wp\/v2\/pages\/121","targetHints":{"allow":["GET"]}}],"collection":[{"href":"https:\/\/webs.uab.cat\/popfem\/wp-json\/wp\/v2\/pages"}],"about":[{"href":"https:\/\/webs.uab.cat\/popfem\/wp-json\/wp\/v2\/types\/page"}],"author":[{"embeddable":true,"href":"https:\/\/webs.uab.cat\/popfem\/wp-json\/wp\/v2\/users\/2831"}],"replies":[{"embeddable":true,"href":"https:\/\/webs.uab.cat\/popfem\/wp-json\/wp\/v2\/comments?post=121"}],"version-history":[{"count":2,"href":"https:\/\/webs.uab.cat\/popfem\/wp-json\/wp\/v2\/pages\/121\/revisions"}],"predecessor-version":[{"id":134,"href":"https:\/\/webs.uab.cat\/popfem\/wp-json\/wp\/v2\/pages\/121\/revisions\/134"}],"wp:attachment":[{"href":"https:\/\/webs.uab.cat\/popfem\/wp-json\/wp\/v2\/media?parent=121"}],"curies":[{"name":"wp","href":"https:\/\/api.w.org\/{rel}","templated":true}]}}