{"id":122,"date":"2024-05-28T12:03:21","date_gmt":"2024-05-28T10:03:21","guid":{"rendered":"https:\/\/webs.uab.cat\/popfem\/?page_id=122"},"modified":"2024-06-13T18:21:03","modified_gmt":"2024-06-13T16:21:03","slug":"redes-academicas","status":"publish","type":"page","link":"https:\/\/webs.uab.cat\/popfem\/redes-academicas\/","title":{"rendered":"Redes Acad\u00e9micas"},"content":{"rendered":"\n<p>En este apartado aparecer\u00e1n todas aquellas personas vinculadas a la academia con las que hemos creado una red de apoyo, trabajo y cuidados dentro de la investigaci\u00f3n.<\/p>\n\n\n\n<p class=\"has-text-align-center\">&#8211; <strong>P\u00c1GINA EN PROCESO DE ACTUALIZACI\u00d3N<\/strong> &#8211;<\/p>\n\n\n\n<p><\/p>\n","protected":false},"excerpt":{"rendered":"<p>En este apartado aparecer\u00e1n todas aquellas personas vinculadas a la academia con las que hemos creado una red de apoyo, trabajo y cuidados dentro de la investigaci\u00f3n. &#8211; P\u00c1GINA EN PROCESO DE ACTUALIZACI\u00d3N &#8211;<\/p>\n","protected":false},"author":2831,"featured_media":0,"parent":0,"menu_order":0,"comment_status":"closed","ping_status":"closed","template":"","meta":{"footnotes":""},"class_list":["post-122","page","type-page","status-publish","hentry"],"_links":{"self":[{"href":"https:\/\/webs.uab.cat\/popfem\/wp-json\/wp\/v2\/pages\/122","targetHints":{"allow":["GET"]}}],"collection":[{"href":"https:\/\/webs.uab.cat\/popfem\/wp-json\/wp\/v2\/pages"}],"about":[{"href":"https:\/\/webs.uab.cat\/popfem\/wp-json\/wp\/v2\/types\/page"}],"author":[{"embeddable":true,"href":"https:\/\/webs.uab.cat\/popfem\/wp-json\/wp\/v2\/users\/2831"}],"replies":[{"embeddable":true,"href":"https:\/\/webs.uab.cat\/popfem\/wp-json\/wp\/v2\/comments?post=122"}],"version-history":[{"count":3,"href":"https:\/\/webs.uab.cat\/popfem\/wp-json\/wp\/v2\/pages\/122\/revisions"}],"predecessor-version":[{"id":159,"href":"https:\/\/webs.uab.cat\/popfem\/wp-json\/wp\/v2\/pages\/122\/revisions\/159"}],"wp:attachment":[{"href":"https:\/\/webs.uab.cat\/popfem\/wp-json\/wp\/v2\/media?parent=122"}],"curies":[{"name":"wp","href":"https:\/\/api.w.org\/{rel}","templated":true}]}}