{"id":1059,"date":"2026-01-08T14:17:01","date_gmt":"2026-01-08T14:17:01","guid":{"rendered":"https:\/\/webs.uab.cat\/porcino\/?page_id=1059"},"modified":"2026-01-08T14:17:01","modified_gmt":"2026-01-08T14:17:01","slug":"comunicaciones","status":"publish","type":"page","link":"https:\/\/webs.uab.cat\/porcino\/comunicaciones\/","title":{"rendered":"COMUNICACIONES"},"content":{"rendered":"\n<h2 class=\"wp-block-heading alignfull has-text-align-center has-verd-tropic-color has-text-color has-link-color has-normal-font-size wp-elements-24d1ce873fd4f8c5827909571dcce8f3\"> <strong>COMUNICADO OFICIAL<\/strong> <strong>JORNADAS DE PORCINO DE LA UAB Y LA AVPC<\/strong><\/h2>\n\n\n\n<div class=\"wp-block-columns is-layout-flex wp-container-core-columns-is-layout-9d6595d7 wp-block-columns-is-layout-flex\">\n<div class=\"wp-block-column is-layout-flow wp-block-column-is-layout-flow\">\n<p>Fecha: 15 diciembre 2025<\/p>\n\n\n\n<p>La comisi\u00f3n organizadora de las <strong>XXVIII Jornadas de Porcino de la UAB y la AVPC<\/strong> que se celebrar\u00e1n los pr\u00f3ximos <strong>28, 29 y 30 de enero de 2026<\/strong> informa que, debido a ajustes en la planificaci\u00f3n, y de manera circunstancial y excepcional, <strong>las sesiones de Talleres (28 enero) y Jornadas (29 y 30 enero) cambiar\u00e1n su ubicaci\u00f3n. &nbsp;<\/strong><\/p>\n\n\n\n<p>Asimismo, <strong>est\u00e1 previsto introducir modificaciones en el programa de las Jornadas<\/strong>, respondiendo a la necesidad de adaptar los contenidos al contexto actual marcado por el reciente brote de Peste Porcina Africana (PPA).<\/p>\n\n\n\n<p>Tanto la informaci\u00f3n relativa a la nueva localizaci\u00f3n como las actualizaciones del programa ser\u00e1n publicadas en la <strong>p\u00e1gina web oficial<\/strong>: <a href=\"https:\/\/webs.uab.cat\/porcino\/\">https:\/\/webs.uab.cat\/porcino\/<\/a><\/p>\n\n\n\n<p>Una vez se abra el <strong>periodo de inscripci\u00f3n,<\/strong> los participantes recibir\u00e1n igualmente todos los detalles necesarios para su acceso.<\/p>\n\n\n\n<p>Agradecemos la comprensi\u00f3n y colaboraci\u00f3n de quienes siguen la organizaci\u00f3n del evento, y reiteramos nuestro compromiso con la calidad y el buen desarrollo de las Jornadas de Porcino de la UAB y AVPC.<\/p>\n\n\n\n<p>Atentamente.<\/p>\n\n\n\n<p>Comisi\u00f3n organizadora Jornadas de Porcino de la UAB y la AVPC<\/p>\n<\/div>\n\n\n\n<div class=\"wp-block-column is-layout-flow wp-block-column-is-layout-flow\">\n<p>Data: 15 de desembre de 2025<\/p>\n\n\n\n<p>La comissi\u00f3 organitzadora<strong> <\/strong>de les<strong> XXVIII Jornades de Porc\u00ed de la UAB i l\u2019AVPC<\/strong>, que se celebraran els propers <strong>28, 29 i 30 de gener de 2026<\/strong>, informa que, a causa d\u2019ajustos en la planificaci\u00f3, i de manera circumstancial i excepcional, les sessions de <strong>Tallers (28 de gener)<\/strong> i <strong>Jornades (29 i 30 de gener)<\/strong> <strong>canviaran la seva ubicaci\u00f3<\/strong>.<\/p>\n\n\n\n<p>Aix\u00ed mateix,<strong> est\u00e0 previst introduir modificacions en el programa de les Jornades<\/strong>, responent a la necessitat d\u2019adaptar els continguts al context actual marcat pel recent brot de Pesta Porcina Africana (PPA).<\/p>\n\n\n\n<p>Tant la informaci\u00f3 relativa a la nova localitzaci\u00f3 com les actualitzacions del programa es publicaran a la <strong>p\u00e0gina web oficial<\/strong>:<br><a href=\"https:\/\/webs.uab.cat\/porcino\/\">https:\/\/webs.uab.cat\/porcino\/<\/a><\/p>\n\n\n\n<p>Un cop s\u2019obri el <strong>per\u00edode d\u2019inscripci\u00f3<\/strong>, els participants rebran igualment tots els detalls necessaris per a l\u2019acc\u00e9s.<\/p>\n\n\n\n<p>Agra\u00efm la comprensi\u00f3 i la col\u00b7laboraci\u00f3 de totes les persones que segueixen l\u2019organitzaci\u00f3 de l\u2019esdeveniment, i reiterem el nostre comprom\u00eds amb la qualitat i el bon desenvolupament de les <strong>Jornades de Porc\u00ed de la UAB i l\u2019AVPC<\/strong>.<\/p>\n\n\n\n<p>Atentament. <\/p>\n\n\n\n<p>Comissi\u00f3 Organitzadora Jornades de Porc\u00ed de la UAB i l\u2019AVPC<\/p>\n<\/div>\n<\/div>\n","protected":false},"excerpt":{"rendered":"<p>COMUNICADO OFICIAL JORNADAS DE PORCINO DE LA UAB Y LA AVPC Fecha: 15 diciembre 2025 La comisi\u00f3n organizadora de las XXVIII Jornadas de Porcino de la UAB y la AVPC que se celebrar\u00e1n los pr\u00f3ximos 28, 29 y 30 de enero de 2026 informa que, debido a ajustes en la planificaci\u00f3n, y de manera circunstancial [&hellip;]<\/p>\n","protected":false},"author":2692,"featured_media":0,"parent":0,"menu_order":0,"comment_status":"closed","ping_status":"closed","template":"","meta":{"footnotes":""},"class_list":["post-1059","page","type-page","status-publish","hentry"],"_links":{"self":[{"href":"https:\/\/webs.uab.cat\/porcino\/wp-json\/wp\/v2\/pages\/1059","targetHints":{"allow":["GET"]}}],"collection":[{"href":"https:\/\/webs.uab.cat\/porcino\/wp-json\/wp\/v2\/pages"}],"about":[{"href":"https:\/\/webs.uab.cat\/porcino\/wp-json\/wp\/v2\/types\/page"}],"author":[{"embeddable":true,"href":"https:\/\/webs.uab.cat\/porcino\/wp-json\/wp\/v2\/users\/2692"}],"replies":[{"embeddable":true,"href":"https:\/\/webs.uab.cat\/porcino\/wp-json\/wp\/v2\/comments?post=1059"}],"version-history":[{"count":1,"href":"https:\/\/webs.uab.cat\/porcino\/wp-json\/wp\/v2\/pages\/1059\/revisions"}],"predecessor-version":[{"id":1061,"href":"https:\/\/webs.uab.cat\/porcino\/wp-json\/wp\/v2\/pages\/1059\/revisions\/1061"}],"wp:attachment":[{"href":"https:\/\/webs.uab.cat\/porcino\/wp-json\/wp\/v2\/media?parent=1059"}],"curies":[{"name":"wp","href":"https:\/\/api.w.org\/{rel}","templated":true}]}}