{"id":50,"date":"2009-05-14T11:52:07","date_gmt":"2009-05-14T11:52:07","guid":{"rendered":"https:\/\/webs.uab.cat\/porcino\/alojamiento\/"},"modified":"2026-01-09T15:29:21","modified_gmt":"2026-01-09T15:29:21","slug":"alojamiento","status":"publish","type":"page","link":"https:\/\/webs.uab.cat\/porcino\/alojamiento\/","title":{"rendered":"Alojamiento"},"content":{"rendered":"\n<p>En las proximidades de la sede de las jornadas se encuentran <strong>diversos hoteles y opciones de alojamiento<\/strong>, con distintas categor\u00edas y precios, que facilitan la estancia de los asistentes.<\/p>\n\n\n\n<p>Todos ellos est\u00e1n <strong>bien comunicados y situados a poca distancia del lugar del evento<\/strong>, lo que permite un acceso c\u00f3modo y r\u00e1pido durante los d\u00edas de celebraci\u00f3n de las jornadas.<\/p>\n\n\n\n<p>Se recomienda realizar la reserva con antelaci\u00f3n. <\/p>\n\n\n\n<p><strong>Urban Sabadell 2<\/strong><br>\ud83d\udccd Passatge de Joan XXIII, 5, 08201 Sabadell, Barcelona, Spain<\/p>\n\n\n\n<p><strong>Urban Sabadell<\/strong><br>\ud83d\udccd Ronda de Zamenhof, 21, 08201 Sabadell, Barcelona, Spain<\/p>\n\n\n\n<p><strong>Hotel Catalonia Sabadell<\/strong><br>\ud83d\udccd Pla\u00e7a de Catalunya, 10-12, 08206 Sabadell, Barcelona, Spain<\/p>\n\n\n\n<p><strong>Catalonia Gran Hotel Verdi<\/strong><br>\ud83d\udccd Av. de Francesc Maci\u00e0, 62, 08208 Sabadell, Barcelona, Spain<\/p>\n\n\n\n<p><strong>Hotel Urp\u00ed<\/strong><br>\ud83d\udccd Carrer de Sant Maties, 5, 08208 Sabadell, Barcelona, Spain<\/p>\n","protected":false},"excerpt":{"rendered":"<p>En las proximidades de la sede de las jornadas se encuentran diversos hoteles y opciones de alojamiento, con distintas categor\u00edas y precios, que facilitan la estancia de los asistentes. Todos ellos est\u00e1n bien comunicados y situados a poca distancia del lugar del evento, lo que permite un acceso c\u00f3modo y r\u00e1pido durante los d\u00edas de [&hellip;]<\/p>\n","protected":false},"author":20,"featured_media":0,"parent":0,"menu_order":0,"comment_status":"closed","ping_status":"closed","template":"","meta":{"footnotes":""},"class_list":["post-50","page","type-page","status-publish","hentry"],"_links":{"self":[{"href":"https:\/\/webs.uab.cat\/porcino\/wp-json\/wp\/v2\/pages\/50","targetHints":{"allow":["GET"]}}],"collection":[{"href":"https:\/\/webs.uab.cat\/porcino\/wp-json\/wp\/v2\/pages"}],"about":[{"href":"https:\/\/webs.uab.cat\/porcino\/wp-json\/wp\/v2\/types\/page"}],"author":[{"embeddable":true,"href":"https:\/\/webs.uab.cat\/porcino\/wp-json\/wp\/v2\/users\/20"}],"replies":[{"embeddable":true,"href":"https:\/\/webs.uab.cat\/porcino\/wp-json\/wp\/v2\/comments?post=50"}],"version-history":[{"count":5,"href":"https:\/\/webs.uab.cat\/porcino\/wp-json\/wp\/v2\/pages\/50\/revisions"}],"predecessor-version":[{"id":1071,"href":"https:\/\/webs.uab.cat\/porcino\/wp-json\/wp\/v2\/pages\/50\/revisions\/1071"}],"wp:attachment":[{"href":"https:\/\/webs.uab.cat\/porcino\/wp-json\/wp\/v2\/media?parent=50"}],"curies":[{"name":"wp","href":"https:\/\/api.w.org\/{rel}","templated":true}]}}