{"id":51,"date":"2012-01-11T18:13:47","date_gmt":"2012-01-11T18:13:47","guid":{"rendered":"https:\/\/webs.uab.cat\/porcino\/programa-jornadas-porcino\/"},"modified":"2026-03-24T12:45:12","modified_gmt":"2026-03-24T12:45:12","slug":"programa-jornadas-porcino","status":"publish","type":"page","link":"https:\/\/webs.uab.cat\/porcino\/","title":{"rendered":""},"content":{"rendered":"\n<h2 data-wp-context---core-fit-text=\"core\/fit-text::{&quot;fontSize&quot;:&quot;&quot;}\" data-wp-init---core-fit-text=\"core\/fit-text::callbacks.init\" data-wp-interactive data-wp-style--font-size=\"core\/fit-text::context.fontSize\" class=\"wp-block-heading alignfull has-text-align-center has-fit-text has-verd-tropic-color has-text-color has-link-color wp-elements-9293771423e580f6166be6d3d936ca70\">PROGRAMA XXVIII JORNADAS DE PORCINO<\/h2>\n\n\n\n<p><\/p>\n\n\n\n<h2 class=\"wp-block-heading alignfull has-verd-tropic-color has-text-color has-large-font-size\"><strong>28 enero<\/strong> &#8211; Fundaci\u00f3 1859 Espai Cultura | Aulas Espai Cultura<\/h2>\n\n\n\n<p><strong>15:30-16:00<\/strong>&nbsp;| <strong>ACREDITACIONES Y BIENVENIDA <\/strong><\/p>\n\n\n\n<p><strong>16:00-19:00<\/strong> |&nbsp;<strong>TALLERES<\/strong> *Plazas limitadas a 20 personas por taller*<\/p>\n\n\n\n<details class=\"wp-block-mamaduka-toggles wp-block-toggles\"><summary><strong><strong>MANEJO EN BANDAS. OPCIONES PARA MEJORAR LA ESTABILIDAD SANITARIA<\/strong><\/strong>. Carles Casanovas (Ceva). -Consulta el contenido del taller-<\/summary><div class=\"wp-block-toggles__content\">\n<div data-wp-interactive=\"core\/file\" class=\"wp-block-file\"><object data-wp-bind--hidden=\"!state.hasPdfPreview\" hidden class=\"wp-block-file__embed\" data=\"https:\/\/webs.uab.cat\/porcino\/wp-content\/uploads\/sites\/379\/2026\/01\/MANEJO-EN-BANDAS.-OPCIONES-PARA-MEJORAR-LA-ESTABILIDAD-SANITARIA_Presentacion-taller-1.pdf\" type=\"application\/pdf\" style=\"width:100%;height:600px\" aria-label=\"Incrustado de MANEJO EN BANDAS. OPCIONES PARA MEJORAR LA ESTABILIDAD SANITARIA_Presentaci\u00f3n taller.\"><\/object><a id=\"wp-block-file--media-3447db38-34da-4f55-953c-83462b51524d\" href=\"https:\/\/webs.uab.cat\/porcino\/wp-content\/uploads\/sites\/379\/2026\/01\/MANEJO-EN-BANDAS.-OPCIONES-PARA-MEJORAR-LA-ESTABILIDAD-SANITARIA_Presentacion-taller-1.pdf\">MANEJO EN BANDAS. OPCIONES PARA MEJORAR LA ESTABILIDAD SANITARIA_Presentaci\u00f3n taller<\/a><a href=\"https:\/\/webs.uab.cat\/porcino\/wp-content\/uploads\/sites\/379\/2026\/01\/MANEJO-EN-BANDAS.-OPCIONES-PARA-MEJORAR-LA-ESTABILIDAD-SANITARIA_Presentacion-taller-1.pdf\" class=\"wp-block-file__button wp-element-button\" download aria-describedby=\"wp-block-file--media-3447db38-34da-4f55-953c-83462b51524d\">Descarga<\/a><\/div>\n<\/div><\/details>\n\n\n\n<details class=\"wp-block-mamaduka-toggles wp-block-toggles\"><summary><strong><strong>IMPORTANCIA ECON\u00d3MICA DE LA MORTALIDAD DE CERDAS<\/strong><\/strong><br>Josep Font y Just Font (SIP Consultors). -Consulta el contenido del taller- <\/summary><div class=\"wp-block-toggles__content\">\n<div data-wp-interactive=\"core\/file\" class=\"wp-block-file\"><object data-wp-bind--hidden=\"!state.hasPdfPreview\" hidden class=\"wp-block-file__embed\" data=\"https:\/\/webs.uab.cat\/porcino\/wp-content\/uploads\/sites\/379\/2026\/01\/IMPORTANCIA-ECONOMICA-DE-LA-MORTALIDAD-DE-CERDAS_Presentacion-taller-1.pdf\" type=\"application\/pdf\" style=\"width:100%;height:600px\" aria-label=\"Incrustado de IMPORTANCIA ECON\u00d3MICA DE LA MORTALIDAD DE CERDAS_Presentaci\u00f3n taller.\"><\/object><a id=\"wp-block-file--media-db83a6c0-ccde-4cad-a1d3-c22d76d7f489\" href=\"https:\/\/webs.uab.cat\/porcino\/wp-content\/uploads\/sites\/379\/2026\/01\/IMPORTANCIA-ECONOMICA-DE-LA-MORTALIDAD-DE-CERDAS_Presentacion-taller-1.pdf\">IMPORTANCIA ECON\u00d3MICA DE LA MORTALIDAD DE CERDAS_Presentaci\u00f3n taller<\/a><a href=\"https:\/\/webs.uab.cat\/porcino\/wp-content\/uploads\/sites\/379\/2026\/01\/IMPORTANCIA-ECONOMICA-DE-LA-MORTALIDAD-DE-CERDAS_Presentacion-taller-1.pdf\" class=\"wp-block-file__button wp-element-button\" download aria-describedby=\"wp-block-file--media-db83a6c0-ccde-4cad-a1d3-c22d76d7f489\">Descarga<\/a><\/div>\n<\/div><\/details>\n\n\n\n<details class=\"wp-block-mamaduka-toggles wp-block-toggles\"><summary><strong><strong>LIDERAR DESDE EL BIENESTAR EMOCIONAL<\/strong><\/strong>. Laura P\u00e9rez (Asesora Veterinaria del Sector Porcino &#8211; Directora T\u00e9cnica Porcinews). -Consulta el contenido del taller-  <\/summary><div class=\"wp-block-toggles__content\">\n<div data-wp-interactive=\"core\/file\" class=\"wp-block-file\"><object data-wp-bind--hidden=\"!state.hasPdfPreview\" hidden class=\"wp-block-file__embed\" data=\"https:\/\/webs.uab.cat\/porcino\/wp-content\/uploads\/sites\/379\/2026\/01\/LIDERAR-DESDE-EL-BIENESTAR-EMOCIONAL_Presentacion-taller-1.pdf\" type=\"application\/pdf\" style=\"width:100%;height:600px\" aria-label=\"Incrustado de LIDERAR DESDE EL BIENESTAR EMOCIONAL_Presentaci\u00f3n taller.\"><\/object><a id=\"wp-block-file--media-4bd38961-6b53-43eb-aa2f-fdde0d01da5a\" href=\"https:\/\/webs.uab.cat\/porcino\/wp-content\/uploads\/sites\/379\/2026\/01\/LIDERAR-DESDE-EL-BIENESTAR-EMOCIONAL_Presentacion-taller-1.pdf\">LIDERAR DESDE EL BIENESTAR EMOCIONAL_Presentaci\u00f3n taller<\/a><a href=\"https:\/\/webs.uab.cat\/porcino\/wp-content\/uploads\/sites\/379\/2026\/01\/LIDERAR-DESDE-EL-BIENESTAR-EMOCIONAL_Presentacion-taller-1.pdf\" class=\"wp-block-file__button wp-element-button\" download aria-describedby=\"wp-block-file--media-4bd38961-6b53-43eb-aa2f-fdde0d01da5a\">Descarga<\/a><\/div>\n<\/div><\/details>\n\n\n\n<details class=\"wp-block-mamaduka-toggles wp-block-toggles\"><summary><strong><strong>INTERPRETACI\u00d3N DE \u00cdNDICES T\u00c9CNICOS PRODUCTIVOS<\/strong><\/strong>. Enric Marco (Marco Vetgrup S.L.P). -Consulta el contenido del taller-<\/summary><div class=\"wp-block-toggles__content\">\n<div data-wp-interactive=\"core\/file\" class=\"wp-block-file\"><object data-wp-bind--hidden=\"!state.hasPdfPreview\" hidden class=\"wp-block-file__embed\" data=\"https:\/\/webs.uab.cat\/porcino\/wp-content\/uploads\/sites\/379\/2026\/01\/INTERPRETACION-DE-INDICES-TECNICOS-PRODUCTIVOS_Presentacion-taller-1.pdf\" type=\"application\/pdf\" style=\"width:100%;height:600px\" aria-label=\"Incrustado de INTERPRETACI\u00d3N DE \u00cdNDICES T\u00c9CNICOS PRODUCTIVOS_Presentaci\u00f3n taller.\"><\/object><a id=\"wp-block-file--media-29919192-f1c5-4dcf-980e-8ebfb9d9c43b\" href=\"https:\/\/webs.uab.cat\/porcino\/wp-content\/uploads\/sites\/379\/2026\/01\/INTERPRETACION-DE-INDICES-TECNICOS-PRODUCTIVOS_Presentacion-taller-1.pdf\">INTERPRETACI\u00d3N DE \u00cdNDICES T\u00c9CNICOS PRODUCTIVOS_Presentaci\u00f3n taller<\/a><a href=\"https:\/\/webs.uab.cat\/porcino\/wp-content\/uploads\/sites\/379\/2026\/01\/INTERPRETACION-DE-INDICES-TECNICOS-PRODUCTIVOS_Presentacion-taller-1.pdf\" class=\"wp-block-file__button wp-element-button\" download aria-describedby=\"wp-block-file--media-29919192-f1c5-4dcf-980e-8ebfb9d9c43b\">Descarga<\/a><\/div>\n<\/div><\/details>\n\n\n\n<h2 class=\"wp-block-heading alignfull has-verd-tropic-color has-text-color has-large-font-size\"><strong>29 enero<\/strong> &#8211; Fundaci\u00f3 1859 Espai Cultura | Auditori Gran <\/h2>\n\n\n\n<p><strong>9:00-9:30<\/strong> | <strong>ACREDITACIONES Y BIENVENIDA <\/strong><\/p>\n\n\n<p><strong>9:30-9:45 | INAUGURACI\u00d3N DE LAS JORNADAS <\/strong><\/p>\n<p>Josep Sol\u00e9 (AVPC) y David Sol\u00e0-Oriol (UAB SNiBA)<\/p>\n<p><strong>9:45-10:30 | PERSPECTIVA INTERNACIONAL DE LA PPA EN JABAL\u00cd Y SU INTERACCI\u00d3N CON EL CERDO DOM\u00c9STICO<\/strong><\/p>\n<p>Joaqu\u00edn Vicente (UCLM)\u00a0 Modera: Gerard Mart\u00edn\u00a0<\/p>\n<p><strong>10:30-11:15 | GESTI\u00d3N DE BROTES DE PPA EN JABAL\u00cd EN EUROPA\u00a0<\/strong><\/p>\n<p>Carme Rosell (Minuartia)\u00a0 Modera: Gerard Mart\u00edn\u00a0<\/p>\n<p><strong>11:15-11:45<\/strong> | <strong>PAUSA CAF\u00c9<\/strong><\/p>\n<p><strong>11:45 | IN MEMORIAM &#8211; <span data-teams=\"true\">Heleni Ma\u00f1\u00e9 Palau (Comisi\u00f3n Organizadora Jornadas de Porcino)\u00a0<\/span><\/strong><\/p>\n<p><span data-teams=\"true\">A cargo de Teresa Rigau<\/span><\/p>\n<p><strong>11:45-14:00 | MESA REDONDA. MORTALIDAD DE CERDAS<\/strong><\/p>\n<p><strong>\u00a0<\/strong>Modera: Montse Bosch\u00a0<\/p>\n<p><strong>11:50-12:10<\/strong> <strong>| CU\u00c1NDO SE MUEREN LAS CERDAS Y DISTRIBUCI\u00d3N DE CASOS<\/strong><\/p>\n<p>Luis Pico (Grupo Vall Companys)<\/p>\n<p><strong>12:10-12:30 | \u00bfQU\u00c9 SE OBSERVA EN LAS NECROPSIAS?<\/strong><\/p>\n<p>Quim Segal\u00e9s (UAB-CReSA)\u00a0<\/p>\n<p><strong>12:30-12:50 | VULNERABILIDAD METAB\u00d3LICA DE LA CERDA HIPERPROL\u00cdFICA\u00a0 \u00a0(O MODERNA): UN DESAF\u00cdO PARA LA NUTRICI\u00d3N<\/strong><\/p>\n<p>Weasley Orlando (PIC)<\/p>\n<p><strong>12:50-13:10 |\u00a0MONITORIZACI\u00d3N COMO HERRAMIENTA PARA REDUCIR LA MORTALIDAD DE LAS CERDAS. RECOMENDACIONES PR\u00c1CTICAS<\/strong><\/p>\n<p>Nacho Tard\u00edo (Cincaporc SA)\u00a0<\/p>\n<p><strong>13:10-14:00<\/strong> | <strong>DEBATE ABIERTO\u00a0<\/strong><\/p>\n<p><strong>14:00-15:30<\/strong> | <strong>PAUSA COMIDA\u00a0<\/strong><\/p>\n<p><strong>15:30-19:00<\/strong> | <strong>CASOS CL\u00cdNICOS\u00a0<\/strong><br \/>Moderan: Jordi Baliellas, Josep Casanovas e Ivan D\u00edaz\u00a0<\/p>\n\n\n<h2 class=\"wp-block-heading alignfull has-verd-tropic-color has-text-color has-large-font-size\">30 enero &#8211; Fundaci\u00f3 1859 Espai Cultura | Auditori Gran <\/h2>\n\n\n<p><strong>9:30-10:15 | <em>ACTINOBACILLUS PLEUROPNEUMONIAE<\/em>: UN RETO PERSISTENTE DE LA SALUD PORCINA\u00a0<\/strong><\/p>\n<p>Marcelo Gottschalk (Universit\u00e9 de Montr\u00e9al) Modera: Marga Mart\u00edn<\/p>\n<p><strong>10:15-11:00 | \u00bfPODEMOS MODULAR LA RESPUESTA INMUNE DEL CERDO A TRAV\u00c9S DE ADITIVOS O SUPLEMENTOS?<\/strong><\/p>\n<p>Enric Mateu (UAB) Modera: Marga Mart\u00edn<\/p>\n<p><strong>11:00-11:30<\/strong> | <strong>PAUSA CAF\u00c9\u00a0<\/strong><\/p>\n<p><strong>11:30-13:40 | MESA REDONDA. PROBLEMAS NEUROL\u00d3GICOS DE DIFERENTE ETIOLOG\u00cdA: PANORAMA EPIDEMIOL\u00d3GICO Y MANIFESTACIONES CL\u00cdNICAS<\/strong><\/p>\n<p>Modera: Lali Coma\u00a0<\/p>\n<p><strong>11:30-11:50 | C\u00d3MO REALIZAR UN CORRECTO DIAGN\u00d3STICO<\/strong><\/p>\n<p>Quim Segal\u00e9s (UAB-CReSA)<\/p>\n<p><strong>11:50-12:10 | <em>STREPTOCOCCUS SUIS:<\/em> ENTRE LA DIFICULTAD DIAGN\u00d3STICA Y LA COMPLEJIDAD DEL CONTROL EFECTIVO<\/strong><\/p>\n<p>Marcelo Gottschalk (Universit\u00e9 de Montr\u00e9al)\u00a0<\/p>\n<p><strong>12:10-12:30 | ENFERMEDAD DE LOS EDEMAS EN UN CONTEXTO EPIDEMIOL\u00d3GICO COMPLEJO<\/strong><\/p>\n<p>Lorenzo Fraile (UdL)<\/p>\n<p><strong>12:30-12:50 | EXPERIENCIA DE LO QUE OBSERVAMOS EN CAMPO<\/strong><\/p>\n<p>Joan Wennberg (Responsable Granjas Friselva-Agroporc)\u00a0<\/p>\n<p><strong>12:50-13:40 | DEBATE ABIERTO\u00a0<\/strong><\/p>\n<p><strong>13:40-14:00 | PREMIO AL MEJOR CASO CL\u00cdNICO. CLAUSURA<\/strong><\/p>\n<p>Josep Sol\u00e9 (AVPC) y David Sol\u00e0-Oriol (UAB SNiBA)<\/p>\n\n\n<hr class=\"wp-block-separator has-alpha-channel-opacity\" \/>\n\n\n\n<div data-wp-interactive=\"core\/file\" class=\"wp-block-file\"><object data-wp-bind--hidden=\"!state.hasPdfPreview\" hidden class=\"wp-block-file__embed\" data=\"https:\/\/webs.uab.cat\/porcino\/wp-content\/uploads\/sites\/379\/2026\/01\/XXVIII_Jornadas-de-Porcino-UAB-AVPC_PROGRAMA.pdf\" type=\"application\/pdf\" style=\"width:100%;height:650px\" aria-label=\"Incrustado de XXVIII_Jornadas de Porcino UAB AVPC_PROGRAMA.\"><\/object><a id=\"wp-block-file--media-86f12005-e2e4-468d-926c-2a505424a977\" href=\"https:\/\/webs.uab.cat\/porcino\/wp-content\/uploads\/sites\/379\/2026\/01\/XXVIII_Jornadas-de-Porcino-UAB-AVPC_PROGRAMA.pdf\" target=\"_blank\" rel=\"noreferrer noopener\">XXVIII_Jornadas de Porcino UAB AVPC_PROGRAMA<\/a><a href=\"https:\/\/webs.uab.cat\/porcino\/wp-content\/uploads\/sites\/379\/2026\/01\/XXVIII_Jornadas-de-Porcino-UAB-AVPC_PROGRAMA.pdf\" class=\"wp-block-file__button wp-element-button\" download aria-describedby=\"wp-block-file--media-86f12005-e2e4-468d-926c-2a505424a977\">Descarga<\/a><\/div>\n","protected":false},"excerpt":{"rendered":"<p>PROGRAMA XXVIII JORNADAS DE PORCINO 28 enero &#8211; Fundaci\u00f3 1859 Espai Cultura | Aulas Espai Cultura 15:30-16:00&nbsp;| ACREDITACIONES Y BIENVENIDA 16:00-19:00 |&nbsp;TALLERES *Plazas limitadas a 20 personas por taller* 29 enero &#8211; Fundaci\u00f3 1859 Espai Cultura | Auditori Gran 9:00-9:30 | ACREDITACIONES Y BIENVENIDA 9:30-9:45 | INAUGURACI\u00d3N DE LAS JORNADAS Josep Sol\u00e9 (AVPC) y David [&hellip;]<\/p>\n","protected":false},"author":20,"featured_media":0,"parent":0,"menu_order":0,"comment_status":"closed","ping_status":"closed","template":"","meta":{"footnotes":""},"class_list":["post-51","page","type-page","status-publish","hentry"],"_links":{"self":[{"href":"https:\/\/webs.uab.cat\/porcino\/wp-json\/wp\/v2\/pages\/51","targetHints":{"allow":["GET"]}}],"collection":[{"href":"https:\/\/webs.uab.cat\/porcino\/wp-json\/wp\/v2\/pages"}],"about":[{"href":"https:\/\/webs.uab.cat\/porcino\/wp-json\/wp\/v2\/types\/page"}],"author":[{"embeddable":true,"href":"https:\/\/webs.uab.cat\/porcino\/wp-json\/wp\/v2\/users\/20"}],"replies":[{"embeddable":true,"href":"https:\/\/webs.uab.cat\/porcino\/wp-json\/wp\/v2\/comments?post=51"}],"version-history":[{"count":99,"href":"https:\/\/webs.uab.cat\/porcino\/wp-json\/wp\/v2\/pages\/51\/revisions"}],"predecessor-version":[{"id":1195,"href":"https:\/\/webs.uab.cat\/porcino\/wp-json\/wp\/v2\/pages\/51\/revisions\/1195"}],"wp:attachment":[{"href":"https:\/\/webs.uab.cat\/porcino\/wp-json\/wp\/v2\/media?parent=51"}],"curies":[{"name":"wp","href":"https:\/\/api.w.org\/{rel}","templated":true}]}}