{"id":54,"date":"2023-10-26T10:28:38","date_gmt":"2023-10-26T10:28:38","guid":{"rendered":"https:\/\/webs.uab.cat\/porcino\/?page_id=54"},"modified":"2025-09-09T11:10:12","modified_gmt":"2025-09-09T11:10:12","slug":"casos-clinicos","status":"publish","type":"page","link":"https:\/\/webs.uab.cat\/porcino\/casos-clinicos\/","title":{"rendered":"Casos Cl\u00ednicos 2026"},"content":{"rendered":"\n<h2 class=\"wp-block-heading alignfull has-blanc-coco-color has-verd-tropic-background-color has-text-color has-background has-normal-font-size\">Casos Cl\u00ednicos 2026<\/h2>\n\n\n\n<h2 class=\"wp-block-heading alignfull has-verd-tropic-color has-text-color has-normal-font-size\"><strong>29 de enero 15:30-18:30<\/strong><\/h2>\n\n\n\n<div class=\"wp-block-columns is-layout-flex wp-container-core-columns-is-layout-9d6595d7 wp-block-columns-is-layout-flex\">\n<div class=\"wp-block-column is-vertically-aligned-top is-layout-flow wp-block-column-is-layout-flow\">\n<h2 class=\"wp-block-heading has-verd-tropic-color has-text-color has-normal-font-size\"><strong>Premios<\/strong><\/h2>\n\n\n\n<p class=\"has-negre-eben-color has-text-color has-link-color wp-elements-dd8e25fc8f587a732c2868b98a1101de\"><strong>Primer premio de 1000\u20ac <\/strong><\/p>\n\n\n\n<p class=\"has-negre-eben-color has-text-color has-link-color wp-elements-630e3152de1ddb066d7ffb96c4c0204b\"><strong>Segundo premio de 500\u20ac<\/strong><\/p>\n\n\n\n<p>Los <strong>casos seleccionados dispondr\u00e1n de inscripci\u00f3n gratuita a las Jornadas.<\/strong> Cualquier persona inscrita a las Jornadas puede presentar un caso cl\u00ednico.<\/p>\n<\/div>\n\n\n\n<div class=\"wp-block-column is-layout-flow wp-block-column-is-layout-flow\">\n<h2 class=\"wp-block-heading has-verd-tropic-color has-text-color has-normal-font-size\">Resumen &#8211; Fecha l\u00edmite<\/h2>\n\n\n\n<p>Los participantes deber\u00e1n enviar un <strong>resumen breve (m\u00e1ximo una p\u00e1gina A4) con los detalles m\u00e1s importantes del caso antes del 16 de enero de 2026 <\/strong>al correo electr\u00f3nico:<\/p>\n\n\n\n<p class=\"has-text-align-center has-verd-tropic-color has-text-color has-link-color wp-elements-02edbc84f47c80855c753bae26ab5fb5\"><strong><a href=\"mailto:casos.clinicos.porcino@uab.cat\">casos.clinicos.porcino@uab.cat<\/a><\/strong><\/p>\n\n\n\n<p class=\"has-text-align-center has-verd-tropic-color has-text-color has-link-color wp-elements-929cf570a719801450ca569922186dd8\">Indicando: Casos Cl\u00ednicos 2026<\/p>\n\n\n\n<p><\/p>\n\n\n\n<p><\/p>\n\n\n\n<p class=\"has-text-align-center has-negre-eben-color has-text-color has-link-color has-small-font-size wp-elements-ee212665aa834377a1b0c16a0fdcdf16\"><em>La direcci\u00f3n de correo electr\u00f3nico <a>casos.clinicos.porcino@uab.cat<\/a> constituir\u00e1 el \u00fanico medio autorizado de comunicaci\u00f3n respecto a los casos. <\/em><\/p>\n\n\n\n<p class=\"has-text-align-center has-negre-eben-color has-text-color has-link-color has-small-font-size wp-elements-2aaa9cba88b5f0633dfd9d899220058c\"><em>Se ruega abstenerse de utilizar cualquier otro<\/em>.<\/p>\n\n\n\n<p class=\"has-text-align-center has-negre-eben-color has-text-color has-link-color has-small-font-size wp-elements-ae601867d6ac7ce77e9fa54217619590\"><\/p>\n<\/div>\n<\/div>\n\n\n\n<div class=\"wp-block-columns is-layout-flex wp-container-core-columns-is-layout-9d6595d7 wp-block-columns-is-layout-flex\">\n<div class=\"wp-block-column is-layout-flow wp-block-column-is-layout-flow\">\n<h2 class=\"wp-block-heading has-verd-tropic-color has-text-color has-normal-font-size\">Selecci\u00f3n de casos <\/h2>\n\n\n\n<p><strong>Antes del 23 de enero<\/strong> se informar\u00e1 a los participantes de qu\u00e9 casos han sido seleccionados para la presentaci\u00f3n.<\/p>\n\n\n\n<p><strong>Se seleccionar\u00e1n un m\u00e1ximo de seis casos<\/strong>. La presentaci\u00f3n de los casos se llevar\u00e1 a cabo el d\u00eda: <\/p>\n\n\n\n<p class=\"has-text-align-center\"><strong>29 de enero (15:30-18:30)<\/strong><\/p>\n<\/div>\n\n\n\n<div class=\"wp-block-column is-layout-flow wp-block-column-is-layout-flow\">\n<h2 class=\"wp-block-heading has-verd-tropic-color has-text-color has-normal-font-size\">Normativa<\/h2>\n\n\n\n<p>En el proceso de redacci\u00f3n y presentaci\u00f3n de casos cl\u00ednicos, <strong>est\u00e1 prohibido mencionar expl\u00edcitamente empresas, im\u00e1genes o marcas comerciales que puedan establecer una conexi\u00f3n entre dichas entidades y el participante.<\/strong> Como cada a\u00f1o, el jurado lo compondr\u00e1n los asistentes al evento.<\/p>\n<\/div>\n<\/div>\n\n\n\n<hr class=\"wp-block-separator has-alpha-channel-opacity\" \/>\n\n\n\n<figure class=\"wp-block-gallery has-nested-images columns-default is-cropped wp-block-gallery-1 is-layout-flex wp-block-gallery-is-layout-flex\"><\/figure>\n","protected":false},"excerpt":{"rendered":"<p>Casos Cl\u00ednicos 2026 29 de enero 15:30-18:30 Premios Primer premio de 1000\u20ac Segundo premio de 500\u20ac Los casos seleccionados dispondr\u00e1n de inscripci\u00f3n gratuita a las Jornadas. Cualquier persona inscrita a las Jornadas puede presentar un caso cl\u00ednico. Resumen &#8211; Fecha l\u00edmite Los participantes deber\u00e1n enviar un resumen breve (m\u00e1ximo una p\u00e1gina A4) con los detalles [&hellip;]<\/p>\n","protected":false},"author":2692,"featured_media":0,"parent":0,"menu_order":0,"comment_status":"closed","ping_status":"closed","template":"","meta":{"footnotes":""},"class_list":["post-54","page","type-page","status-publish","hentry"],"_links":{"self":[{"href":"https:\/\/webs.uab.cat\/porcino\/wp-json\/wp\/v2\/pages\/54","targetHints":{"allow":["GET"]}}],"collection":[{"href":"https:\/\/webs.uab.cat\/porcino\/wp-json\/wp\/v2\/pages"}],"about":[{"href":"https:\/\/webs.uab.cat\/porcino\/wp-json\/wp\/v2\/types\/page"}],"author":[{"embeddable":true,"href":"https:\/\/webs.uab.cat\/porcino\/wp-json\/wp\/v2\/users\/2692"}],"replies":[{"embeddable":true,"href":"https:\/\/webs.uab.cat\/porcino\/wp-json\/wp\/v2\/comments?post=54"}],"version-history":[{"count":40,"href":"https:\/\/webs.uab.cat\/porcino\/wp-json\/wp\/v2\/pages\/54\/revisions"}],"predecessor-version":[{"id":922,"href":"https:\/\/webs.uab.cat\/porcino\/wp-json\/wp\/v2\/pages\/54\/revisions\/922"}],"wp:attachment":[{"href":"https:\/\/webs.uab.cat\/porcino\/wp-json\/wp\/v2\/media?parent=54"}],"curies":[{"name":"wp","href":"https:\/\/api.w.org\/{rel}","templated":true}]}}