{"id":61,"date":"2013-02-15T13:14:04","date_gmt":"2013-02-15T13:14:04","guid":{"rendered":"https:\/\/webs.uab.cat\/porcino\/xv-jornadas-de-porcino-de-la-uab-y-avpc\/"},"modified":"2023-03-12T20:57:43","modified_gmt":"2023-03-12T20:57:43","slug":"xv-jornadas-de-porcino-de-la-uab-y-avpc","status":"publish","type":"page","link":"https:\/\/webs.uab.cat\/porcino\/xv-jornadas-de-porcino-de-la-uab-y-avpc\/","title":{"rendered":"XV Jornadas de Porcino de la UAB y AVPC"},"content":{"rendered":"\n<p class=\"has-accent-background-color has-background\"><strong>XV Jornadas de Porcino de la UAB y AVPC<\/strong><br>30 y 31 de enero y 1 de febrero de 2013<\/p>\n\n\n\n<h2 class=\"wp-block-heading\"><strong>I+P<\/strong><em><br>Divulgaci\u00f3n de trabajos realizados en la UAB\/CReSA con utilidad pr\u00e1ctica:<\/em><\/h2>\n\n\n\n<ul class=\"wp-block-list\"><li>Tras las huellas de la peste de la peste porcina cl\u00e1sica con la estrategia DIVA. <em>Llilianne Ganges<\/em><\/li><li>Los Torque Teno Virus de cerdo: \u00bfson virus pat\u00f3genos?<em> David Nieto<\/em><\/li><li>Transmisi\u00f3n del virus del PRRS en condiciones naturales. <em>Emanuela Pileri<\/em><\/li><li>Evaluaci\u00f3n de la eficacia de un derivado de semilla de garrofa sobre la salud intestinal de lechones desafiados experimentalmente con <em>Escherichia coli<\/em> enterotoxig\u00e9nica. <em>Alexei Armando Guerra<\/em><\/li><li>Efecto del meloxicam (Metacam\u00ae) oral en cerdas sobre el crecimiento y la transferencia de inmunidad en los lechones. <em>Eva Mainau<\/em><\/li><\/ul>\n\n\n\n<h2 class=\"wp-block-heading\"><strong>Ponencias<\/strong><\/h2>\n\n\n\n<p><em>Cambios productivos: no todo es bienestar:<\/em><\/p>\n\n\n\n<ul class=\"wp-block-list\"><li>Futuro de la producci\u00f3n porcina a nivel mundial. <em>Enric Marco<\/em><\/li><li>Futuro de la producci\u00f3n porcina en Espa\u00f1a. <em>Albert Vidal<\/em><\/li><\/ul>\n\n\n\n<p><em>Efecto de los cambios de estructura productiva sobre la salud porcina:<\/em><\/p>\n\n\n\n<ul class=\"wp-block-list\"><li>Introducci\u00f3n. Lloren\u00e7<em> Planasdemunt<\/em><\/li><li>Las leptospirosis. <em>Francisco Garc\u00eda Pe\u00f1a<\/em><\/li><li>Las micoplasmosis. <em>Marina Sibila<\/em><\/li><li>Las parasitosis. <em>Jos\u00e9 Angel A\u00f1\u00f3n<\/em><\/li><\/ul>\n\n\n\n<p><em>Otros temas:<\/em><\/p>\n\n\n\n<ul class=\"wp-block-list\"><li>La gripe porcina: \u00bfes una enfermedad a tener en cuenta? <em>Gerard Mart\u00edn-Valls<\/em><\/li><li>Nuevas alternativas en la gesti\u00f3n de salas de maternidad: control de partos con altrenogest, destetes a inicio de semana y nodrizas con cerdas gestantes. <em>Carles Casanovas<\/em><\/li><\/ul>\n\n\n\n<h2 class=\"wp-block-heading\"><strong>Casos Cl\u00ednicos<\/strong><\/h2>\n\n\n\n<ul class=\"wp-block-list\"><li>Caso de gripe a Sant Pere de Torell\u00f3. <em>Carme Ball\u00fas<\/em><\/li><li>Un hallazgo casual. <em>Lali Coma<\/em><\/li><li>Caso Cl\u00ednico. <em>Manuel Toledo<\/em><\/li><li>Caso Cl\u00ednico. <em>Pedro Hern\u00e1ndez<\/em><\/li><li>Utilizar piensos de composici\u00f3n qu\u00edmica y nutritiva equivalentes resulta insuficiente para valorar nuevos ingredientes. <em>Cinta Sol<\/em><\/li><li>To PRRS or no to PRRS. <em>Antonio Call\u00e9n<\/em><\/li><li>Otro caso de lechones retrasados al destete. <em>Josep Casanovas<\/em><\/li><li>Diarreas inespec\u00edficas en cebadero. <em>Antonio Vela.<\/em><\/li><li>Cojeras en cerdas. <em>Ignasi Riu i Valent\u00ed<\/em><\/li><\/ul>\n","protected":false},"excerpt":{"rendered":"<p>XV Jornadas de Porcino de la UAB y AVPC30 y 31 de enero y 1 de febrero de 2013 I+PDivulgaci\u00f3n de trabajos realizados en la UAB\/CReSA con utilidad pr\u00e1ctica: Tras las huellas de la peste de la peste porcina cl\u00e1sica con la estrategia DIVA. Llilianne Ganges Los Torque Teno Virus de cerdo: \u00bfson virus pat\u00f3genos? [&hellip;]<\/p>\n","protected":false},"author":20,"featured_media":0,"parent":0,"menu_order":0,"comment_status":"closed","ping_status":"closed","template":"","meta":{"footnotes":""},"class_list":["post-61","page","type-page","status-publish","hentry"],"_links":{"self":[{"href":"https:\/\/webs.uab.cat\/porcino\/wp-json\/wp\/v2\/pages\/61","targetHints":{"allow":["GET"]}}],"collection":[{"href":"https:\/\/webs.uab.cat\/porcino\/wp-json\/wp\/v2\/pages"}],"about":[{"href":"https:\/\/webs.uab.cat\/porcino\/wp-json\/wp\/v2\/types\/page"}],"author":[{"embeddable":true,"href":"https:\/\/webs.uab.cat\/porcino\/wp-json\/wp\/v2\/users\/20"}],"replies":[{"embeddable":true,"href":"https:\/\/webs.uab.cat\/porcino\/wp-json\/wp\/v2\/comments?post=61"}],"version-history":[{"count":1,"href":"https:\/\/webs.uab.cat\/porcino\/wp-json\/wp\/v2\/pages\/61\/revisions"}],"predecessor-version":[{"id":187,"href":"https:\/\/webs.uab.cat\/porcino\/wp-json\/wp\/v2\/pages\/61\/revisions\/187"}],"wp:attachment":[{"href":"https:\/\/webs.uab.cat\/porcino\/wp-json\/wp\/v2\/media?parent=61"}],"curies":[{"name":"wp","href":"https:\/\/api.w.org\/{rel}","templated":true}]}}