{"id":67,"date":"2013-02-18T14:24:09","date_gmt":"2013-02-18T14:24:09","guid":{"rendered":"https:\/\/webs.uab.cat\/porcino\/xi-jornadas-de-porcino-de-la-uab\/"},"modified":"2023-03-12T20:48:34","modified_gmt":"2023-03-12T20:48:34","slug":"xi-jornadas-de-porcino-de-la-uab","status":"publish","type":"page","link":"https:\/\/webs.uab.cat\/porcino\/xi-jornadas-de-porcino-de-la-uab\/","title":{"rendered":"XI Jornadas de Porcino de la UAB"},"content":{"rendered":"\n<p class=\"has-accent-background-color has-background\"><strong>XI Jornadas de Porcino de la UAB<\/strong><br>4,5 y 6 de febrero de 2009<strong> <br><\/strong><\/p>\n\n\n\n<h2 class=\"wp-block-heading\"><strong>Ponencias<\/strong><\/h2>\n\n\n\n<p><em>Erradicaci\u00f3n de enfermedades en granjas de porcino:<\/em><\/p>\n\n\n\n<ul class=\"wp-block-list\"><li>PRRS y Mycoplasma. <em>Jean Paul Cano<\/em><\/li><li>Actinobacillus pleuropneumoniae. <em>Joaquim Bringas<\/em><\/li><li>Disenteria hemorr\u00e1gica. <em>Llu\u00eds Pico<\/em><\/li><\/ul>\n\n\n\n<p><em>Bienestar Animal: aplicaciones pr\u00e1cticas en la gestaci\u00f3n:<\/em><\/p>\n\n\n\n<ul class=\"wp-block-list\"><li>Situaci\u00f3n actual. <em>Xavier Manteca<\/em><\/li><li>Alimentaci\u00f3n en grupo con chip. <em>Raquel Cort\u00e9s y Manel Canal<\/em><\/li><li>Alojamiento en jaulas. <em>Antonio Ubiergo<\/em><\/li><li>Otros sistemas. <em>Lloren\u00e7 Planasdemunt<\/em><\/li><\/ul>\n\n\n\n<p><em>Vacunacion frente a circovirosis porcina:<\/em><\/p>\n\n\n\n<ul class=\"wp-block-list\"><li>Presentaci\u00f3n de diversas experiencias. <em>Lorenzo Fraile, Antonio Call\u00e9n, Enric Mateu<\/em><\/li><\/ul>\n\n\n\n<h2 class=\"wp-block-heading\"><strong>Casos cl\u00ednicos<\/strong><\/h2>\n\n\n\n<ul class=\"wp-block-list\"><li>Caso cl\u00ednico. <em>Carlos Pi\u00f1eiro<\/em><\/li><li>Problem\u00e1tica hep\u00e1tica y proceso agudo de \u00falceras. <em>Albert Finestra<\/em><\/li><li>\u00bfUn caso de\u2026PRRS, circovirosis o circo-PRRS? <em>Flori Cuestas<\/em><\/li><li>Estudio de eficacia de marbocyl soluci\u00f3n inyectable 10% en la prevenci\u00f3n de problemas reproductivos derivados del complejo cistitis-pielonefritis. <em>Jos\u00e9 Alberto Murillo<\/em><\/li><li>Caso cl\u00ednico. <em>Massimo Gozzini<\/em><\/li><li>Caso cl\u00ednico. <em>Pep Casanovas<\/em><\/li><li>PRRS vs PCV2: Una prueba de campo. <em>S\u00f3nia C\u00e1rceles<\/em><\/li><li>Tremor cong\u00e9nito. <em>Xavi Cos<\/em><\/li><\/ul>\n","protected":false},"excerpt":{"rendered":"<p>XI Jornadas de Porcino de la UAB4,5 y 6 de febrero de 2009 Ponencias Erradicaci\u00f3n de enfermedades en granjas de porcino: PRRS y Mycoplasma. Jean Paul Cano Actinobacillus pleuropneumoniae. Joaquim Bringas Disenteria hemorr\u00e1gica. Llu\u00eds Pico Bienestar Animal: aplicaciones pr\u00e1cticas en la gestaci\u00f3n: Situaci\u00f3n actual. Xavier Manteca Alimentaci\u00f3n en grupo con chip. Raquel Cort\u00e9s y Manel [&hellip;]<\/p>\n","protected":false},"author":20,"featured_media":0,"parent":0,"menu_order":0,"comment_status":"closed","ping_status":"closed","template":"","meta":{"footnotes":""},"class_list":["post-67","page","type-page","status-publish","hentry"],"_links":{"self":[{"href":"https:\/\/webs.uab.cat\/porcino\/wp-json\/wp\/v2\/pages\/67","targetHints":{"allow":["GET"]}}],"collection":[{"href":"https:\/\/webs.uab.cat\/porcino\/wp-json\/wp\/v2\/pages"}],"about":[{"href":"https:\/\/webs.uab.cat\/porcino\/wp-json\/wp\/v2\/types\/page"}],"author":[{"embeddable":true,"href":"https:\/\/webs.uab.cat\/porcino\/wp-json\/wp\/v2\/users\/20"}],"replies":[{"embeddable":true,"href":"https:\/\/webs.uab.cat\/porcino\/wp-json\/wp\/v2\/comments?post=67"}],"version-history":[{"count":1,"href":"https:\/\/webs.uab.cat\/porcino\/wp-json\/wp\/v2\/pages\/67\/revisions"}],"predecessor-version":[{"id":180,"href":"https:\/\/webs.uab.cat\/porcino\/wp-json\/wp\/v2\/pages\/67\/revisions\/180"}],"wp:attachment":[{"href":"https:\/\/webs.uab.cat\/porcino\/wp-json\/wp\/v2\/media?parent=67"}],"curies":[{"name":"wp","href":"https:\/\/api.w.org\/{rel}","templated":true}]}}