{"id":702,"date":"2024-10-22T11:03:59","date_gmt":"2024-10-22T11:03:59","guid":{"rendered":"https:\/\/webs.uab.cat\/porcino\/?page_id=702"},"modified":"2024-10-22T11:18:53","modified_gmt":"2024-10-22T11:18:53","slug":"contacto","status":"publish","type":"page","link":"https:\/\/webs.uab.cat\/porcino\/contacto\/","title":{"rendered":"Contacto"},"content":{"rendered":"\n<p class=\"has-verd-tropic-color has-text-color has-link-color wp-elements-166102214fef2042e55b6bd2b32f2a4d\"><strong>Nerea Rodr\u00edguez Salces<\/strong> | <strong>David Sol\u00e0-Oriol<\/strong><\/p>\n\n\n\n<p>Departament de Ci\u00e8ncia Animal i dels Aliments. Facultat de Veterin\u00e0ria UAB\u00a0<\/p>\n\n\n\n<p>Tel\u00e9fono de contacto: 93 581 15 56<br>jornadas.porcino@uab.cat<\/p>\n\n\n\n<p><\/p>\n","protected":false},"excerpt":{"rendered":"<p>Nerea Rodr\u00edguez Salces | David Sol\u00e0-Oriol Departament de Ci\u00e8ncia Animal i dels Aliments. Facultat de Veterin\u00e0ria UAB\u00a0 Tel\u00e9fono de contacto: 93 581 15 56jornadas.porcino@uab.cat<\/p>\n","protected":false},"author":2692,"featured_media":0,"parent":0,"menu_order":0,"comment_status":"closed","ping_status":"closed","template":"","meta":{"footnotes":""},"class_list":["post-702","page","type-page","status-publish","hentry"],"_links":{"self":[{"href":"https:\/\/webs.uab.cat\/porcino\/wp-json\/wp\/v2\/pages\/702","targetHints":{"allow":["GET"]}}],"collection":[{"href":"https:\/\/webs.uab.cat\/porcino\/wp-json\/wp\/v2\/pages"}],"about":[{"href":"https:\/\/webs.uab.cat\/porcino\/wp-json\/wp\/v2\/types\/page"}],"author":[{"embeddable":true,"href":"https:\/\/webs.uab.cat\/porcino\/wp-json\/wp\/v2\/users\/2692"}],"replies":[{"embeddable":true,"href":"https:\/\/webs.uab.cat\/porcino\/wp-json\/wp\/v2\/comments?post=702"}],"version-history":[{"count":4,"href":"https:\/\/webs.uab.cat\/porcino\/wp-json\/wp\/v2\/pages\/702\/revisions"}],"predecessor-version":[{"id":711,"href":"https:\/\/webs.uab.cat\/porcino\/wp-json\/wp\/v2\/pages\/702\/revisions\/711"}],"wp:attachment":[{"href":"https:\/\/webs.uab.cat\/porcino\/wp-json\/wp\/v2\/media?parent=702"}],"curies":[{"name":"wp","href":"https:\/\/api.w.org\/{rel}","templated":true}]}}