{"id":83,"date":"2021-01-03T20:06:14","date_gmt":"2021-01-03T20:06:14","guid":{"rendered":"https:\/\/webs.uab.cat\/porcino\/xi-jornadas-de-porcino-de-la-uab-2\/"},"modified":"2023-03-12T21:11:38","modified_gmt":"2023-03-12T21:11:38","slug":"xi-jornadas-de-porcino-de-la-uab-2","status":"publish","type":"page","link":"https:\/\/webs.uab.cat\/porcino\/xi-jornadas-de-porcino-de-la-uab-2\/","title":{"rendered":"XI Jornadas de Porcino de la UAB"},"content":{"rendered":"\n<p class=\"has-accent-background-color has-background\"><strong>4,5 y 6 de febrero de 2009<\/strong><\/p>\n\n\n\n<h2 class=\"wp-block-heading\"><strong>Ponencias<\/strong><\/h2>\n\n\n\n<p><em><u>Erradicaci\u00f3n de enfermedades en granjas de porcino:<\/u><\/em><\/p>\n\n\n\n<ul class=\"wp-block-list\"><li>PRRS y Mycoplasma.&nbsp;<em>Jean Paul Cano<\/em><\/li><li>Actinobacillus pleuropneumoniae.&nbsp;<em>Joaquim Bringas<\/em><\/li><li>Disenteria hemorr\u00e1gica.&nbsp;<em>Llu\u00eds Pico<\/em><\/li><\/ul>\n\n\n\n<p><em><u>Bienestar Animal: aplicaciones pr\u00e1cticas en la gestaci\u00f3n:<\/u><\/em><\/p>\n\n\n\n<ul class=\"wp-block-list\"><li>Situaci\u00f3n actual.&nbsp;<em>Xavier Manteca<\/em><\/li><li>Alimentaci\u00f3n en grupo con chip.&nbsp;<em>Raquel Cort\u00e9s y Manel Canal<\/em><\/li><li>Alojamiento en jaulas.&nbsp;<em>Antonio Ubiergo<\/em><\/li><li>Otros sistemas.&nbsp;<em>Lloren\u00e7 Planasdemunt<\/em><\/li><\/ul>\n\n\n\n<p><em><u>Vacunacion frente a circovirosis porcina:<\/u><\/em><\/p>\n\n\n\n<ul class=\"wp-block-list\"><li>Presentaci\u00f3n de diversas experiencias.&nbsp;<em>Lorenzo Fraile, Antonio Call\u00e9n, Enric Mateu<\/em><\/li><\/ul>\n\n\n\n<h2 class=\"wp-block-heading\"><strong>Casos cl\u00ednicos<\/strong><\/h2>\n\n\n\n<ul class=\"wp-block-list\"><li>Caso cl\u00ednico.&nbsp;<em>Carlos Pi\u00f1eiro<\/em><\/li><li>Problem\u00e1tica hep\u00e1tica y proceso agudo de \u00falceras.&nbsp;<em>Albert Finestra<\/em><\/li><li>\u00bfUn caso de\u2026PRRS, circovirosis o circo-PRRS?&nbsp;<em>Flori Cuestas<\/em><\/li><li>Estudio de eficacia de marbocyl soluci\u00f3n inyectable 10% en la prevenci\u00f3n de problemas reproductivos derivados del complejo cistitis-pielonefritis.&nbsp;<em>Jos\u00e9 Alberto Murillo<\/em><\/li><li>Caso cl\u00ednico.&nbsp;<em>Massimo Gozzini<\/em><\/li><li>Caso cl\u00ednico.&nbsp;<em>Pep Casanovas<\/em><\/li><li>PRRS vs PCV2: Una prueba de campo.&nbsp;<em>S\u00f3nia C\u00e1rceles<\/em><\/li><li>Tremor cong\u00e9nito.&nbsp;<em>Xavi Cos<\/em><\/li><\/ul>\n\n\n\n<figure class=\"wp-block-image size-large\"><img loading=\"lazy\" decoding=\"async\" width=\"1024\" height=\"212\" src=\"https:\/\/webs.uab.cat\/porcino\/wp-content\/uploads\/sites\/379\/2022\/05\/organitzadors-1024x212.jpg\" alt=\"organitzadors\" class=\"wp-image-87\" srcset=\"https:\/\/webs.uab.cat\/porcino\/wp-content\/uploads\/sites\/379\/2022\/05\/organitzadors-1024x212.jpg 1024w, https:\/\/webs.uab.cat\/porcino\/wp-content\/uploads\/sites\/379\/2022\/05\/organitzadors-300x62.jpg 300w, https:\/\/webs.uab.cat\/porcino\/wp-content\/uploads\/sites\/379\/2022\/05\/organitzadors-768x159.jpg 768w, https:\/\/webs.uab.cat\/porcino\/wp-content\/uploads\/sites\/379\/2022\/05\/organitzadors-1536x317.jpg 1536w, https:\/\/webs.uab.cat\/porcino\/wp-content\/uploads\/sites\/379\/2022\/05\/organitzadors-2048x423.jpg 2048w, https:\/\/webs.uab.cat\/porcino\/wp-content\/uploads\/sites\/379\/2022\/05\/organitzadors-1200x248.jpg 1200w, https:\/\/webs.uab.cat\/porcino\/wp-content\/uploads\/sites\/379\/2022\/05\/organitzadors-1980x409.jpg 1980w\" sizes=\"auto, (max-width: 1024px) 100vw, 1024px\" \/><\/figure>\n","protected":false},"excerpt":{"rendered":"<p>4,5 y 6 de febrero de 2009 Ponencias Erradicaci\u00f3n de enfermedades en granjas de porcino: PRRS y Mycoplasma.&nbsp;Jean Paul Cano Actinobacillus pleuropneumoniae.&nbsp;Joaquim Bringas Disenteria hemorr\u00e1gica.&nbsp;Llu\u00eds Pico Bienestar Animal: aplicaciones pr\u00e1cticas en la gestaci\u00f3n: Situaci\u00f3n actual.&nbsp;Xavier Manteca Alimentaci\u00f3n en grupo con chip.&nbsp;Raquel Cort\u00e9s y Manel Canal Alojamiento en jaulas.&nbsp;Antonio Ubiergo Otros sistemas.&nbsp;Lloren\u00e7 Planasdemunt Vacunacion frente a [&hellip;]<\/p>\n","protected":false},"author":20,"featured_media":0,"parent":0,"menu_order":0,"comment_status":"closed","ping_status":"closed","template":"","meta":{"footnotes":""},"class_list":["post-83","page","type-page","status-publish","hentry"],"_links":{"self":[{"href":"https:\/\/webs.uab.cat\/porcino\/wp-json\/wp\/v2\/pages\/83","targetHints":{"allow":["GET"]}}],"collection":[{"href":"https:\/\/webs.uab.cat\/porcino\/wp-json\/wp\/v2\/pages"}],"about":[{"href":"https:\/\/webs.uab.cat\/porcino\/wp-json\/wp\/v2\/types\/page"}],"author":[{"embeddable":true,"href":"https:\/\/webs.uab.cat\/porcino\/wp-json\/wp\/v2\/users\/20"}],"replies":[{"embeddable":true,"href":"https:\/\/webs.uab.cat\/porcino\/wp-json\/wp\/v2\/comments?post=83"}],"version-history":[{"count":2,"href":"https:\/\/webs.uab.cat\/porcino\/wp-json\/wp\/v2\/pages\/83\/revisions"}],"predecessor-version":[{"id":204,"href":"https:\/\/webs.uab.cat\/porcino\/wp-json\/wp\/v2\/pages\/83\/revisions\/204"}],"wp:attachment":[{"href":"https:\/\/webs.uab.cat\/porcino\/wp-json\/wp\/v2\/media?parent=83"}],"curies":[{"name":"wp","href":"https:\/\/api.w.org\/{rel}","templated":true}]}}