{"id":996,"date":"2025-12-19T11:15:01","date_gmt":"2025-12-19T11:15:01","guid":{"rendered":"https:\/\/webs.uab.cat\/porcino\/?page_id=996"},"modified":"2026-01-22T12:04:52","modified_gmt":"2026-01-22T12:04:52","slug":"sede-de-las-jornadas-2026","status":"publish","type":"page","link":"https:\/\/webs.uab.cat\/porcino\/sede-de-las-jornadas-2026\/","title":{"rendered":""},"content":{"rendered":"\n<h2 class=\"wp-block-heading alignfull has-blanc-coco-color has-verd-tropic-background-color has-text-color has-background has-link-color has-normal-font-size wp-elements-7ff52bc97afaab9bd1aba2381b9c8d41\">Sede de las Jornadas 2026 &#8211; Fundaci\u00f3 1859 Caixa Sabadell ESPAI CULTURA<\/h2>\n\n\n\n<p class=\"has-text-align-center has-verd-tropic-color has-text-color has-link-color has-normal-font-size wp-elements-db0b0f64aa95393e89cd460b745fb9e2\"><strong>Fundaci\u00f3 1859 Caixa Sabadell<\/strong> <strong>&#8211; ESPAI CULTURA<\/strong><\/p>\n\n\n\n<p class=\"has-text-align-center has-verd-tropic-color has-text-color has-link-color has-normal-font-size wp-elements-0c380c710ba40c7182366975fda31d8b\">Carrer d\u2019en Font, 25<br>08201 Sabadell (Barcelona)<\/p>\n\n\n\n<figure class=\"wp-block-image alignwide size-large\"><img loading=\"lazy\" decoding=\"async\" width=\"1024\" height=\"512\" src=\"https:\/\/webs.uab.cat\/porcino\/wp-content\/uploads\/sites\/379\/2025\/12\/Jornades-de-Porci-mapa-seu-Sabadell-1024x512.png\" alt=\"\" class=\"wp-image-1003\" srcset=\"https:\/\/webs.uab.cat\/porcino\/wp-content\/uploads\/sites\/379\/2025\/12\/Jornades-de-Porci-mapa-seu-Sabadell-1024x512.png 1024w, https:\/\/webs.uab.cat\/porcino\/wp-content\/uploads\/sites\/379\/2025\/12\/Jornades-de-Porci-mapa-seu-Sabadell-300x150.png 300w, https:\/\/webs.uab.cat\/porcino\/wp-content\/uploads\/sites\/379\/2025\/12\/Jornades-de-Porci-mapa-seu-Sabadell-768x384.png 768w, https:\/\/webs.uab.cat\/porcino\/wp-content\/uploads\/sites\/379\/2025\/12\/Jornades-de-Porci-mapa-seu-Sabadell-1536x768.png 1536w, https:\/\/webs.uab.cat\/porcino\/wp-content\/uploads\/sites\/379\/2025\/12\/Jornades-de-Porci-mapa-seu-Sabadell-2048x1024.png 2048w, https:\/\/webs.uab.cat\/porcino\/wp-content\/uploads\/sites\/379\/2025\/12\/Jornades-de-Porci-mapa-seu-Sabadell-1200x600.png 1200w, https:\/\/webs.uab.cat\/porcino\/wp-content\/uploads\/sites\/379\/2025\/12\/Jornades-de-Porci-mapa-seu-Sabadell-1980x990.png 1980w\" sizes=\"auto, (max-width: 1024px) 100vw, 1024px\" \/><\/figure>\n\n\n\n<p class=\"has-text-align-center has-negre-eben-color has-text-color has-link-color has-normal-font-size wp-elements-dbf61f171dc4a18d47542c5ee9e3e716\"><strong>Google Maps: <a href=\"https:\/\/maps.app.goo.gl\/g8tKHhLCmdj71Emd9\" target=\"_blank\" rel=\"noreferrer noopener\">https:\/\/maps.app.goo.gl\/g8tKHhLCmdj71Emd9<\/a><\/strong><\/p>\n\n\n\n<div class=\"wp-block-columns is-layout-flex wp-container-core-columns-is-layout-9d6595d7 wp-block-columns-is-layout-flex\">\n<div class=\"wp-block-column is-layout-flow wp-block-column-is-layout-flow\" style=\"flex-basis:100%\"><\/div>\n<\/div>\n\n\n\n<figure class=\"wp-block-table\"><table class=\"has-verd-tropic-color has-text-color has-link-color has-fixed-layout\"><tbody><tr><td><strong>Parking Saba Mercat Central<\/strong><br>Sabadell<br><br><strong>\ud83d\udccd<\/strong>Carrer de Colom, 2, 08201, Sabadell<br>  <\/td><td><strong>Parking Saba Pla\u00e7a Dr. Robert<\/strong><br>Sabadell<br><br><strong>\ud83d\udccd<\/strong>Carrer del Pedregar, 8, 08202, Sabadell<\/td><\/tr><\/tbody><\/table><\/figure>\n\n\n\n<p class=\"has-text-align-center\"><strong>TARIFAS:<\/strong><\/p>\n\n\n\n<p class=\"has-text-align-center\">ABONO 1 D\u00cdA: 1 5,55\u20ac<br>ABONO 2 D\u00cdAS: 21,51\u20ac<br>ABONO 3 D\u00cdAS: 27,47\u20ac<br><\/p>\n\n\n\n<p class=\"has-text-align-center\"><\/p>\n\n\n\n<p><strong>*<\/strong> Todas las tarifas son con IVA incluido. <br><strong>*<\/strong> Son <strong>tarifas acordadas para asistentes a las Jornadas de Porcino<\/strong>, para efectuar el<br> pago, se deber\u00e1 acudir a la taquilla de cualquiera de los 2 parking y mostrar la<br> <strong>acreditaci\u00f3n como asistente a las Jornadas.<\/strong> <br><strong>*<\/strong> El m\u00e9todo de <strong>pago ser\u00e1 \u00fanicamente con tarjeta de cr\u00e9dito. <\/strong><br><strong>*<\/strong> Para <strong>formalizar los abonos<\/strong>, los usuarios tendr\u00e1n que dirigirse a la sala de atenci\u00f3n del aparcamiento, <strong>al entrar o antes de salir por primera vez.<\/strong><\/p>\n\n\n\n<h2 class=\"wp-block-heading alignwide has-text-align-left has-normal-font-size\"> Espai Cultura <\/h2>\n\n\n\n<p class=\"has-text-align-left\">El Espai Cultura Fundaci\u00f3 1859 se ubica en un edificio modernista encargado por Caixa Sabadell al arquitecto Jeroni Martorell en 1907.  <\/p>\n\n\n\n<p class=\"has-small-font-size\">Se encuentra ubicado en el centro de Sabadell, con accesos cercanos al transporte p\u00fablico: FGC, Rodalies y diversas l\u00edneas de autob\u00fas urbano e interurbano. Los accesos a las estaciones y andenes est\u00e1n completamente adaptados para personas con movilidad reducida, as\u00ed como el acceso a los autobuses. <\/p>\n\n\n\n<p class=\"has-small-font-size\">Para desplazamientos en veh\u00edculo privado, el Espai Cultura est\u00e1 situado cerca de aparcamientos municipales de pago con accesos adaptados.<\/p>\n\n\n\n<figure class=\"wp-block-gallery has-nested-images columns-default is-cropped wp-block-gallery-1 is-layout-flex wp-block-gallery-is-layout-flex\">\n<figure class=\"wp-block-image size-large\"><img loading=\"lazy\" decoding=\"async\" width=\"651\" height=\"768\" data-id=\"1000\" src=\"https:\/\/webs.uab.cat\/porcino\/wp-content\/uploads\/sites\/379\/2025\/12\/entrada-espai-cultura_JP.png\" alt=\"\" class=\"wp-image-1000\" srcset=\"https:\/\/webs.uab.cat\/porcino\/wp-content\/uploads\/sites\/379\/2025\/12\/entrada-espai-cultura_JP.png 651w, https:\/\/webs.uab.cat\/porcino\/wp-content\/uploads\/sites\/379\/2025\/12\/entrada-espai-cultura_JP-254x300.png 254w\" sizes=\"auto, (max-width: 651px) 100vw, 651px\" \/><\/figure>\n<\/figure>\n\n\n\n<p class=\"has-text-align-center has-normal-font-size\">Entrada a la Fundaci\u00f3 1859 Caixa Sabadell Espai Cultura para las <strong>sesiones de Talleres y Jornadas<\/strong><\/p>\n","protected":false},"excerpt":{"rendered":"<p>Sede de las Jornadas 2026 &#8211; Fundaci\u00f3 1859 Caixa Sabadell ESPAI CULTURA Fundaci\u00f3 1859 Caixa Sabadell &#8211; ESPAI CULTURA Carrer d\u2019en Font, 2508201 Sabadell (Barcelona) Google Maps: https:\/\/maps.app.goo.gl\/g8tKHhLCmdj71Emd9 Parking Saba Mercat CentralSabadell \ud83d\udccdCarrer de Colom, 2, 08201, Sabadell Parking Saba Pla\u00e7a Dr. RobertSabadell \ud83d\udccdCarrer del Pedregar, 8, 08202, Sabadell TARIFAS: ABONO 1 D\u00cdA: 1 5,55\u20acABONO [&hellip;]<\/p>\n","protected":false},"author":2692,"featured_media":0,"parent":0,"menu_order":0,"comment_status":"closed","ping_status":"closed","template":"","meta":{"footnotes":""},"class_list":["post-996","page","type-page","status-publish","hentry"],"_links":{"self":[{"href":"https:\/\/webs.uab.cat\/porcino\/wp-json\/wp\/v2\/pages\/996","targetHints":{"allow":["GET"]}}],"collection":[{"href":"https:\/\/webs.uab.cat\/porcino\/wp-json\/wp\/v2\/pages"}],"about":[{"href":"https:\/\/webs.uab.cat\/porcino\/wp-json\/wp\/v2\/types\/page"}],"author":[{"embeddable":true,"href":"https:\/\/webs.uab.cat\/porcino\/wp-json\/wp\/v2\/users\/2692"}],"replies":[{"embeddable":true,"href":"https:\/\/webs.uab.cat\/porcino\/wp-json\/wp\/v2\/comments?post=996"}],"version-history":[{"count":27,"href":"https:\/\/webs.uab.cat\/porcino\/wp-json\/wp\/v2\/pages\/996\/revisions"}],"predecessor-version":[{"id":1137,"href":"https:\/\/webs.uab.cat\/porcino\/wp-json\/wp\/v2\/pages\/996\/revisions\/1137"}],"wp:attachment":[{"href":"https:\/\/webs.uab.cat\/porcino\/wp-json\/wp\/v2\/media?parent=996"}],"curies":[{"name":"wp","href":"https:\/\/api.w.org\/{rel}","templated":true}]}}