{"id":227,"date":"2025-08-18T17:15:18","date_gmt":"2025-08-18T15:15:18","guid":{"rendered":"https:\/\/webs.uab.cat\/powah\/membres\/pedro-ferrer-rosende\/"},"modified":"2025-08-19T15:38:17","modified_gmt":"2025-08-19T13:38:17","slug":"pedro-ferrer-rosende","status":"publish","type":"page","link":"https:\/\/webs.uab.cat\/powah\/ca\/membres\/pedro-ferrer-rosende\/","title":{"rendered":"Pedro Ferrer Rosende"},"content":{"rendered":"\n<h2 class=\"wp-block-heading has-text-align-center\"><\/h2>\n\n<p class=\"has-drop-cap\">Estudiant predoctoral finan\u00e7at pel programa Doctorat a l\u2019Estranger (Agencia Nacional de Investigaci\u00f3n y Desarrollo, Estado de Chile). Bi\u00f2leg ambiental amb un M\u00e0ster en Bioestad\u00edstica i un M\u00e0ster en Ecologia i Evoluci\u00f3. Actualment \u00e9s estudiant de Doctorat en Metodologia de la Recerca Biom\u00e8dica i Salut P\u00fablica a la UAB. Amb formaci\u00f3 en ecologia, nutrici\u00f3 i recerca en c\u00e0ncer, actualment centra el seu treball en q\u00fcestions metodol\u00f2giques en els estudis sobre riscos psicosocials a la feina.   <\/p>\n\n<p>\ud83d\udce7 pedro.ferrer@uab.cat<br\/>\ud83d\udd17 <a href=\"https:\/\/orcid.org\/0000-0002-3791-4696\" target=\"_blank\" rel=\"noreferrer noopener\"><strong>ORCID ID:<\/strong> 0000-0002-3791-4696<\/a><br\/>\ud83d\udd0e <strong><a href=\"https:\/\/scholar.google.es\/citations?hl=en&amp;user=kfPBqaoAAAAJ\" target=\"_blank\" rel=\"noreferrer noopener\">Google Scholar<\/a><\/strong><\/p>\n\n<p><\/p>\n","protected":false},"excerpt":{"rendered":"<p>Estudiant predoctoral finan\u00e7at pel programa Doctorat a l\u2019Estranger (Agencia Nacional de Investigaci\u00f3n y Desarrollo, Estado de Chile). Bi\u00f2leg ambiental amb un M\u00e0ster en Bioestad\u00edstica i un M\u00e0ster en Ecologia i Evoluci\u00f3. Actualment \u00e9s estudiant de Doctorat en Metodologia de la Recerca Biom\u00e8dica i Salut P\u00fablica a la UAB. Amb formaci\u00f3 en ecologia, nutrici\u00f3 i recerca [&hellip;]<\/p>\n","protected":false},"author":2767,"featured_media":0,"parent":46,"menu_order":0,"comment_status":"closed","ping_status":"closed","template":"","meta":{"footnotes":""},"class_list":["post-227","page","type-page","status-publish","hentry"],"_links":{"self":[{"href":"https:\/\/webs.uab.cat\/powah\/ca\/wp-json\/wp\/v2\/pages\/227","targetHints":{"allow":["GET"]}}],"collection":[{"href":"https:\/\/webs.uab.cat\/powah\/ca\/wp-json\/wp\/v2\/pages"}],"about":[{"href":"https:\/\/webs.uab.cat\/powah\/ca\/wp-json\/wp\/v2\/types\/page"}],"author":[{"embeddable":true,"href":"https:\/\/webs.uab.cat\/powah\/ca\/wp-json\/wp\/v2\/users\/2767"}],"replies":[{"embeddable":true,"href":"https:\/\/webs.uab.cat\/powah\/ca\/wp-json\/wp\/v2\/comments?post=227"}],"version-history":[{"count":2,"href":"https:\/\/webs.uab.cat\/powah\/ca\/wp-json\/wp\/v2\/pages\/227\/revisions"}],"predecessor-version":[{"id":305,"href":"https:\/\/webs.uab.cat\/powah\/ca\/wp-json\/wp\/v2\/pages\/227\/revisions\/305"}],"up":[{"embeddable":true,"href":"https:\/\/webs.uab.cat\/powah\/ca\/wp-json\/wp\/v2\/pages\/46"}],"wp:attachment":[{"href":"https:\/\/webs.uab.cat\/powah\/ca\/wp-json\/wp\/v2\/media?parent=227"}],"curies":[{"name":"wp","href":"https:\/\/api.w.org\/{rel}","templated":true}]}}