{"id":231,"date":"2025-08-18T17:37:35","date_gmt":"2025-08-18T15:37:35","guid":{"rendered":"https:\/\/webs.uab.cat\/powah\/membres\/sergio-salas-nicas\/"},"modified":"2025-08-19T14:03:04","modified_gmt":"2025-08-19T12:03:04","slug":"sergio-salas-nicas","status":"publish","type":"page","link":"https:\/\/webs.uab.cat\/powah\/ca\/membres\/sergio-salas-nicas\/","title":{"rendered":"Sergio Salas Nic\u00e1s"},"content":{"rendered":"\n<h2 class=\"wp-block-heading has-text-align-center\"><\/h2>\n\n<p class=\"has-drop-cap\">Investigador a l\u2019ISTAS-Fundaci\u00f3n 1\u00ba de Mayo i investigador vinculat a la UAB. Doctor en Salut P\u00fablica per la UAB, est\u00e0 especialitzat en temes relacionats amb salut i treball, amb especial atenci\u00f3 als efectes de la inseguretat laboral, els riscos psicosocials i l\u2019estr\u00e8s t\u00e8rmic. <\/p>\n\n<p>\ud83d\udce7 ssalas@1mayo.ccoo.es<br\/>\ud83d\udd17 <a href=\"https:\/\/orcid.org\/0000-0001-8671-9662\" target=\"_blank\" rel=\"noreferrer noopener\"><strong>ORCID ID:<\/strong> 0000-0001-8671-9662<\/a><br\/>\ud83d\udd0e <strong><a href=\"https:\/\/scholar.google.es\/citations?hl=en&amp;user=k5vam_4AAAAJ\" target=\"_blank\" rel=\"noreferrer noopener\">Google Scholar<\/a><\/strong><\/p>\n\n<p><\/p>\n","protected":false},"excerpt":{"rendered":"<p>Investigador a l\u2019ISTAS-Fundaci\u00f3n 1\u00ba de Mayo i investigador vinculat a la UAB. Doctor en Salut P\u00fablica per la UAB, est\u00e0 especialitzat en temes relacionats amb salut i treball, amb especial atenci\u00f3 als efectes de la inseguretat laboral, els riscos psicosocials i l\u2019estr\u00e8s t\u00e8rmic. \ud83d\udce7 ssalas@1mayo.ccoo.es\ud83d\udd17 ORCID ID: 0000-0001-8671-9662\ud83d\udd0e Google Scholar<\/p>\n","protected":false},"author":2767,"featured_media":0,"parent":46,"menu_order":0,"comment_status":"closed","ping_status":"closed","template":"","meta":{"footnotes":""},"class_list":["post-231","page","type-page","status-publish","hentry"],"_links":{"self":[{"href":"https:\/\/webs.uab.cat\/powah\/ca\/wp-json\/wp\/v2\/pages\/231","targetHints":{"allow":["GET"]}}],"collection":[{"href":"https:\/\/webs.uab.cat\/powah\/ca\/wp-json\/wp\/v2\/pages"}],"about":[{"href":"https:\/\/webs.uab.cat\/powah\/ca\/wp-json\/wp\/v2\/types\/page"}],"author":[{"embeddable":true,"href":"https:\/\/webs.uab.cat\/powah\/ca\/wp-json\/wp\/v2\/users\/2767"}],"replies":[{"embeddable":true,"href":"https:\/\/webs.uab.cat\/powah\/ca\/wp-json\/wp\/v2\/comments?post=231"}],"version-history":[{"count":1,"href":"https:\/\/webs.uab.cat\/powah\/ca\/wp-json\/wp\/v2\/pages\/231\/revisions"}],"predecessor-version":[{"id":232,"href":"https:\/\/webs.uab.cat\/powah\/ca\/wp-json\/wp\/v2\/pages\/231\/revisions\/232"}],"up":[{"embeddable":true,"href":"https:\/\/webs.uab.cat\/powah\/ca\/wp-json\/wp\/v2\/pages\/46"}],"wp:attachment":[{"href":"https:\/\/webs.uab.cat\/powah\/ca\/wp-json\/wp\/v2\/media?parent=231"}],"curies":[{"name":"wp","href":"https:\/\/api.w.org\/{rel}","templated":true}]}}