{"id":254,"date":"2025-08-18T17:50:35","date_gmt":"2025-08-18T15:50:35","guid":{"rendered":"https:\/\/webs.uab.cat\/powah\/membres\/laura-esteve-matali\/"},"modified":"2025-08-19T15:25:40","modified_gmt":"2025-08-19T13:25:40","slug":"laura-esteve-matali","status":"publish","type":"page","link":"https:\/\/webs.uab.cat\/powah\/ca\/membres\/laura-esteve-matali\/","title":{"rendered":"Laura Esteve Matal\u00ed"},"content":{"rendered":"\n<h2 class=\"wp-block-heading has-text-align-center\"><\/h2>\n\n<p class=\"has-drop-cap\">Investigadora postdoctoral finan\u00e7ada pel programa INVESTIGO (Generalitat de Catalunya). Graduada en Ci\u00e8ncies Biom\u00e8diques, M\u00e0ster en Salut P\u00fablica i Gesti\u00f3 Sanit\u00e0ria, Economia de la Salut i Governan\u00e7a. Les seves \u00e0rees d\u2019especialitzaci\u00f3 s\u00f3n la salut p\u00fablica, la salut global, els sistemes de salut i les pol\u00edtiques sanit\u00e0ries. Entre els seus principals \u00e0mbits d\u2019inter\u00e8s destaquen els determinants socials de la salut, on els riscos psicosocials en el lloc de treball hi juguen un paper fonamental. Doctora en Salut P\u00fablica i Metodologia de la Recerca Biom\u00e8dica per la UAB.    <\/p>\n\n<p>\ud83d\udce7 laura.esteve@uab.cat<br\/>\ud83d\udd17 <a href=\"https:\/\/orcid.org\/0000-0001-6561-0131\" target=\"_blank\" rel=\"noreferrer noopener\"><strong>ORCID ID:<\/strong> 0000-0001-6561-0131<\/a><\/p>\n\n<p><\/p>\n","protected":false},"excerpt":{"rendered":"<p>Investigadora postdoctoral finan\u00e7ada pel programa INVESTIGO (Generalitat de Catalunya). Graduada en Ci\u00e8ncies Biom\u00e8diques, M\u00e0ster en Salut P\u00fablica i Gesti\u00f3 Sanit\u00e0ria, Economia de la Salut i Governan\u00e7a. Les seves \u00e0rees d\u2019especialitzaci\u00f3 s\u00f3n la salut p\u00fablica, la salut global, els sistemes de salut i les pol\u00edtiques sanit\u00e0ries. Entre els seus principals \u00e0mbits d\u2019inter\u00e8s destaquen els determinants socials [&hellip;]<\/p>\n","protected":false},"author":2767,"featured_media":0,"parent":46,"menu_order":0,"comment_status":"closed","ping_status":"closed","template":"","meta":{"footnotes":""},"class_list":["post-254","page","type-page","status-publish","hentry"],"_links":{"self":[{"href":"https:\/\/webs.uab.cat\/powah\/ca\/wp-json\/wp\/v2\/pages\/254","targetHints":{"allow":["GET"]}}],"collection":[{"href":"https:\/\/webs.uab.cat\/powah\/ca\/wp-json\/wp\/v2\/pages"}],"about":[{"href":"https:\/\/webs.uab.cat\/powah\/ca\/wp-json\/wp\/v2\/types\/page"}],"author":[{"embeddable":true,"href":"https:\/\/webs.uab.cat\/powah\/ca\/wp-json\/wp\/v2\/users\/2767"}],"replies":[{"embeddable":true,"href":"https:\/\/webs.uab.cat\/powah\/ca\/wp-json\/wp\/v2\/comments?post=254"}],"version-history":[{"count":3,"href":"https:\/\/webs.uab.cat\/powah\/ca\/wp-json\/wp\/v2\/pages\/254\/revisions"}],"predecessor-version":[{"id":292,"href":"https:\/\/webs.uab.cat\/powah\/ca\/wp-json\/wp\/v2\/pages\/254\/revisions\/292"}],"up":[{"embeddable":true,"href":"https:\/\/webs.uab.cat\/powah\/ca\/wp-json\/wp\/v2\/pages\/46"}],"wp:attachment":[{"href":"https:\/\/webs.uab.cat\/powah\/ca\/wp-json\/wp\/v2\/media?parent=254"}],"curies":[{"name":"wp","href":"https:\/\/api.w.org\/{rel}","templated":true}]}}