{"id":425,"date":"2025-08-21T22:52:50","date_gmt":"2025-08-21T20:52:50","guid":{"rendered":"https:\/\/webs.uab.cat\/powah\/tesis-doctorals\/"},"modified":"2025-08-21T22:59:16","modified_gmt":"2025-08-21T20:59:16","slug":"tesis-doctorals","status":"publish","type":"page","link":"https:\/\/webs.uab.cat\/powah\/ca\/tesis-doctorals\/","title":{"rendered":"Tesis doctorals"},"content":{"rendered":"\n<details class=\"wp-block-details is-layout-flow wp-block-details-is-layout-flow\"><summary>Finalitzades<\/summary>\n<p><a href=\"http:\/\/hdl.handle.net\/10803\/690779\" target=\"_blank\" rel=\"noreferrer noopener\">\u2013 Clara Llorens Serrano. Pr\u00e1cticas de participaci\u00f3n directa y riesgos psicosociales del trabajo. Caracterizaci\u00f3n emp\u00edrica de una relaci\u00f3n controvertida. Universitat Aut\u00f2noma de Barcelona. Programa de Doctorat en Sociologia.     2023.<\/a><\/p>\n\n\n\n<p><a href=\"http:\/\/hdl.handle.net\/10803\/665796\" target=\"_blank\" rel=\"noreferrer noopener\">\u2013 Sergio Salas Nic\u00e1s. La inseguridad laboral en la poblaci\u00f3n asalariada de Espa\u00f1a: caracterizaci\u00f3n, distribuci\u00f3n y asociaci\u00f3n con salud. Universitat Aut\u00f2noma de Barcelona. Programa de Doctorat en Salud P\u00fablica.    2018.  <\/a><\/p>\n<\/details>\n\n<details class=\"wp-block-details is-layout-flow wp-block-details-is-layout-flow\"><summary>En desenvolupament<\/summary>\n<p>\u2013 Francisca Barriga Yumha. Segmentaci\u00f3n, precariedad y salud mental en los cuidados de larga duraci\u00f3n: El rol de la gesti\u00f3n laboral y la organizaci\u00f3n colectiva en Espa\u00f1a [t\u00edtol provisional]. Directors\/es: Mireia Bol\u00edbar Planas; Albert Navarro Gin\u00e9.Programa de Doctorat en Sociologia, UAB.<\/p>\n\n\n\n<p>\u2013 Elena Dregalinaite Kazakauskaite. Exposici\u00f3n a riesgos psicosociales y productividad [t\u00edtol provisional]. Directors\/es: Albert Navarro Gin\u00e9; Ra\u00fal Lorente Campos. Programa de Doctorat en Salud P\u00fablica, UAB.   <\/p>\n\n\n\n<p>\u2013 Pedro Ferrer Rosende. Dise\u00f1o, implementaci\u00f3n y an\u00e1lisis del m\u00e9todo respondent-driven sampling online para estudios epidemiol\u00f3gicos en poblaciones de dif\u00edcil acceso: una ilustraci\u00f3n en el \u00e1mbito de la salud ocupacional. Directors\/es: Albert Navarro Gin\u00e9; Laura Esteve Matal\u00ed. Programa de Doctorat en Salud P\u00fablica, UAB.   <\/p>\n<\/details>\n\n<p><\/p>\n","protected":false},"excerpt":{"rendered":"","protected":false},"author":2767,"featured_media":0,"parent":0,"menu_order":0,"comment_status":"closed","ping_status":"closed","template":"","meta":{"footnotes":""},"class_list":["post-425","page","type-page","status-publish","hentry"],"_links":{"self":[{"href":"https:\/\/webs.uab.cat\/powah\/ca\/wp-json\/wp\/v2\/pages\/425","targetHints":{"allow":["GET"]}}],"collection":[{"href":"https:\/\/webs.uab.cat\/powah\/ca\/wp-json\/wp\/v2\/pages"}],"about":[{"href":"https:\/\/webs.uab.cat\/powah\/ca\/wp-json\/wp\/v2\/types\/page"}],"author":[{"embeddable":true,"href":"https:\/\/webs.uab.cat\/powah\/ca\/wp-json\/wp\/v2\/users\/2767"}],"replies":[{"embeddable":true,"href":"https:\/\/webs.uab.cat\/powah\/ca\/wp-json\/wp\/v2\/comments?post=425"}],"version-history":[{"count":1,"href":"https:\/\/webs.uab.cat\/powah\/ca\/wp-json\/wp\/v2\/pages\/425\/revisions"}],"predecessor-version":[{"id":426,"href":"https:\/\/webs.uab.cat\/powah\/ca\/wp-json\/wp\/v2\/pages\/425\/revisions\/426"}],"wp:attachment":[{"href":"https:\/\/webs.uab.cat\/powah\/ca\/wp-json\/wp\/v2\/media?parent=425"}],"curies":[{"name":"wp","href":"https:\/\/api.w.org\/{rel}","templated":true}]}}