{"id":490,"date":"2025-08-22T18:18:46","date_gmt":"2025-08-22T16:18:46","guid":{"rendered":"https:\/\/webs.uab.cat\/powah\/projectes\/"},"modified":"2025-09-30T20:11:45","modified_gmt":"2025-09-30T18:11:45","slug":"projectes","status":"publish","type":"page","link":"https:\/\/webs.uab.cat\/powah\/ca\/projectes\/","title":{"rendered":"Projectes"},"content":{"rendered":"\n<details class=\"wp-block-details is-layout-flow wp-block-details-is-layout-flow\"><summary>En desenvolupament<\/summary>\n<p>\u2013 <a href=\"https:\/\/webs.uab.cat\/powah\/wp-content\/uploads\/sites\/678\/2025\/08\/proj9.pdf\" target=\"_blank\" rel=\"noreferrer noopener\">IMPROnTa: Prevenir los riesgos de la organizaci\u00f3n del trabajo: \u00bfqu\u00e9 impacto tendr\u00eda en la productividad y el consumo de f\u00e1rmacos? Un abordaje desde la sociolog\u00eda y la salud laboral<\/a><\/p>\n<\/details>\n\n<details class=\"wp-block-details is-layout-flow wp-block-details-is-layout-flow\"><summary>Finalitzats<\/summary>\n<p>\u2013 <a href=\"https:\/\/webs.uab.cat\/powah\/wp-content\/uploads\/sites\/678\/2025\/08\/proj8.pdf\" target=\"_blank\" rel=\"noreferrer noopener\">Factors que dificulten o faciliten l\u2019avaluaci\u00f3 de riscos laborals psicosocials: la perspectiva dels t\u00e8cnics de serveis de prevenci\u00f3 aliens<\/a><\/p>\n\n\n\n<p>\u2013 <a href=\"https:\/\/webs.uab.cat\/powah\/wp-content\/uploads\/sites\/678\/2025\/08\/proj7-1.pdf\" target=\"_blank\" rel=\"noreferrer noopener\">Panel OTS: Pand\u00e8mies i organitzaci\u00f3 del treball. Generar noves evid\u00e8ncies per a la millora de les condicions de treball i vida<\/a><\/p>\n\n\n\n<p>\u2013 <a href=\"https:\/\/webs.uab.cat\/powah\/wp-content\/uploads\/sites\/678\/2025\/08\/proj6-2.pdf\" target=\"_blank\" rel=\"noreferrer noopener\">Consumir para trabajar: Consumo de psicotr\u00f3picos y analg\u00e9sicos por motivos laborales y potenciadores del rendimiento laboral en la poblaci\u00f3n asalariada espa\u00f1ola<\/a><\/p>\n\n\n\n<p>\u2013 <a href=\"https:\/\/webs.uab.cat\/powah\/wp-content\/uploads\/sites\/678\/2025\/08\/proj5-2.pdf\" target=\"_blank\" rel=\"noreferrer noopener\">Estudio Cuid\u00e9moNos: Exposici\u00f3n a riesgos psicosociales y estado de salud entre trabajadoras auxiliares t\u00e9cnicas sociosanitarias a domicilio y propuestas de mejora<\/a><\/p>\n\n\n\n<p>\u2013 <a href=\"https:\/\/webs.uab.cat\/powah\/wp-content\/uploads\/sites\/678\/2025\/08\/proj4.pdf\" target=\"_blank\" rel=\"noreferrer noopener\">Condiciones de trabajo y salud tras un a\u00f1o de COVID-19 (COTS2)<\/a><\/p>\n\n\n\n<p>\u2013 <a href=\"https:\/\/webs.uab.cat\/powah\/wp-content\/uploads\/sites\/678\/2025\/08\/proj3-2.pdf\" target=\"_blank\" rel=\"noreferrer noopener\">Condiciones de trabajo, inseguridad y salud en el contexto de la COVID-19 (COTS)<\/a><\/p>\n\n\n\n<p>\u2013 <a href=\"https:\/\/webs.uab.cat\/powah\/wp-content\/uploads\/sites\/678\/2025\/08\/proj2.pdf\" target=\"_blank\" rel=\"noreferrer noopener\">Constituci\u00f3n de una cohorte de trabajadores para el estudio del efecto de la exposici\u00f3n a riesgos psicosociales sobre la salud mental, absentismo laboral y presentismo en Espa\u00f1a, 2016-2018<\/a><\/p>\n\n\n\n<p>&#8211; <a href=\"https:\/\/webs.uab.cat\/powah\/wp-content\/uploads\/sites\/678\/2025\/08\/proj1-1.pdf\" target=\"_blank\" rel=\"noreferrer noopener\">Exposiciones psicosociales, inseguridad laboral y salud en una d\u00e9cada de crisis<\/a><\/p>\n<\/details>\n\n<details class=\"wp-block-details is-layout-flow wp-block-details-is-layout-flow\"><summary>Col\u00b7laboraci\u00f3 en projectes liderats per altres grups<\/summary>\n<p>\u2013 <a href=\"https:\/\/webs.uab.cat\/powah\/wp-content\/uploads\/sites\/678\/2025\/09\/proj_altres2.pdf\" target=\"_blank\" rel=\"noreferrer noopener\">OUTIP: Fuera de control. An\u00e1lisis de la precariedad y su efecto en el bienestar psicol\u00f3gico de la juventud desde una perspectiva interseccional<\/a><\/p>\n\n\n\n<p>\u2013 <a href=\"https:\/\/webs.uab.cat\/powah\/wp-content\/uploads\/sites\/678\/2025\/08\/proj_altres1.pdf\" target=\"_blank\" rel=\"noreferrer noopener\">The social capital of Spanish youth: Traits and effects on the material and emotional well-being<\/a><\/p>\n\n\n\n<p><\/p>\n<\/details>\n\n<p><\/p>\n","protected":false},"excerpt":{"rendered":"","protected":false},"author":2767,"featured_media":0,"parent":0,"menu_order":0,"comment_status":"closed","ping_status":"closed","template":"","meta":{"footnotes":""},"class_list":["post-490","page","type-page","status-publish","hentry"],"_links":{"self":[{"href":"https:\/\/webs.uab.cat\/powah\/ca\/wp-json\/wp\/v2\/pages\/490","targetHints":{"allow":["GET"]}}],"collection":[{"href":"https:\/\/webs.uab.cat\/powah\/ca\/wp-json\/wp\/v2\/pages"}],"about":[{"href":"https:\/\/webs.uab.cat\/powah\/ca\/wp-json\/wp\/v2\/types\/page"}],"author":[{"embeddable":true,"href":"https:\/\/webs.uab.cat\/powah\/ca\/wp-json\/wp\/v2\/users\/2767"}],"replies":[{"embeddable":true,"href":"https:\/\/webs.uab.cat\/powah\/ca\/wp-json\/wp\/v2\/comments?post=490"}],"version-history":[{"count":4,"href":"https:\/\/webs.uab.cat\/powah\/ca\/wp-json\/wp\/v2\/pages\/490\/revisions"}],"predecessor-version":[{"id":596,"href":"https:\/\/webs.uab.cat\/powah\/ca\/wp-json\/wp\/v2\/pages\/490\/revisions\/596"}],"wp:attachment":[{"href":"https:\/\/webs.uab.cat\/powah\/ca\/wp-json\/wp\/v2\/media?parent=490"}],"curies":[{"name":"wp","href":"https:\/\/api.w.org\/{rel}","templated":true}]}}