{"id":557,"date":"2025-08-26T15:53:17","date_gmt":"2025-08-26T13:53:17","guid":{"rendered":"https:\/\/webs.uab.cat\/powah\/uneix-te\/"},"modified":"2025-08-26T16:34:14","modified_gmt":"2025-08-26T14:34:14","slug":"uneix-te","status":"publish","type":"page","link":"https:\/\/webs.uab.cat\/powah\/ca\/uneix-te\/","title":{"rendered":"Uneix-te"},"content":{"rendered":"\n<h2 class=\"wp-block-heading has-text-align-center\">Tesis doctorals o de m\u00e0ster<\/h2>\n\n<p class=\"has-drop-cap\">Vols investigar amb impacte social? Al nostre grup tindr\u00e0s <strong>mentoria propera<\/strong>, <strong>metodologies mixtes<\/strong>, acc\u00e9s a <strong>projectes en curs<\/strong> i una <strong>xarxa de col\u00b7laboraci\u00f3<\/strong> amb sindicats i altres grups de recerca en ci\u00e8ncies socials i de la salut. Creix com a investigador\/a i ajuda a millorar la salut de les persones treballadores. Si t\u2019interessa, contacta: <a href=\"mailto:gr.powah@uab.cat\">gr.powah@uab.cat \u2197<\/a>   <\/p>\n\n<h2 class=\"wp-block-heading has-text-align-center\">Recerques a mida<\/h2>\n\n<p class=\"has-drop-cap\">Dissenyem i implementem <strong>recerca a mida<\/strong> dins el nostre \u00e0mbit d\u2019especialitzaci\u00f3 <strong>per a entitats compromeses amb la millora de la salut de les persones treballadores<\/strong>, amb prioritat per a organitzacions sindicals, associacions professionals, col\u00b7lectius o plataformes de treballadores i treballadors i altres organitzacions socials. Si t\u2019interessa, contacta: <a href=\"mailto:gr.powah@uab.cat\">gr.powah@uab.cat \u2197<\/a> <\/p>\n\n<p><\/p>\n","protected":false},"excerpt":{"rendered":"<p>Tesis doctorals o de m\u00e0ster Vols investigar amb impacte social? Al nostre grup tindr\u00e0s mentoria propera, metodologies mixtes, acc\u00e9s a projectes en curs i una xarxa de col\u00b7laboraci\u00f3 amb sindicats i altres grups de recerca en ci\u00e8ncies socials i de la salut. Creix com a investigador\/a i ajuda a millorar la salut de les persones [&hellip;]<\/p>\n","protected":false},"author":2767,"featured_media":0,"parent":0,"menu_order":0,"comment_status":"closed","ping_status":"closed","template":"","meta":{"footnotes":""},"class_list":["post-557","page","type-page","status-publish","hentry"],"_links":{"self":[{"href":"https:\/\/webs.uab.cat\/powah\/ca\/wp-json\/wp\/v2\/pages\/557","targetHints":{"allow":["GET"]}}],"collection":[{"href":"https:\/\/webs.uab.cat\/powah\/ca\/wp-json\/wp\/v2\/pages"}],"about":[{"href":"https:\/\/webs.uab.cat\/powah\/ca\/wp-json\/wp\/v2\/types\/page"}],"author":[{"embeddable":true,"href":"https:\/\/webs.uab.cat\/powah\/ca\/wp-json\/wp\/v2\/users\/2767"}],"replies":[{"embeddable":true,"href":"https:\/\/webs.uab.cat\/powah\/ca\/wp-json\/wp\/v2\/comments?post=557"}],"version-history":[{"count":2,"href":"https:\/\/webs.uab.cat\/powah\/ca\/wp-json\/wp\/v2\/pages\/557\/revisions"}],"predecessor-version":[{"id":560,"href":"https:\/\/webs.uab.cat\/powah\/ca\/wp-json\/wp\/v2\/pages\/557\/revisions\/560"}],"wp:attachment":[{"href":"https:\/\/webs.uab.cat\/powah\/ca\/wp-json\/wp\/v2\/media?parent=557"}],"curies":[{"name":"wp","href":"https:\/\/api.w.org\/{rel}","templated":true}]}}