{"id":64,"date":"2025-08-07T15:20:33","date_gmt":"2025-08-07T13:20:33","guid":{"rendered":"https:\/\/webs.uab.cat\/powah\/membres\/clara-llorens-serrano\/"},"modified":"2025-08-19T13:54:03","modified_gmt":"2025-08-19T11:54:03","slug":"clara-llorens-serrano","status":"publish","type":"page","link":"https:\/\/webs.uab.cat\/powah\/ca\/membres\/clara-llorens-serrano\/","title":{"rendered":"Clara Llorens Serrano"},"content":{"rendered":"\n<h2 class=\"wp-block-heading has-text-align-center\"><\/h2>\n\n<p class=\"has-drop-cap\">Doctora en Sociologia, treballa a l\u2019Institut Sindical de Treball, Ambient i Salut (ISTAS-F1M) de CCOO des del 2001, a m\u00e9s de ser professora associada a temps parcial al Departament de Sociologia de la UAB des de 1999. Practica l\u2019activisme del coneixement treballant tant en l\u2019\u00e0mbit t\u00e8cnic-cient\u00edfic com en el social-sindical, amb l\u2019objectiu estrat\u00e8gic de produir i promoure l\u2019\u00fas t\u00e0ctic del coneixement basat en l\u2019experi\u00e8ncia, a m\u00e9s de l\u2019expertesa cient\u00edfica i legal.  Les seves principals \u00e0rees de treball s\u00f3n: la relaci\u00f3 entre els factors de risc psicosocial i les pr\u00e0ctiques de gesti\u00f3 laboral per aconseguir la prevenci\u00f3 en l\u2019origen; la millora i el seguiment de la versi\u00f3 espanyola de la metodologia COPSOQ d\u2019avaluaci\u00f3 de riscos psicosocials, sent membre del comit\u00e8 directiu internacional d\u2019aquesta metodologia; i el desenvolupament d\u2019un proc\u00e9s d\u2019intervenci\u00f3 participativa per a la prevenci\u00f3 dels riscos psicosocials al lloc de treball.<\/p>\n\n<p>\ud83d\udce7 cllorens@1mayo.ccoo.es \/ clara.llorens@uab.cat<br\/>\ud83d\udd17 <a href=\"https:\/\/orcid.org\/0000-0001-9957-3156\" target=\"_blank\" rel=\"noreferrer noopener\"><strong>ORCID ID:<\/strong> 0000-0001-9957-3156<\/a><\/p>\n\n<p><\/p>\n","protected":false},"excerpt":{"rendered":"<p>Doctora en Sociologia, treballa a l\u2019Institut Sindical de Treball, Ambient i Salut (ISTAS-F1M) de CCOO des del 2001, a m\u00e9s de ser professora associada a temps parcial al Departament de Sociologia de la UAB des de 1999. Practica l\u2019activisme del coneixement treballant tant en l\u2019\u00e0mbit t\u00e8cnic-cient\u00edfic com en el social-sindical, amb l\u2019objectiu estrat\u00e8gic de produir [&hellip;]<\/p>\n","protected":false},"author":2767,"featured_media":0,"parent":46,"menu_order":0,"comment_status":"closed","ping_status":"closed","template":"","meta":{"footnotes":""},"class_list":["post-64","page","type-page","status-publish","hentry"],"_links":{"self":[{"href":"https:\/\/webs.uab.cat\/powah\/ca\/wp-json\/wp\/v2\/pages\/64","targetHints":{"allow":["GET"]}}],"collection":[{"href":"https:\/\/webs.uab.cat\/powah\/ca\/wp-json\/wp\/v2\/pages"}],"about":[{"href":"https:\/\/webs.uab.cat\/powah\/ca\/wp-json\/wp\/v2\/types\/page"}],"author":[{"embeddable":true,"href":"https:\/\/webs.uab.cat\/powah\/ca\/wp-json\/wp\/v2\/users\/2767"}],"replies":[{"embeddable":true,"href":"https:\/\/webs.uab.cat\/powah\/ca\/wp-json\/wp\/v2\/comments?post=64"}],"version-history":[{"count":5,"href":"https:\/\/webs.uab.cat\/powah\/ca\/wp-json\/wp\/v2\/pages\/64\/revisions"}],"predecessor-version":[{"id":222,"href":"https:\/\/webs.uab.cat\/powah\/ca\/wp-json\/wp\/v2\/pages\/64\/revisions\/222"}],"up":[{"embeddable":true,"href":"https:\/\/webs.uab.cat\/powah\/ca\/wp-json\/wp\/v2\/pages\/46"}],"wp:attachment":[{"href":"https:\/\/webs.uab.cat\/powah\/ca\/wp-json\/wp\/v2\/media?parent=64"}],"curies":[{"name":"wp","href":"https:\/\/api.w.org\/{rel}","templated":true}]}}