{"id":71,"date":"2025-08-06T21:56:15","date_gmt":"2025-08-06T19:56:15","guid":{"rendered":"https:\/\/webs.uab.cat\/powah\/presentacio\/"},"modified":"2025-08-26T16:45:53","modified_gmt":"2025-08-26T14:45:53","slug":"presentacio","status":"publish","type":"page","link":"https:\/\/webs.uab.cat\/powah\/ca\/","title":{"rendered":"Presentaci\u00f3"},"content":{"rendered":"\n<h2 class=\"wp-block-heading has-text-align-center\">Qui som?<\/h2>\n\n<p class=\"has-drop-cap\">El grup de recerca en riscos psicosocials, organitzaci\u00f3 del treball i salut de la Universitat Aut\u00f2noma de Barcelona (POWAH, per les seves sigles en angl\u00e8s) \u00e9s un grup multidisciplinari format per professionals que treballen en l\u2019\u00e0mbit de la salut p\u00fablica a la Facultat de Medicina i a la Facultat de Ci\u00e8ncies Pol\u00edtiques i de Sociologia. Som un grup relativament petit per\u00f2 molt actiu, amb vincles permanents amb sindicats i altres grups de recerca en els \u00e0mbits de la salut i les ci\u00e8ncies socials, tant a nivell nacional com internacional. Entre altres, hem format part de l\u2019equip central responsable de l\u2019adaptaci\u00f3 i validaci\u00f3 de les tres versions del Q\u00fcestionari Psicosocial de Copenhaguen (COPSOQ) a Espanya \u2014una eina per a l\u2019avaluaci\u00f3 i la millora de l\u2019entorn psicosocial laboral mitjan\u00e7ant el canvi de les condicions de treball\u2014; en les enquestes espanyoles de riscos psicosocials (2005, 2010 i 2016); aix\u00ed com en les dues edicions de l\u2019enquesta COTS (2020, 2021), amb l\u2019objectiu de descriure les condicions laborals i l\u2019estat de salut de les persones assalariades en el context de la COVID a Espanya.   Des de l&#8217;any 2022, POWAH forma part de l&#8217;Institut d&#8217;Estudis del Treball (<a href=\"https:\/\/www.uab.cat\/es\/iet\" target=\"_blank\" rel=\"noreferrer noopener\">IET<\/a>) de la UAB.<\/p>\n\n<h2 class=\"wp-block-heading has-text-align-center\">Origen<\/h2>\n\n<p class=\"has-drop-cap\">El grup POWAH-UAB va n\u00e9ixer formalment l\u2019any 2018, quan va ser acreditat com a grup de recerca reconegut pel govern de Catalunya (2017SGR958). Tot i que formalment no es pot parlar del POWAH-UAB fins a aquella data, els seus membres \u2014i altres col\u00b7laboradors no afiliats oficialment\u2014 feia molts anys que treballaven junts en el marc de la col\u00b7laboraci\u00f3 entre l\u2019Institut Sindical de Treball, Ambient i Salut (ISTAS) de Barcelona, liderat en aquell moment pel Dr. Salvador Moncada Llu\u00eds, i la Unitat de Bioestad\u00edstica de la UAB. <\/p>\n\n<h2 class=\"wp-block-heading has-text-align-center\">L\u00ednies de recerca<\/h2>\n\n<p class=\"has-drop-cap\">l focus de recerca de POWAH-UAB \u00e9s la salut laboral, m\u00e9s concretament, l\u2019estudi de la r<strong>elaci\u00f3 entre les pr\u00e0ctiques empresarials de gesti\u00f3 laboral, l\u2019exposici\u00f3 a riscos psicosocials a la feina i el seu efecte en la salut de les persones treballadores, des de la perspectiva de les desigualtats socials en salut amb una visi\u00f3 interseccional<\/strong>. Algunes l\u00ednies espec\u00edfiques de recerca s\u00f3n:<\/p>\n\n<ul class=\"wp-block-list\">\n<li>Relaci\u00f3 entre les pr\u00e0ctiques de gesti\u00f3 laboral, l\u2019exposici\u00f3 a riscos psicosocials a la feina i la salut de les persones treballadores.<\/li>\n\n\n\n<li>Desigualtats de classe, g\u00e8nere i edat, des d\u2019una perspectiva interseccional.<\/li>\n\n\n\n<li>Promoci\u00f3 de l\u2019avaluaci\u00f3 dels riscos psicosocials en el treball i implementaci\u00f3 de mesures preventives.<\/li>\n\n\n\n<li>Estudi de poblacions espec\u00edfiques, especialment les laboralment vulnerables.<\/li>\n\n\n\n<li>Desenvolupaments metodol\u00f2gics en l\u2019\u00e0mbit de la salut laboral.<\/li>\n<\/ul>\n\n<p><\/p>\n","protected":false},"excerpt":{"rendered":"<p>Qui som? El grup de recerca en riscos psicosocials, organitzaci\u00f3 del treball i salut de la Universitat Aut\u00f2noma de Barcelona (POWAH, per les seves sigles en angl\u00e8s) \u00e9s un grup multidisciplinari format per professionals que treballen en l\u2019\u00e0mbit de la salut p\u00fablica a la Facultat de Medicina i a la Facultat de Ci\u00e8ncies Pol\u00edtiques i [&hellip;]<\/p>\n","protected":false},"author":2767,"featured_media":0,"parent":0,"menu_order":0,"comment_status":"closed","ping_status":"closed","template":"","meta":{"footnotes":""},"class_list":["post-71","page","type-page","status-publish","hentry"],"_links":{"self":[{"href":"https:\/\/webs.uab.cat\/powah\/ca\/wp-json\/wp\/v2\/pages\/71","targetHints":{"allow":["GET"]}}],"collection":[{"href":"https:\/\/webs.uab.cat\/powah\/ca\/wp-json\/wp\/v2\/pages"}],"about":[{"href":"https:\/\/webs.uab.cat\/powah\/ca\/wp-json\/wp\/v2\/types\/page"}],"author":[{"embeddable":true,"href":"https:\/\/webs.uab.cat\/powah\/ca\/wp-json\/wp\/v2\/users\/2767"}],"replies":[{"embeddable":true,"href":"https:\/\/webs.uab.cat\/powah\/ca\/wp-json\/wp\/v2\/comments?post=71"}],"version-history":[{"count":8,"href":"https:\/\/webs.uab.cat\/powah\/ca\/wp-json\/wp\/v2\/pages\/71\/revisions"}],"predecessor-version":[{"id":569,"href":"https:\/\/webs.uab.cat\/powah\/ca\/wp-json\/wp\/v2\/pages\/71\/revisions\/569"}],"wp:attachment":[{"href":"https:\/\/webs.uab.cat\/powah\/ca\/wp-json\/wp\/v2\/media?parent=71"}],"curies":[{"name":"wp","href":"https:\/\/api.w.org\/{rel}","templated":true}]}}