{"id":112,"date":"2025-08-07T23:23:19","date_gmt":"2025-08-07T21:23:19","guid":{"rendered":"https:\/\/webs.uab.cat\/powah\/?page_id=112"},"modified":"2026-04-02T15:08:55","modified_gmt":"2026-04-02T13:08:55","slug":"publicaciones","status":"publish","type":"page","link":"https:\/\/webs.uab.cat\/powah\/publicaciones\/","title":{"rendered":"Publicaciones"},"content":{"rendered":"\n<details class=\"wp-block-details is-layout-flow wp-block-details-is-layout-flow\"><summary>Art\u00edculos cientificos<\/summary>\n<p><a href=\"https:\/\/journals.sagepub.com\/doi\/abs\/10.1177\/21650799261434183\" target=\"_blank\" rel=\"noreferrer noopener\">\u2013 Feijoo-Cid M, Fern\u00e1ndez-Cano MI, Sals-Nic\u00e1s S, Ferrer-Rosende P, Arreciado Mara\u00f1on A, Navarro-Gin\u00e9 A. Occupational Risks Prevention and Psychosocial Risks in Home Care Aides: A Mixed Methods Study.\u00a0<em>Workplace Health &amp; Safety<\/em>\u00a02026 [advance acces].<\/a><\/p>\n\n\n\n<p><a href=\"https:\/\/www.jstage.jst.go.jp\/article\/indhealth\/64\/1\/64_2025-0105\/_article\" target=\"_blank\" rel=\"noreferrer noopener\">\u2013 Salas-Nic\u00e1s S, Laabbas-El-Guennouni M. Heat stress and social dialogue in Spain.\u00a0<em>Industrial health<\/em>\u00a02026;20;64:84-95.<\/a><\/p>\n\n\n\n<p><a href=\"https:\/\/journals.sagepub.com\/doi\/10.1177\/14034948251332510?icid=int.sj-abstract.similar-articles.1\" target=\"_blank\" rel=\"noreferrer noopener\">\u2013 Esteve Matal\u00ed L, Salas-Nic\u00e1s S, Llorens-Serrano C, Navarro-Gin\u00e9 A. Employment protection policies in the COVID-19 context: Did they protect workers\u2019 mental health? An intersectional perspective of the Spanish case.&nbsp;<em>Scandinavian Journal of Public Health<\/em>&nbsp;2025;53:544-551.<\/a><\/p>\n\n\n\n<p><a href=\"https:\/\/ojs.sanidad.gob.es\/index.php\/resp\/article\/view\/579\" target=\"_blank\" rel=\"noreferrer noopener\">\u2013 Ferrer Rosende P, Esteve Matal\u00ed L, Stuardo \u00c1vila V, Fuentes Alburquenque M, Navarro Gin\u00e9 A. Potential biases in epidemiological studies using respondent-driven sampling method: a comparison between its face-to-face and online application.&nbsp;<em>Revista Espa\u00f1ola de Salud P\u00fablica<\/em>&nbsp;2024;98:e202412062.<\/a><\/p>\n\n\n\n<p><a href=\"https:\/\/oem.bmj.com\/content\/early\/2024\/09\/06\/oemed-2024-109456\" target=\"_blank\" rel=\"noreferrer noopener\">\u2013 Utzet M, Llorens-Serrano C, Ayala-Garc\u00eda A, Esteve-Matal\u00ed L, Navarro-Gin\u00e9 A, Bacigalupe A. Women working as cleaners in Spain: working conditions and use of psychotropic drugs.&nbsp;<em>Occupational and Environmental Medicine<\/em>&nbsp;2024;81:433-481.<\/a><\/p>\n\n\n\n<p><a href=\"https:\/\/journals.lww.com\/joem\/abstract\/9900\/job_insecurity,_mental_and_general_health_over.527.aspx\" target=\"_blank\" rel=\"noreferrer noopener\">\u2013 Salas-Nic\u00e1s S, Esteve-Matal\u00ed L, Llorens-Serrano C, Navarro-Gin\u00e9 A. Job insecurity, mental and general health over time: a longitudinal update of a cross-sectional study.&nbsp;<em>Journal of Occupational and Environmental Medicine<\/em>&nbsp;2024;66:523-527<\/a><\/p>\n\n\n\n<p class=\"has-text-align-left\"><a href=\"https:\/\/mattioli1885journals.com\/index.php\/lamedicinadellavoro\/article\/view\/15265\" target=\"_blank\" rel=\"noreferrer noopener\">\u2013 G\u00f3mez-Dom\u00ednguez A, Ferrer-Rosende P, Esteve-Matal\u00ed L, Llorens-Serrano C, Salas-Nic\u00e1s S, Navarro-Gin\u00e9 A. Comparing Exposure to Psychosocial Risks: Face-to-Face Work vs. Telework.&nbsp;<em>Medicina del Lavoro<\/em>&nbsp;2024;115:e2024020<\/a><\/p>\n\n\n\n<p class=\"has-text-align-left\"><a rel=\"noreferrer noopener\" href=\"https:\/\/onlinelibrary.wiley.com\/doi\/10.1002\/ajim.23578\" target=\"_blank\">\u2013 Oll\u00e9\u2010Espluga L, Pay\u00e1 Castiblanque R, Llorens\u2010Serrano C, Esteve\u2010Matal\u00ed L, Navarro\u2010Gin\u00e9 A. Protective action in the workplace in the time of COVID-19: The role of worker representation.&nbsp;<em>American Journal of Industrial Medicine&nbsp;<\/em>2024;67:453-465.<\/a><\/p>\n\n\n\n<p class=\"has-text-align-left\">\u2013&nbsp;<a rel=\"noreferrer noopener\" href=\"https:\/\/www.sciencedirect.com\/science\/article\/pii\/S092575352400033X\" target=\"_blank\">Navarro-Gin\u00e9 A, Esteve-Matal\u00ed L, Carrasquer P, Feijoo-Cid M, Fern\u00e1ndez-Cano MI, Llorens-Serrano C, Molina O, Mori\u00f1a D, Pastor A, Portell M, Recio A, Salas-Nic\u00e1s S, Sol\u00e0 X. OTS Panel: a Cohort Study to Explore the Relationship Between Work Organization and Health in Spain.&nbsp;<em>Safety Science<\/em>&nbsp;2024;173:106443<\/a>.<\/p>\n\n\n\n<p><a href=\"https:\/\/www.tandfonline.com\/doi\/full\/10.1080\/03610918.2022.2149805\" target=\"_blank\" rel=\"noreferrer noopener\">&#8211; Hern\u00e1ndez-Herrera G, Navarro A, Mori\u00f1a D. Regression-based imputation of explanatory discrete missing data. <em>Communications in Statistics \u2013 Simulation and Computation<\/em>&nbsp;2024; 53: 4363-4379.<\/a><\/p>\n\n\n\n<p class=\"has-text-align-left\">\u2013&nbsp;<a rel=\"noreferrer noopener\" href=\"https:\/\/academic.oup.com\/occmed\/advance-article\/doi\/10.1093\/occmed\/kqac121\/6965872?login=false\" target=\"_blank\">Moreno Mart\u00ednez M, Feijoo-Cid M, Fern\u00e1ndez-Cano M I, Llorens-Serrano C, Navarro-Gin\u00e9 A, Psychosocial risk in healthcare workers after one year of COVID-19,&nbsp;<em>Occupational Medicine<\/em>, 2024;74:37-44.<\/a><\/p>\n\n\n\n<p class=\"has-text-align-left\"><a rel=\"noreferrer noopener\" href=\"https:\/\/bmcmedresmethodol.biomedcentral.com\/articles\/10.1186\/s12874-023-02042-z\" target=\"_blank\">\u2013 Ferrer-Rosende P; Feijoo-Cid M; Fern\u00e1ndez-Cano MI; Salas-Nic\u00e1s S; Stuardo-\u00c1vila V; Navarro-Gin\u00e9 A. Implementation of web-based respondent driven sampling in epidemiological studies.&nbsp;<em>BMC Medical Research Methodology<\/em>&nbsp;2023;23:217.<\/a><\/p>\n\n\n\n<p class=\"has-text-align-left\"><a rel=\"noreferrer noopener\" href=\"https:\/\/journals.lww.com\/joem\/Abstract\/9900\/Sickness_presenteeism_and_psychosocial_risk.250.aspx\" target=\"_blank\">\u2013 G\u00f3mez-Dom\u00ednguez A, Ferrer-Rosende P, Esteve-Matal\u00ed L, Salas-Nic\u00e1s S, Navarro-Gin\u00e9 A. (2023). Sickness presenteeism and psychosocial risk factors according to inequality according to inequality axes.&nbsp;<em>Journal of Occupational and Environmental Medicine&nbsp;<\/em>2023;65:561-566.<\/a><\/p>\n\n\n\n<p class=\"has-text-align-left\">\u2013&nbsp;<a rel=\"noreferrer noopener\" href=\"https:\/\/jech.bmj.com\/content\/77\/1\/38\" target=\"_blank\">Esteve-Matal\u00ed&nbsp;L,&nbsp;Llorens-Serrano&nbsp;C,&nbsp;Alonso J, Vilagut G, Moncada S, Navarro-Gin\u00e9 A. Mental health inequalities in times of crisis: evolution between 2005 and 2021 among the Spanish salaried population,&nbsp;<em>Journal of Epidemiology &amp; Community Health&nbsp;<\/em>2023;77:38-43.<\/a><\/p>\n\n\n\n<p class=\"has-text-align-left\">\u2013<a rel=\"noreferrer noopener\" href=\"https:\/\/onlinelibrary.wiley.com\/doi\/full\/10.1002\/ajim.23414\" target=\"_blank\">&nbsp;Llorens-Serrano C, Salas-Nic\u00e1s S, Navarro-Gin\u00e9 A, Moncada Llu\u00eds S. Delegation and consultation on operational and tactical issues: Any difference in their potentialities for a healthier psychosocial work environment?&nbsp;<em>American Journal of Industrial Medicine 2022;65:800-812.<\/em><\/a><\/p>\n\n\n\n<p class=\"has-text-align-left\">\u2013<a rel=\"noreferrer noopener\" href=\"https:\/\/jech.bmj.com\/content\/76\/6\/537\" target=\"_blank\">&nbsp;Utzet&nbsp;M,&nbsp;Bacigalupe&nbsp;A,&nbsp;Navarro&nbsp;A. Occupational health, frontline workers and COVID-19 lockdown: new gender-related inequalities?.&nbsp;<em>J Epidemiol Community Health&nbsp;<\/em>2022;76:537-543.<\/a><\/p>\n\n\n\n<p class=\"has-text-align-left\">\u2013&nbsp;<a rel=\"noreferrer noopener\" href=\"https:\/\/www.sciencedirect.com\/science\/article\/pii\/S0213911121003186\" target=\"_blank\">Navarro A, Fern\u00e1ndez-Cano I, Salas-Nic\u00e1s S, Llorens C, Mori\u00f1a D, Moncada S. Relaci\u00f3n entre exposici\u00f3n a riesgos psicosociales y salud: un estudio de cohorte mediante el COPSOQ-Istas21.&nbsp;<em>Gaceta Sanitaria<\/em>&nbsp;2022;36:376-379<\/a>.<\/p>\n\n\n\n<p>\u2013&nbsp;<a href=\"https:\/\/revistes.uab.cat\/anuarioiet\/article\/view\/v8-navarro-esteve-llorens-etal\" target=\"_blank\" rel=\"noreferrer noopener\">Navarro Gin\u00e9 A, Esteve Matal\u00ed L, Llorens Serrano C, Salas Nic\u00e1s S, Moncada Llu\u00eds S. Exposici\u00f3n a riesgos laborales psicosociales y salud mental: evidencias en Espa\u00f1a en el per\u00edodo 2005-2021.&nbsp;<em>Anuario del IET de Trabajo y Relaciones Laborales<\/em>&nbsp;2022;8:43-63.<\/a><\/p>\n\n\n\n<p class=\"has-text-align-left\">\u2013&nbsp;<a rel=\"noreferrer noopener\" href=\"https:\/\/www.sciencedirect.com\/science\/article\/pii\/S0925753521003428#!\" target=\"_blank\"><\/a><a rel=\"noreferrer noopener\" href=\"https:\/\/www.sciencedirect.com\/science\/article\/pii\/S0925753521003428?via%3Dihub\" target=\"_blank\">Moreno Mart\u00ednez M, Fern\u00e1ndez-Cano MI, Feijoo-Cid M, Llorens C, Navarro A. Health outcomes and psychosocial risk exposures among healthcare workers during the first wave of the COVID-19 outbreak.&nbsp;<em>Safety Science<\/em>&nbsp;2022;145:105499.<\/a><\/p>\n\n\n\n<p class=\"has-text-align-left\">\u2013&nbsp;<a rel=\"noreferrer noopener\" href=\"https:\/\/bmcmedresmethodol.biomedcentral.com\/articles\/10.1186\/s12874-021-01427-2\" target=\"_blank\">Mori\u00f1a D, Puig P, Navarro A. Analysis of zero inflated dichotomous variables from a Bayesian perspective: application to occupational health.<em>BMC Medical Research Methodology 2021;21:277.<\/em><\/a><\/p>\n\n\n\n<p class=\"has-text-align-left\">\u2013&nbsp;<a rel=\"noreferrer noopener\" href=\"http:\/\/www.sciencedirect.com\/science\/article\/pii\/S0033350621002560\" target=\"_blank\">Navarro A, Llorens C, Salas-Nic\u00e1s S, Moncada S. Going to work with COVID-19 symptoms among non sanitary (or socio-sanitary) workers: an issue of social inequality.&nbsp;<em>Public Health<\/em>&nbsp;2021;198:6-8.<\/a><\/p>\n\n\n\n<p class=\"has-text-align-left\">\u2013&nbsp;<a href=\"http:\/\/www.mscbs.gob.es\/biblioPublic\/publicaciones\/recursos_propios\/resp\/revista_cdrom\/VOL95\/ORIGINALES\/RS95C_202105075.pdf\" target=\"_blank\" rel=\"noreferrer noopener\">Moncada i Llu\u00eds S , Llorens Serrano C, Salas Nic\u00e1s S, Mori\u00f1a Soler D, Navarro Gin\u00e9 A. La tercera versi\u00f3n del COPSOQ-Istas21. Un instrumento internacional actualizado para la pre<\/a><a rel=\"noreferrer noopener\" href=\"http:\/\/www.mscbs.gob.es\/biblioPublic\/publicaciones\/recursos_propios\/resp\/revista_cdrom\/VOL95\/ORIGINALES\/RS95C_202105075.pdf\" target=\"_blank\">venci\u00f3n de los riesgos laborales en el trabajo.&nbsp;<em>Revista Espa\u00f1ola de Salud P\u00fablica<\/em>&nbsp;2021;95:e202105075.<\/a><\/p>\n\n\n\n<p><a href=\"http:\/\/www.sciencedirect.com\/science\/article\/abs\/pii\/S0925753520304616\">\u2013 Salas-Nic\u00e1s S, Moncada S, Llorens C, Navarro A. Working conditions an<\/a><a href=\"http:\/\/www.sciencedirect.com\/science\/article\/abs\/pii\/S0925753520304616\" target=\"_blank\" rel=\"noreferrer noopener\">d health in Spain during the COVID-19 pandemic: Minding the gap.&nbsp;<em>Safety Science<\/em>&nbsp;2021;134:105064.<\/a><\/p>\n\n\n\n<p><a href=\"http:\/\/link.springer.com\/article\/10.1007%2Fs00420-020-01609-3\" target=\"_blank\" rel=\"noreferrer noopener\">\u2013 Utzet M, Llorens C, Mori\u00f1a D, Moncada S. Persistent inequality: evolution of psychosocial exposures at work among the salaried population in Spain between 2005 and 2016.&nbsp;<em>International Archives of Occupational and Environmental Health<\/em>&nbsp;2021;94:621-629.<\/a><\/p>\n\n\n\n<p class=\"has-text-align-left\"><a href=\"http:\/\/www.sciencedirect.com\/science\/article\/abs\/pii\/S0925753520301934\">\u2013 Salas-Nic\u00e1s S, Moncada S, Llorens C, Mori\u00f1<\/a><a rel=\"noreferrer noopener\" href=\"http:\/\/www.sciencedirect.com\/science\/article\/abs\/pii\/S0925753520301934\" target=\"_blank\">a D, Navarro A. A complex view of perceived job insecurity: Relationship between three domains and their&nbsp;&nbsp;respective cognitive and a affective components.&nbsp;<em>Safety Science<\/em>&nbsp;2020;129:104796.<\/a><\/p>\n\n\n\n<p class=\"has-text-align-left\"><a rel=\"noreferrer noopener\" href=\"http:\/\/www.sleephealthjournal.org\/article\/S2352-7218(20)30080-2\/pdf\" target=\"_blank\">\u2013 Salas-Nic\u00e1s S, Sembajwe G, Navarro A, Llorens C, Moncada S, Buxton O. Job insecurity, economic hardship, and sleep problems in a national sample of salaried workers in Spain.&nbsp;<em>Sleep Health<\/em>&nbsp;2020;3:262-269.<\/a><\/p>\n\n\n\n<p class=\"has-text-align-left\"><a rel=\"noreferrer noopener\" href=\"http:\/\/www.tandfonline.com\/doi\/abs\/10.1080\/19338244.2019.1620160?journalCode=vaeh20\" target=\"_blank\">\u2013 Salas-Nic\u00e1s S, Navarro A, Llorens C, Moncada S. A comparison between cognitive and a affective job insecurities.&nbsp;<em>Archives of Environmental and Occupational Health<\/em>&nbsp;2020;75:317-320.<\/a><\/p>\n\n\n\n<p class=\"has-text-align-left\"><a rel=\"noreferrer noopener\" href=\"http:\/\/www.sciencedirect.com\/science\/article\/abs\/pii\/S0925753518314231\" target=\"_blank\">\u2013 Llorens C, Navarro A, Salas-Nic\u00e1s S, Utzet M, Moncada S. For better o for worse? Psychosocial work environment and direct participation practices.&nbsp;<em>Safety Science&nbsp;<\/em>2019;2:78-85.<\/a><\/p>\n\n\n\n<p class=\"has-text-align-left\"><a rel=\"noreferrer noopener\" href=\"http:\/\/onlinelibrary.wiley.com\/doi\/10.1002\/ajim.22982\" target=\"_blank\">\u2013 Navarro A, Salas S, Llorens C, Moncada S, Molinero E, Mori\u00f1a D. Sickness presenteeism: Are we sure about what we are studying? A research based on a literature review and an empirical illustration.&nbsp;<em>American Journal of Industrial Medicine&nbsp;<\/em>2019;62:580-589.<\/a><\/p>\n\n\n\n<p class=\"has-text-align-left\"><a rel=\"noreferrer noopener\" href=\"http:\/\/www.sciencedirect.com\/science\/article\/pii\/S2093791118302725\" target=\"_blank\">\u2013 Burr H, Berthelsen H, Moncada S, N\u00fcbling M, Dupret E, Demiral Y, Oudyk J, Kristensen TS, Llorens C, Navarro A, Lincke HJ, Boc\u00e9r\u00e9an C, Sahan C, Smith P, Pohrt A, international COPSOQ Network. The Third Version of the Copenhagen Psychosocial Questionnaire.&nbsp;<em>Safety and Health at Work<\/em>&nbsp;2019;10:482-503.<\/a><\/p>\n\n\n\n<p class=\"has-text-align-left\"><a rel=\"noreferrer noopener\" href=\"http:\/\/bmjopen.bmj.com\/lookup\/pmidlookup?view=long&amp;pmid=30056382\" target=\"_blank\">\u2013 Navarro A, Salas-Nic\u00e1s S, Moncada S, Llorens C, Molinero-Ruiz E. Prevalence, associated factors and reasons for sickness presenteeism: A nationally representative study of the salaried workers in Spain, 2016.&nbsp;<em>BMJ Open<\/em>&nbsp;2018;8:e021212.<\/a><\/p>\n\n\n\n<p><a href=\"http:\/\/journals.lww.com\/joem\/Abstract\/2018\/11000\/Cognitive_and_Affective_Insecurity_Related_to.16.aspx\" target=\"_blank\" rel=\"noreferrer noopener\">\u2013 Salas-Nic\u00e1s S, Moncada S, Llorens C, Navarro A. Cognitive and affective insecurity related to remaining employed and working conditions: their associations with mental and general health.&nbsp;<em>Journal of Occupational and Environmental Medicine<\/em>&nbsp;2018;60:e589-e594.<\/a><\/p>\n<\/details>\n\n\n\n<details class=\"wp-block-details is-layout-flow wp-block-details-is-layout-flow\"><summary>Informes t\u00e9cnicos<\/summary>\n<p><a href=\"https:\/\/treball.gencat.cat\/web\/.content\/09_-_seguretat_i_salut_laboral\/documents\/04_-_riscos_i_condicions_de_treball\/riscos_laborals\/Risc_Psico\/Informe-risc-psicosocial-UAB-def.pdf\" target=\"_blank\" rel=\"noreferrer noopener\">\u2013&nbsp;Navarro Gin\u00e9 A,&nbsp;Rodr\u00edguez Arjona MD,&nbsp;Esteve Matal\u00ed L.&nbsp;<em>Factors que dificulten o faciliten l\u2019avaluaci\u00f3 de riscos laborals psicosocials La perspectiva dels t\u00e8cnics de serveis de prevenci\u00f3 aliens<\/em>. Institut Catal\u00e0 de seguretat i Salut Laboral, Generalitat de Catalunya; 2024<\/a><\/p>\n\n\n\n<p>\u2013&nbsp;<a href=\"https:\/\/ddd.uab.cat\/record\/292062?ln=ca\" target=\"_blank\" rel=\"noreferrer noopener\">Esteve-Matal\u00ed L,&nbsp;Navarro Gin\u00e9 A,&nbsp;Portell M,&nbsp;Ferrer-Rosende P.&nbsp;<em>Consumir para trabajar: Consumo de psicof\u00e1rmacos y analg\u00e9sicos por motivos laborales y potenciadores del rendimiento laboral en la poblaci\u00f3n asalariada espa\u00f1ola<\/em>. Cerdanyola del Vall\u00e8s: UAB; 2023.<\/a><\/p>\n\n\n\n<p>\u2013&nbsp;<a href=\"https:\/\/ddd.uab.cat\/record\/272314\" target=\"_blank\" rel=\"noreferrer noopener\">Fern\u00e1ndez-Cano MI,&nbsp;Navarro Gin\u00e9 A,&nbsp;Feijoo Cid M,&nbsp;Salas Nic\u00e1s S.&nbsp;<em>Estudio Cuid\u00e9moNos. Auxiliares de ayuda a domicilio en Espa\u00f1a, 2022: Riesgos laborales y estado de salud.&nbsp;<\/em>Barcelona: POWAH, GREMSAS, UAB; 2023.<\/a><\/p>\n\n\n\n<p>\u2013&nbsp;<a rel=\"noreferrer noopener\" href=\"http:\/\/ddd.uab.cat\/record\/248230?ln=en\" target=\"_blank\">Llorens-Serrano C, Navarro A, Salas-Nic\u00e1s S, Moncada S.&nbsp;<em>Condiciones de trabajo y salud tras un a\u00f1o de pandemia. Resultados de la encuesta COTS en 2021 y comparaci\u00f3n con 2020.&nbsp;<\/em>Barcelona: UAB, ISTAS- CCOO; 2021<\/a><\/p>\n\n\n\n<p><a rel=\"noreferrer noopener\" href=\"http:\/\/ddd.uab.cat\/record\/227641?ln=ca\" target=\"_blank\">\u2013 Salas-Nic\u00e1s S, Llorens-Serrano C, Navarro A, Moncada S.<em>&nbsp;Condiciones de trabajo, inseguridad y salud en el contexto del COVID-19: estudio de la poblaci\u00f3n asalariada de la encuesta COTS.<\/em>&nbsp;Barcelona: UAB, ISTAS-CCOO; 2020.<\/a><\/p>\n<\/details>\n\n\n\n<p><\/p>\n","protected":false},"excerpt":{"rendered":"","protected":false},"author":2767,"featured_media":0,"parent":0,"menu_order":0,"comment_status":"closed","ping_status":"closed","template":"","meta":{"footnotes":""},"class_list":["post-112","page","type-page","status-publish","hentry"],"_links":{"self":[{"href":"https:\/\/webs.uab.cat\/powah\/wp-json\/wp\/v2\/pages\/112","targetHints":{"allow":["GET"]}}],"collection":[{"href":"https:\/\/webs.uab.cat\/powah\/wp-json\/wp\/v2\/pages"}],"about":[{"href":"https:\/\/webs.uab.cat\/powah\/wp-json\/wp\/v2\/types\/page"}],"author":[{"embeddable":true,"href":"https:\/\/webs.uab.cat\/powah\/wp-json\/wp\/v2\/users\/2767"}],"replies":[{"embeddable":true,"href":"https:\/\/webs.uab.cat\/powah\/wp-json\/wp\/v2\/comments?post=112"}],"version-history":[{"count":16,"href":"https:\/\/webs.uab.cat\/powah\/wp-json\/wp\/v2\/pages\/112\/revisions"}],"predecessor-version":[{"id":628,"href":"https:\/\/webs.uab.cat\/powah\/wp-json\/wp\/v2\/pages\/112\/revisions\/628"}],"wp:attachment":[{"href":"https:\/\/webs.uab.cat\/powah\/wp-json\/wp\/v2\/media?parent=112"}],"curies":[{"name":"wp","href":"https:\/\/api.w.org\/{rel}","templated":true}]}}