{"id":167,"date":"2025-08-18T17:02:23","date_gmt":"2025-08-18T15:02:23","guid":{"rendered":"https:\/\/webs.uab.cat\/powah\/?page_id=167"},"modified":"2025-09-04T15:05:11","modified_gmt":"2025-09-04T13:05:11","slug":"francisca-barriga-yumha","status":"publish","type":"page","link":"https:\/\/webs.uab.cat\/powah\/miembros\/francisca-barriga-yumha\/","title":{"rendered":"Francisca Barriga Yumha"},"content":{"rendered":"\n<h2 class=\"wp-block-heading has-text-align-center\"><\/h2>\n\n\n\n<p class=\"has-drop-cap\">Estudiante predoctoral financiada por el programa MSCA-COFUND TOUCH (European Comission), compartida entre POWAH y el Centro de Estudios Sociol\u00f3gicos sobre la Vida Cotidiana y el Trabajo (<a href=\"https:\/\/quit.uab.cat\/es\/\" target=\"_blank\" rel=\"noreferrer noopener\">QUIT<\/a>). Graduada en Ciencias Econ\u00f3micas y con un m\u00e1ster en Pol\u00edtica Social, Trabajo y Bienestar, su tesis doctoral se orienta al estudio de c\u00f3mo las pr\u00e1cticas de gesti\u00f3n laboral y la organizaci\u00f3n colectiva de las trabajadoras del sector de cuidados de larga duraci\u00f3n se relacionan con su salud mental.<\/p>\n\n\n\n<p>\ud83d\udce7&nbsp;francisca.barriga@uab.cat<\/p>\n\n\n\n<p><\/p>\n","protected":false},"excerpt":{"rendered":"<p>Estudiante predoctoral financiada por el programa MSCA-COFUND TOUCH (European Comission), compartida entre POWAH y el Centro de Estudios Sociol\u00f3gicos sobre la Vida Cotidiana y el Trabajo (QUIT). Graduada en Ciencias Econ\u00f3micas y con un m\u00e1ster en Pol\u00edtica Social, Trabajo y Bienestar, su tesis doctoral se orienta al estudio de c\u00f3mo las pr\u00e1cticas de gesti\u00f3n laboral [&hellip;]<\/p>\n","protected":false},"author":2767,"featured_media":0,"parent":9,"menu_order":0,"comment_status":"closed","ping_status":"closed","template":"","meta":{"footnotes":""},"class_list":["post-167","page","type-page","status-publish","hentry"],"_links":{"self":[{"href":"https:\/\/webs.uab.cat\/powah\/wp-json\/wp\/v2\/pages\/167","targetHints":{"allow":["GET"]}}],"collection":[{"href":"https:\/\/webs.uab.cat\/powah\/wp-json\/wp\/v2\/pages"}],"about":[{"href":"https:\/\/webs.uab.cat\/powah\/wp-json\/wp\/v2\/types\/page"}],"author":[{"embeddable":true,"href":"https:\/\/webs.uab.cat\/powah\/wp-json\/wp\/v2\/users\/2767"}],"replies":[{"embeddable":true,"href":"https:\/\/webs.uab.cat\/powah\/wp-json\/wp\/v2\/comments?post=167"}],"version-history":[{"count":7,"href":"https:\/\/webs.uab.cat\/powah\/wp-json\/wp\/v2\/pages\/167\/revisions"}],"predecessor-version":[{"id":580,"href":"https:\/\/webs.uab.cat\/powah\/wp-json\/wp\/v2\/pages\/167\/revisions\/580"}],"up":[{"embeddable":true,"href":"https:\/\/webs.uab.cat\/powah\/wp-json\/wp\/v2\/pages\/9"}],"wp:attachment":[{"href":"https:\/\/webs.uab.cat\/powah\/wp-json\/wp\/v2\/media?parent=167"}],"curies":[{"name":"wp","href":"https:\/\/api.w.org\/{rel}","templated":true}]}}