{"id":171,"date":"2025-08-18T17:07:48","date_gmt":"2025-08-18T15:07:48","guid":{"rendered":"https:\/\/webs.uab.cat\/powah\/?page_id=171"},"modified":"2025-08-18T17:21:44","modified_gmt":"2025-08-18T15:21:44","slug":"laia-olle-espluga","status":"publish","type":"page","link":"https:\/\/webs.uab.cat\/powah\/miembros\/laia-olle-espluga\/","title":{"rendered":"Laia Oll\u00e9 Espluga"},"content":{"rendered":"\n<h2 class=\"wp-block-heading has-text-align-center\"><\/h2>\n\n\n\n<p class=\"has-drop-cap\">Polit\u00f3loga con un M\u00e1ster en Salud P\u00fablica y un Doctorado en Biomedicina. Su principal \u00e1rea de especializaci\u00f3n son las desigualdades en salud, habiendo realizado investigaciones sobre desigualdades en salud relacionadas con las condiciones de trabajo y empleo, as\u00ed como sobre equidad en salud y servicios sanitarios. Ha participado en m\u00faltiples proyectos de investigaci\u00f3n europeos y nacionales de gran envergadura y ha obtenido varias becas postdoctorales individuales. Actualmente trabaja en el Servicio de Salud y Trabajo de la Agencia de Salud P\u00fablica de Barcelona.<\/p>\n\n\n\n<p>\ud83d\udd17\u00a0<a href=\"https:\/\/orcid.org\/0000-0001-8943-6625\" target=\"_blank\" rel=\"noreferrer noopener\"><strong>ORCID ID:<\/strong>\u00a00000-0001-8943-6625<\/a><br><\/p>\n\n\n\n<p><\/p>\n","protected":false},"excerpt":{"rendered":"<p>Polit\u00f3loga con un M\u00e1ster en Salud P\u00fablica y un Doctorado en Biomedicina. Su principal \u00e1rea de especializaci\u00f3n son las desigualdades en salud, habiendo realizado investigaciones sobre desigualdades en salud relacionadas con las condiciones de trabajo y empleo, as\u00ed como sobre equidad en salud y servicios sanitarios. Ha participado en m\u00faltiples proyectos de investigaci\u00f3n europeos y [&hellip;]<\/p>\n","protected":false},"author":2767,"featured_media":0,"parent":9,"menu_order":0,"comment_status":"closed","ping_status":"closed","template":"","meta":{"footnotes":""},"class_list":["post-171","page","type-page","status-publish","hentry"],"_links":{"self":[{"href":"https:\/\/webs.uab.cat\/powah\/wp-json\/wp\/v2\/pages\/171","targetHints":{"allow":["GET"]}}],"collection":[{"href":"https:\/\/webs.uab.cat\/powah\/wp-json\/wp\/v2\/pages"}],"about":[{"href":"https:\/\/webs.uab.cat\/powah\/wp-json\/wp\/v2\/types\/page"}],"author":[{"embeddable":true,"href":"https:\/\/webs.uab.cat\/powah\/wp-json\/wp\/v2\/users\/2767"}],"replies":[{"embeddable":true,"href":"https:\/\/webs.uab.cat\/powah\/wp-json\/wp\/v2\/comments?post=171"}],"version-history":[{"count":3,"href":"https:\/\/webs.uab.cat\/powah\/wp-json\/wp\/v2\/pages\/171\/revisions"}],"predecessor-version":[{"id":183,"href":"https:\/\/webs.uab.cat\/powah\/wp-json\/wp\/v2\/pages\/171\/revisions\/183"}],"up":[{"embeddable":true,"href":"https:\/\/webs.uab.cat\/powah\/wp-json\/wp\/v2\/pages\/9"}],"wp:attachment":[{"href":"https:\/\/webs.uab.cat\/powah\/wp-json\/wp\/v2\/media?parent=171"}],"curies":[{"name":"wp","href":"https:\/\/api.w.org\/{rel}","templated":true}]}}