{"id":174,"date":"2025-08-18T17:15:18","date_gmt":"2025-08-18T15:15:18","guid":{"rendered":"https:\/\/webs.uab.cat\/powah\/?page_id=174"},"modified":"2025-08-19T15:37:36","modified_gmt":"2025-08-19T13:37:36","slug":"pedro-ferrer-rosende","status":"publish","type":"page","link":"https:\/\/webs.uab.cat\/powah\/miembros\/pedro-ferrer-rosende\/","title":{"rendered":"Pedro Ferrer Rosende"},"content":{"rendered":"\n<h2 class=\"wp-block-heading has-text-align-center\"><\/h2>\n\n\n\n<p class=\"has-drop-cap\">Estudiante predoctoral financiado por el programa Doctorado en el Extranjero (Agencia Nacional de Investigaci\u00f3n y Desarrollo, Estado de Chile). Bi\u00f3logo ambiental con un M\u00e1ster en Bioestad\u00edstica y un M\u00e1ster en Ecolog\u00eda y Evoluci\u00f3n. Actualmente es estudiante de Doctorado en Metodolog\u00eda de la Investigaci\u00f3n Biom\u00e9dica y Salud P\u00fablica en la UAB. Con formaci\u00f3n en ecolog\u00eda, nutrici\u00f3n e investigaci\u00f3n en c\u00e1ncer, actualmente centra su trabajo en cuestiones metodol\u00f3gicas en los estudios sobre riesgos psicosociales en el trabajo.<\/p>\n\n\n\n<p>\ud83d\udce7&nbsp;pedro.ferrer@uab.cat<br>\ud83d\udd17&nbsp;<a href=\"https:\/\/orcid.org\/0000-0002-3791-4696\" target=\"_blank\" rel=\"noreferrer noopener\"><strong>ORCID ID:<\/strong>&nbsp;0000-0002-3791-4696<\/a><br>\ud83d\udd0e&nbsp;<strong><a href=\"https:\/\/scholar.google.es\/citations?hl=en&amp;user=kfPBqaoAAAAJ\" target=\"_blank\" rel=\"noreferrer noopener\">Google Scholar<\/a><\/strong><\/p>\n\n\n\n<p><\/p>\n","protected":false},"excerpt":{"rendered":"<p>Estudiante predoctoral financiado por el programa Doctorado en el Extranjero (Agencia Nacional de Investigaci\u00f3n y Desarrollo, Estado de Chile). Bi\u00f3logo ambiental con un M\u00e1ster en Bioestad\u00edstica y un M\u00e1ster en Ecolog\u00eda y Evoluci\u00f3n. Actualmente es estudiante de Doctorado en Metodolog\u00eda de la Investigaci\u00f3n Biom\u00e9dica y Salud P\u00fablica en la UAB. Con formaci\u00f3n en ecolog\u00eda, nutrici\u00f3n [&hellip;]<\/p>\n","protected":false},"author":2767,"featured_media":0,"parent":9,"menu_order":0,"comment_status":"closed","ping_status":"closed","template":"","meta":{"footnotes":""},"class_list":["post-174","page","type-page","status-publish","hentry"],"_links":{"self":[{"href":"https:\/\/webs.uab.cat\/powah\/wp-json\/wp\/v2\/pages\/174","targetHints":{"allow":["GET"]}}],"collection":[{"href":"https:\/\/webs.uab.cat\/powah\/wp-json\/wp\/v2\/pages"}],"about":[{"href":"https:\/\/webs.uab.cat\/powah\/wp-json\/wp\/v2\/types\/page"}],"author":[{"embeddable":true,"href":"https:\/\/webs.uab.cat\/powah\/wp-json\/wp\/v2\/users\/2767"}],"replies":[{"embeddable":true,"href":"https:\/\/webs.uab.cat\/powah\/wp-json\/wp\/v2\/comments?post=174"}],"version-history":[{"count":6,"href":"https:\/\/webs.uab.cat\/powah\/wp-json\/wp\/v2\/pages\/174\/revisions"}],"predecessor-version":[{"id":306,"href":"https:\/\/webs.uab.cat\/powah\/wp-json\/wp\/v2\/pages\/174\/revisions\/306"}],"up":[{"embeddable":true,"href":"https:\/\/webs.uab.cat\/powah\/wp-json\/wp\/v2\/pages\/9"}],"wp:attachment":[{"href":"https:\/\/webs.uab.cat\/powah\/wp-json\/wp\/v2\/media?parent=174"}],"curies":[{"name":"wp","href":"https:\/\/api.w.org\/{rel}","templated":true}]}}