{"id":192,"date":"2025-08-18T17:37:35","date_gmt":"2025-08-18T15:37:35","guid":{"rendered":"https:\/\/webs.uab.cat\/powah\/?page_id=192"},"modified":"2025-08-18T17:57:05","modified_gmt":"2025-08-18T15:57:05","slug":"sergio-salas-nicas","status":"publish","type":"page","link":"https:\/\/webs.uab.cat\/powah\/miembros\/sergio-salas-nicas\/","title":{"rendered":"Sergio Salas Nic\u00e1s"},"content":{"rendered":"\n<h2 class=\"wp-block-heading has-text-align-center\"><\/h2>\n\n\n\n<p class=\"has-drop-cap\">Investigador en la ISTAS-Fundaci\u00f3n 1\u00ba de Mayo e investigador vinculado a la UAB. Doctor en Salud P\u00fablica por la UAB, est\u00e1 especializado en temas relacionados con salud y trabajo, con especial atenci\u00f3n a los efectos de la inseguridad laboral, los riesgos psicosociales y el estr\u00e9s t\u00e9rmico.<\/p>\n\n\n\n<p>\ud83d\udce7\u00a0ssalas@1mayo.ccoo.es<br>\ud83d\udd17\u00a0<a href=\"https:\/\/orcid.org\/0000-0001-8671-9662\" target=\"_blank\" rel=\"noreferrer noopener\"><strong>ORCID ID:<\/strong>\u00a00000-0001-8671-9662<\/a><br>\ud83d\udd0e\u00a0<strong><a href=\"https:\/\/scholar.google.es\/citations?hl=en&amp;user=k5vam_4AAAAJ\" target=\"_blank\" rel=\"noreferrer noopener\">Google Scholar<\/a><\/strong><\/p>\n\n\n\n<p><\/p>\n","protected":false},"excerpt":{"rendered":"<p>Investigador en la ISTAS-Fundaci\u00f3n 1\u00ba de Mayo e investigador vinculado a la UAB. Doctor en Salud P\u00fablica por la UAB, est\u00e1 especializado en temas relacionados con salud y trabajo, con especial atenci\u00f3n a los efectos de la inseguridad laboral, los riesgos psicosociales y el estr\u00e9s t\u00e9rmico. \ud83d\udce7\u00a0ssalas@1mayo.ccoo.es\ud83d\udd17\u00a0ORCID ID:\u00a00000-0001-8671-9662\ud83d\udd0e\u00a0Google Scholar<\/p>\n","protected":false},"author":2767,"featured_media":0,"parent":9,"menu_order":0,"comment_status":"closed","ping_status":"closed","template":"","meta":{"footnotes":""},"class_list":["post-192","page","type-page","status-publish","hentry"],"_links":{"self":[{"href":"https:\/\/webs.uab.cat\/powah\/wp-json\/wp\/v2\/pages\/192","targetHints":{"allow":["GET"]}}],"collection":[{"href":"https:\/\/webs.uab.cat\/powah\/wp-json\/wp\/v2\/pages"}],"about":[{"href":"https:\/\/webs.uab.cat\/powah\/wp-json\/wp\/v2\/types\/page"}],"author":[{"embeddable":true,"href":"https:\/\/webs.uab.cat\/powah\/wp-json\/wp\/v2\/users\/2767"}],"replies":[{"embeddable":true,"href":"https:\/\/webs.uab.cat\/powah\/wp-json\/wp\/v2\/comments?post=192"}],"version-history":[{"count":2,"href":"https:\/\/webs.uab.cat\/powah\/wp-json\/wp\/v2\/pages\/192\/revisions"}],"predecessor-version":[{"id":205,"href":"https:\/\/webs.uab.cat\/powah\/wp-json\/wp\/v2\/pages\/192\/revisions\/205"}],"up":[{"embeddable":true,"href":"https:\/\/webs.uab.cat\/powah\/wp-json\/wp\/v2\/pages\/9"}],"wp:attachment":[{"href":"https:\/\/webs.uab.cat\/powah\/wp-json\/wp\/v2\/media?parent=192"}],"curies":[{"name":"wp","href":"https:\/\/api.w.org\/{rel}","templated":true}]}}