{"id":196,"date":"2025-08-18T17:50:35","date_gmt":"2025-08-18T15:50:35","guid":{"rendered":"https:\/\/webs.uab.cat\/powah\/?page_id=196"},"modified":"2025-08-19T15:24:17","modified_gmt":"2025-08-19T13:24:17","slug":"laura-esteve-matali","status":"publish","type":"page","link":"https:\/\/webs.uab.cat\/powah\/miembros\/laura-esteve-matali\/","title":{"rendered":"Laura Esteve Matal\u00ed"},"content":{"rendered":"\n<h2 class=\"wp-block-heading has-text-align-center\"><\/h2>\n\n\n\n<p class=\"has-drop-cap\">Investigadora postdoctoral financiada por el programa INVESTIGO (Generalitat de Catalunya). Graduada en Ciencias Biom\u00e9dicas, M\u00e1ster en Salud P\u00fablica y Gesti\u00f3n Sanitaria, Econom\u00eda de la Salud y Gobernanza. Sus \u00e1reas de especializaci\u00f3n son la salud p\u00fablica, la salud global, los sistemas de salud y las pol\u00edticas sanitarias. Entre sus principales \u00e1mbitos de inter\u00e9s destacan los determinantes sociales de la salud, donde los riesgos psicosociales en el lugar de trabajo desempe\u00f1an un papel fundamental. Doctora en Salud P\u00fablica y Metodolog\u00eda de la Investigaci\u00f3n Biom\u00e9dica por la UAB.<\/p>\n\n\n\n<p>\ud83d\udce7\u00a0laura.esteve@uab.cat<br>\ud83d\udd17\u00a0<a href=\"https:\/\/orcid.org\/0000-0001-6561-0131\" target=\"_blank\" rel=\"noreferrer noopener\"><strong>ORCID ID:<\/strong>\u00a00000-0001-6561-0131<\/a><\/p>\n\n\n\n<p><\/p>\n","protected":false},"excerpt":{"rendered":"<p>Investigadora postdoctoral financiada por el programa INVESTIGO (Generalitat de Catalunya). Graduada en Ciencias Biom\u00e9dicas, M\u00e1ster en Salud P\u00fablica y Gesti\u00f3n Sanitaria, Econom\u00eda de la Salud y Gobernanza. Sus \u00e1reas de especializaci\u00f3n son la salud p\u00fablica, la salud global, los sistemas de salud y las pol\u00edticas sanitarias. Entre sus principales \u00e1mbitos de inter\u00e9s destacan los determinantes [&hellip;]<\/p>\n","protected":false},"author":2767,"featured_media":0,"parent":9,"menu_order":0,"comment_status":"closed","ping_status":"closed","template":"","meta":{"footnotes":""},"class_list":["post-196","page","type-page","status-publish","hentry"],"_links":{"self":[{"href":"https:\/\/webs.uab.cat\/powah\/wp-json\/wp\/v2\/pages\/196","targetHints":{"allow":["GET"]}}],"collection":[{"href":"https:\/\/webs.uab.cat\/powah\/wp-json\/wp\/v2\/pages"}],"about":[{"href":"https:\/\/webs.uab.cat\/powah\/wp-json\/wp\/v2\/types\/page"}],"author":[{"embeddable":true,"href":"https:\/\/webs.uab.cat\/powah\/wp-json\/wp\/v2\/users\/2767"}],"replies":[{"embeddable":true,"href":"https:\/\/webs.uab.cat\/powah\/wp-json\/wp\/v2\/comments?post=196"}],"version-history":[{"count":2,"href":"https:\/\/webs.uab.cat\/powah\/wp-json\/wp\/v2\/pages\/196\/revisions"}],"predecessor-version":[{"id":291,"href":"https:\/\/webs.uab.cat\/powah\/wp-json\/wp\/v2\/pages\/196\/revisions\/291"}],"up":[{"embeddable":true,"href":"https:\/\/webs.uab.cat\/powah\/wp-json\/wp\/v2\/pages\/9"}],"wp:attachment":[{"href":"https:\/\/webs.uab.cat\/powah\/wp-json\/wp\/v2\/media?parent=196"}],"curies":[{"name":"wp","href":"https:\/\/api.w.org\/{rel}","templated":true}]}}