{"id":36,"date":"2025-08-07T15:20:33","date_gmt":"2025-08-07T13:20:33","guid":{"rendered":"https:\/\/webs.uab.cat\/powah\/?page_id=36"},"modified":"2025-08-18T17:54:31","modified_gmt":"2025-08-18T15:54:31","slug":"clara-llorens-serrano","status":"publish","type":"page","link":"https:\/\/webs.uab.cat\/powah\/miembros\/clara-llorens-serrano\/","title":{"rendered":"Clara Llorens Serrano"},"content":{"rendered":"\n<h2 class=\"wp-block-heading has-text-align-center\"><\/h2>\n\n\n\n<p class=\"has-drop-cap\">Doctora en Sociolog\u00eda, trabaja en el Instituto Sindical de Trabajo, Ambiente y Salud (ISTAS-F1M) de CCOO desde 2001, adem\u00e1s de ser profesora asociada a tiempo parcial en el Departamento de Sociolog\u00eda de la UAB desde 1999. Practica el activismo del conocimiento trabajando tanto en el \u00e1mbito t\u00e9cnico-cient\u00edfico como en el social-sindical, con el objetivo estrat\u00e9gico de producir y promover el uso t\u00e1ctico del conocimiento basado en la experiencia, adem\u00e1s de la pericia cient\u00edfica y legal. Sus principales \u00e1reas de trabajo son: la relaci\u00f3n entre los factores de riesgo psicosocial y las pr\u00e1cticas de gesti\u00f3n laboral para lograr la prevenci\u00f3n en el origen; la mejora y el seguimiento de la versi\u00f3n espa\u00f1ola de la metodolog\u00eda COPSOQ de evaluaci\u00f3n de riesgos psicosociales, siendo miembro del comit\u00e9 directivo internacional de dicha metodolog\u00eda; y el desarrollo de un proceso de intervenci\u00f3n participativa para la prevenci\u00f3n de riesgos psicosociales en el lugar de trabajo.<\/p>\n\n\n\n<p>\ud83d\udce7\u00a0cllorens@1mayo.ccoo.es \/ clara.llorens@uab.cat<br>\ud83d\udd17\u00a0<a href=\"https:\/\/orcid.org\/0000-0001-9957-3156\" target=\"_blank\" rel=\"noreferrer noopener\"><strong>ORCID ID:<\/strong>\u00a00000-0001-9957-3156<\/a><\/p>\n\n\n\n<p><\/p>\n","protected":false},"excerpt":{"rendered":"<p>Doctora en Sociolog\u00eda, trabaja en el Instituto Sindical de Trabajo, Ambiente y Salud (ISTAS-F1M) de CCOO desde 2001, adem\u00e1s de ser profesora asociada a tiempo parcial en el Departamento de Sociolog\u00eda de la UAB desde 1999. Practica el activismo del conocimiento trabajando tanto en el \u00e1mbito t\u00e9cnico-cient\u00edfico como en el social-sindical, con el objetivo estrat\u00e9gico [&hellip;]<\/p>\n","protected":false},"author":2767,"featured_media":0,"parent":9,"menu_order":0,"comment_status":"closed","ping_status":"closed","template":"","meta":{"footnotes":""},"class_list":["post-36","page","type-page","status-publish","hentry"],"_links":{"self":[{"href":"https:\/\/webs.uab.cat\/powah\/wp-json\/wp\/v2\/pages\/36","targetHints":{"allow":["GET"]}}],"collection":[{"href":"https:\/\/webs.uab.cat\/powah\/wp-json\/wp\/v2\/pages"}],"about":[{"href":"https:\/\/webs.uab.cat\/powah\/wp-json\/wp\/v2\/types\/page"}],"author":[{"embeddable":true,"href":"https:\/\/webs.uab.cat\/powah\/wp-json\/wp\/v2\/users\/2767"}],"replies":[{"embeddable":true,"href":"https:\/\/webs.uab.cat\/powah\/wp-json\/wp\/v2\/comments?post=36"}],"version-history":[{"count":6,"href":"https:\/\/webs.uab.cat\/powah\/wp-json\/wp\/v2\/pages\/36\/revisions"}],"predecessor-version":[{"id":202,"href":"https:\/\/webs.uab.cat\/powah\/wp-json\/wp\/v2\/pages\/36\/revisions\/202"}],"up":[{"embeddable":true,"href":"https:\/\/webs.uab.cat\/powah\/wp-json\/wp\/v2\/pages\/9"}],"wp:attachment":[{"href":"https:\/\/webs.uab.cat\/powah\/wp-json\/wp\/v2\/media?parent=36"}],"curies":[{"name":"wp","href":"https:\/\/api.w.org\/{rel}","templated":true}]}}