{"id":4,"date":"2025-08-06T21:56:15","date_gmt":"2025-08-06T19:56:15","guid":{"rendered":"https:\/\/webs.uab.cat\/powah\/?page_id=4"},"modified":"2025-08-26T16:45:04","modified_gmt":"2025-08-26T14:45:04","slug":"presentacion","status":"publish","type":"page","link":"https:\/\/webs.uab.cat\/powah\/","title":{"rendered":"Presentaci\u00f3n"},"content":{"rendered":"\n<h2 class=\"wp-block-heading has-text-align-center\">\u00bfQui\u00e9nes somos?<\/h2>\n\n\n\n<p class=\"has-drop-cap\">El grupo de investigaci\u00f3n en riesgos psicosociales, organizaci\u00f3n del trabajo y salud de la Universitat Aut\u00f2noma de Barcelona (POWAH, por sus siglas en ingl\u00e9s) es un grupo multidisciplinar compuesto por profesionales que se desarrollan en el \u00e1mbito de la salud p\u00fablica de la facultad de medicina y de la facultad de ciencias pol\u00edticas y sociolog\u00eda. Somos un grupo relativamente peque\u00f1o, pero muy activo, con v\u00ednculos permanentes con sindicatos y otros grupos de investigaci\u00f3n en los \u00e1mbitos de la salud y las ciencias sociales, tanto a nivel nacional como internacional. Entre otras, hemos formado parte del equipo central responsable de la adaptaci\u00f3n y validaci\u00f3n de las tres versiones del Cuestionario Psicosocial de Copenhague (COPSOQ) en Espa\u00f1a \u2014una herramienta para la evaluaci\u00f3n y mejora del entorno psicosocial laboral mediante el cambio de las condiciones de trabajo\u2014; en las encuestas espa\u00f1olas de riesgos psicosociales (2005, 2010 y 2016); as\u00ed como en las dos ediciones de la encuesta COTS (2020, 2021), con el objetivo de describir las condiciones laborales y el estado de salud de las personas asalariadas en el contexto de la COVID en Espa\u00f1a. Desde el a\u00f1o 2022, POWAH forma parte del Instituto de Estudios del Trabajo (<a href=\"https:\/\/www.uab.cat\/es\/iet\" target=\"_blank\" rel=\"noreferrer noopener\">IET<\/a>) de la UAB.<\/p>\n\n\n\n<h2 class=\"wp-block-heading has-text-align-center\">Origen<\/h2>\n\n\n\n<p class=\"has-drop-cap\">El grupo POWAH-UAB naci\u00f3 formalmente en 2018, cuando fue acreditado como grupo de investigaci\u00f3n reconocido por el gobierno de Catalunya (2017SGR958). Aunque no se puede hablar formalmente de POWAH-UAB hasta esa fecha, sus miembros \u2014y otros colaboradores no afiliados oficialmente\u2014 llevaban muchos a\u00f1os trabajando juntos en el marco de la colaboraci\u00f3n entre el Instituto Sindical de Trabajo, Ambiente y Salud (ISTAS) de Barcelona, en aquel momento liderado por el Dr. Salvador Moncada Llu\u00eds, y la Unidad de Bioestad\u00edstica de la UAB.<\/p>\n\n\n\n<h2 class=\"wp-block-heading has-text-align-center\">L\u00edneas de investigaci\u00f3n<\/h2>\n\n\n\n<p class=\"has-drop-cap\">El foco de investigaci\u00f3n de POWAH-UAB es la salud laboral, m\u00e1s concretamente, el estudio de la <strong>relaci\u00f3n entre las pr\u00e1cticas empresariales de gesti\u00f3n laboral, la exposici\u00f3n a riesgos psicosociales en el trabajo y su efecto en la salud de las personas trabajadoras, desde la perspectiva de las desigualdades sociales en salud con una visi\u00f3n interseccional.<\/strong> Algunas l\u00edneas espec\u00edficas de investigaci\u00f3n son:<\/p>\n\n\n\n<ul class=\"wp-block-list\">\n<li>Relaci\u00f3n entre las pr\u00e1cticas de gesti\u00f3n laboral, la exposici\u00f3n a riesgos psicosociales en el trabajo y la salud de las personas trabajadoras.<\/li>\n\n\n\n<li>Desigualdades de clase, g\u00e9nero y edad, desde una perspectiva interseccional.<\/li>\n\n\n\n<li>Promoci\u00f3n de la evaluaci\u00f3n de los riesgos psicosociales en el trabajo e implementaci\u00f3n de medidas preventivas.<\/li>\n\n\n\n<li>Estudio de poblaciones espec\u00edficas, especialmente las laboralmente vulnerables.<\/li>\n\n\n\n<li>Desarrollos metodol\u00f3gicos en el \u00e1mbito de la salud laboral.<\/li>\n<\/ul>\n\n\n\n<p><\/p>\n","protected":false},"excerpt":{"rendered":"<p>\u00bfQui\u00e9nes somos? El grupo de investigaci\u00f3n en riesgos psicosociales, organizaci\u00f3n del trabajo y salud de la Universitat Aut\u00f2noma de Barcelona (POWAH, por sus siglas en ingl\u00e9s) es un grupo multidisciplinar compuesto por profesionales que se desarrollan en el \u00e1mbito de la salud p\u00fablica de la facultad de medicina y de la facultad de ciencias pol\u00edticas [&hellip;]<\/p>\n","protected":false},"author":2767,"featured_media":0,"parent":0,"menu_order":0,"comment_status":"closed","ping_status":"closed","template":"","meta":{"footnotes":""},"class_list":["post-4","page","type-page","status-publish","hentry"],"_links":{"self":[{"href":"https:\/\/webs.uab.cat\/powah\/wp-json\/wp\/v2\/pages\/4","targetHints":{"allow":["GET"]}}],"collection":[{"href":"https:\/\/webs.uab.cat\/powah\/wp-json\/wp\/v2\/pages"}],"about":[{"href":"https:\/\/webs.uab.cat\/powah\/wp-json\/wp\/v2\/types\/page"}],"author":[{"embeddable":true,"href":"https:\/\/webs.uab.cat\/powah\/wp-json\/wp\/v2\/users\/2767"}],"replies":[{"embeddable":true,"href":"https:\/\/webs.uab.cat\/powah\/wp-json\/wp\/v2\/comments?post=4"}],"version-history":[{"count":7,"href":"https:\/\/webs.uab.cat\/powah\/wp-json\/wp\/v2\/pages\/4\/revisions"}],"predecessor-version":[{"id":568,"href":"https:\/\/webs.uab.cat\/powah\/wp-json\/wp\/v2\/pages\/4\/revisions\/568"}],"wp:attachment":[{"href":"https:\/\/webs.uab.cat\/powah\/wp-json\/wp\/v2\/media?parent=4"}],"curies":[{"name":"wp","href":"https:\/\/api.w.org\/{rel}","templated":true}]}}