{"id":9,"date":"2025-08-07T14:26:34","date_gmt":"2025-08-07T12:26:34","guid":{"rendered":"https:\/\/webs.uab.cat\/powah\/?page_id=9"},"modified":"2025-09-09T18:30:58","modified_gmt":"2025-09-09T16:30:58","slug":"miembros","status":"publish","type":"page","link":"https:\/\/webs.uab.cat\/powah\/miembros\/","title":{"rendered":"Equipo"},"content":{"rendered":"\n<div class=\"wp-block-columns alignwide is-layout-flex wp-container-core-columns-is-layout-9d6595d7 wp-block-columns-is-layout-flex\">\n<div class=\"wp-block-column is-layout-flow wp-block-column-is-layout-flow\">\n<div class=\"wp-block-group has-background\" style=\"background-color:#ffffff\"><div class=\"wp-block-group__inner-container is-layout-flow wp-block-group-is-layout-flow\">\n<h2 class=\"wp-block-heading has-text-align-center\">Albert Navarro Gin\u00e9<\/h2>\n\n\n\n<p class=\"has-text-align-center\">Profesor agregado UAB; PhD en Salud P\u00fablica<\/p>\n\n\n\n<div class=\"wp-block-buttons is-content-justification-center is-layout-flex wp-container-core-buttons-is-layout-16018d1d wp-block-buttons-is-layout-flex\">\n<div class=\"wp-block-button is-style-outline is-style-outline--1\"><a class=\"wp-block-button__link wp-element-button\" href=\"https:\/\/webs.uab.cat\/powah\/albert-navarro-gine\">M\u00c1S INFORMACI\u00d3N<\/a><\/div>\n<\/div>\n<\/div><\/div>\n<\/div>\n\n\n\n<div class=\"wp-block-column is-layout-flow wp-block-column-is-layout-flow\">\n<div class=\"wp-block-group has-background\" style=\"background-color:#ffffff\"><div class=\"wp-block-group__inner-container is-layout-flow wp-block-group-is-layout-flow\">\n<h2 class=\"wp-block-heading has-text-align-center\">Clara Llorens Serrano<\/h2>\n\n\n\n<p class=\"has-text-align-center\">T\u00e9cnica experta ISTAS-F1M; Profesora asociada UAB; PhD en Sociolog\u00eda<\/p>\n\n\n\n<div class=\"wp-block-buttons is-content-justification-center is-layout-flex wp-container-core-buttons-is-layout-16018d1d wp-block-buttons-is-layout-flex\">\n<div class=\"wp-block-button is-style-outline is-style-outline--2\"><a class=\"wp-block-button__link wp-element-button\" href=\"https:\/\/webs.uab.cat\/powah\/clara-llorens-serrano\">M\u00c1S INFORMACI\u00d3N<\/a><\/div>\n<\/div>\n<\/div><\/div>\n<\/div>\n<\/div>\n\n\n\n<div class=\"wp-block-columns alignwide is-layout-flex wp-container-core-columns-is-layout-9d6595d7 wp-block-columns-is-layout-flex\">\n<div class=\"wp-block-column is-layout-flow wp-block-column-is-layout-flow\">\n<div class=\"wp-block-group has-background\" style=\"background-color:#ffffff\"><div class=\"wp-block-group__inner-container is-layout-flow wp-block-group-is-layout-flow\">\n<h2 class=\"wp-block-heading has-text-align-center\">Sergio Salas Nic\u00e1s<\/h2>\n\n\n\n<p class=\"has-text-align-center\">T\u00e9cnico experto ISTAS-F1M; Investigador vinculado UAB; PhD en Salud P\u00fablica<\/p>\n\n\n\n<div class=\"wp-block-buttons is-content-justification-center is-layout-flex wp-container-core-buttons-is-layout-16018d1d wp-block-buttons-is-layout-flex\">\n<div class=\"wp-block-button is-style-outline is-style-outline--3\"><a class=\"wp-block-button__link wp-element-button\" href=\"https:\/\/webs.uab.cat\/powah\/sergio-salas-nicas\/\">M\u00c1S INFORMACI\u00d3N<\/a><\/div>\n<\/div>\n<\/div><\/div>\n<\/div>\n\n\n\n<div class=\"wp-block-column is-layout-flow wp-block-column-is-layout-flow\">\n<div class=\"wp-block-group has-background\" style=\"background-color:#ffffff\"><div class=\"wp-block-group__inner-container is-layout-flow wp-block-group-is-layout-flow\">\n<h2 class=\"wp-block-heading has-text-align-center\">Laura Esteve Matal\u00ed<\/h2>\n\n\n\n<p class=\"has-text-align-center\">Investigadora postdoctoral UAB; PhD en Salud P\u00fablica<\/p>\n\n\n\n<div class=\"wp-block-buttons is-content-justification-center is-layout-flex wp-container-core-buttons-is-layout-16018d1d wp-block-buttons-is-layout-flex\">\n<div class=\"wp-block-button is-style-outline is-style-outline--4\"><a class=\"wp-block-button__link wp-element-button\" href=\"https:\/\/webs.uab.cat\/powah\/laura-esteve-matali\/\">M\u00c1S INFORMACI\u00d3N<\/a><\/div>\n<\/div>\n<\/div><\/div>\n<\/div>\n<\/div>\n\n\n\n<div class=\"wp-block-columns alignwide is-layout-flex wp-container-core-columns-is-layout-9d6595d7 wp-block-columns-is-layout-flex\">\n<div class=\"wp-block-column is-layout-flow wp-block-column-is-layout-flow\">\n<div class=\"wp-block-group has-background\" style=\"background-color:#ffffff\"><div class=\"wp-block-group__inner-container is-layout-flow wp-block-group-is-layout-flow\">\n<h2 class=\"wp-block-heading has-text-align-center\">Laia Oll\u00e9 Espluga<\/h2>\n\n\n\n<p class=\"has-text-align-center\">T\u00e9cnica superior Agencia de Salud P\u00fablica de Barcelona; PhD en Biomedicina<\/p>\n\n\n\n<div class=\"wp-block-buttons is-content-justification-center is-layout-flex wp-container-core-buttons-is-layout-16018d1d wp-block-buttons-is-layout-flex\">\n<div class=\"wp-block-button is-style-outline is-style-outline--5\"><a class=\"wp-block-button__link wp-element-button\" href=\"https:\/\/webs.uab.cat\/powah\/laia-olle-espluga\/\">M\u00c1S INFORMACI\u00d3N<\/a><\/div>\n<\/div>\n<\/div><\/div>\n<\/div>\n\n\n\n<div class=\"wp-block-column is-layout-flow wp-block-column-is-layout-flow\">\n<div class=\"wp-block-group has-background\" style=\"background-color:#ffffff\"><div class=\"wp-block-group__inner-container is-layout-flow wp-block-group-is-layout-flow\">\n<h2 class=\"wp-block-heading has-text-align-center\">Pedro Ferrer Rosende<\/h2>\n\n\n\n<p class=\"has-text-align-center\">Doctorando UAB, programa Salud P\u00fablica<\/p>\n\n\n\n<div class=\"wp-block-buttons is-content-justification-center is-layout-flex wp-container-core-buttons-is-layout-16018d1d wp-block-buttons-is-layout-flex\">\n<div class=\"wp-block-button is-style-outline is-style-outline--6\"><a class=\"wp-block-button__link wp-element-button\" href=\"https:\/\/webs.uab.cat\/powah\/pedro-ferrer-rosende\/\">M\u00c1S INFORMACI\u00d3N<\/a><\/div>\n<\/div>\n<\/div><\/div>\n<\/div>\n<\/div>\n\n\n\n<div class=\"wp-block-columns alignwide is-layout-flex wp-container-core-columns-is-layout-9d6595d7 wp-block-columns-is-layout-flex\">\n<div class=\"wp-block-column is-layout-flow wp-block-column-is-layout-flow\">\n<div class=\"wp-block-group has-background\" style=\"background-color:#ffffff\"><div class=\"wp-block-group__inner-container is-layout-flow wp-block-group-is-layout-flow\">\n<h2 class=\"wp-block-heading has-text-align-center\">Elena Dregalinaite Kazakauskaite<\/h2>\n\n\n\n<p class=\"has-text-align-center\">Doctoranda UAB, programa Salud P\u00fablica<\/p>\n\n\n\n<div class=\"wp-block-buttons is-content-justification-center is-layout-flex wp-container-core-buttons-is-layout-16018d1d wp-block-buttons-is-layout-flex\">\n<div class=\"wp-block-button is-style-outline is-style-outline--7\"><a class=\"wp-block-button__link wp-element-button\" href=\"https:\/\/webs.uab.cat\/powah\/miembros\/elena-dregalinaite-kazakauskaite\/\">M\u00c1S INFORMACI\u00d3N<\/a><\/div>\n<\/div>\n<\/div><\/div>\n<\/div>\n\n\n\n<div class=\"wp-block-column is-layout-flow wp-block-column-is-layout-flow\">\n<div class=\"wp-block-group has-background\" style=\"background-color:#ffffff\"><div class=\"wp-block-group__inner-container is-layout-flow wp-block-group-is-layout-flow\">\n<h2 class=\"wp-block-heading has-text-align-center\">Francisca Barriga Yumha<\/h2>\n\n\n\n<p class=\"has-text-align-center\">Doctoranda UAB, programa Sociolog\u00eda<\/p>\n\n\n\n<div class=\"wp-block-buttons is-content-justification-center is-layout-flex wp-container-core-buttons-is-layout-16018d1d wp-block-buttons-is-layout-flex\">\n<div class=\"wp-block-button is-style-outline is-style-outline--8\"><a class=\"wp-block-button__link wp-element-button\" href=\"https:\/\/webs.uab.cat\/powah\/francisca-barriga-yumha\/\">M\u00c1S INFORMACI\u00d3N<\/a><\/div>\n<\/div>\n<\/div><\/div>\n<\/div>\n<\/div>\n\n\n\n<div class=\"wp-block-group alignwide has-background\" style=\"background-color:#ffffff\"><div class=\"wp-block-group__inner-container is-layout-flow wp-block-group-is-layout-flow\">\n<div class=\"wp-block-group\"><div class=\"wp-block-group__inner-container is-layout-flow wp-block-group-is-layout-flow\">\n<h2 class=\"wp-block-heading has-text-align-center\">Ex-miembros y visitantes<\/h2>\n\n\n\n<ul class=\"wp-block-list\">\n<li><strong>\u00c1ngela G\u00f3mez Dom\u00ednguez<\/strong>. <em>Ex-miembro. <\/em>Investigadora Postdoctoral,  programa Margarita Salas. 2022-2024.<\/li>\n\n\n\n<li><strong>Noelia Rolando<\/strong>. <em>Visitante predoctoral. <\/em>Rotaci\u00f3n Extracurricular, Direcci\u00f3n de Vigilancia Epidemiol\u00f3gica y Control de Brotes, Ministerio de Salud, Gobierno de la Provincia de Buenos Aires. 2023.<\/li>\n<\/ul>\n<\/div><\/div>\n<\/div><\/div>\n\n\n\n<p><\/p>\n","protected":false},"excerpt":{"rendered":"<p>Albert Navarro Gin\u00e9 Profesor agregado UAB; PhD en Salud P\u00fablica Clara Llorens Serrano T\u00e9cnica experta ISTAS-F1M; Profesora asociada UAB; PhD en Sociolog\u00eda Sergio Salas Nic\u00e1s T\u00e9cnico experto ISTAS-F1M; Investigador vinculado UAB; PhD en Salud P\u00fablica Laura Esteve Matal\u00ed Investigadora postdoctoral UAB; PhD en Salud P\u00fablica Laia Oll\u00e9 Espluga T\u00e9cnica superior Agencia de Salud P\u00fablica de [&hellip;]<\/p>\n","protected":false},"author":2767,"featured_media":0,"parent":0,"menu_order":0,"comment_status":"closed","ping_status":"closed","template":"","meta":{"footnotes":""},"class_list":["post-9","page","type-page","status-publish","hentry"],"_links":{"self":[{"href":"https:\/\/webs.uab.cat\/powah\/wp-json\/wp\/v2\/pages\/9","targetHints":{"allow":["GET"]}}],"collection":[{"href":"https:\/\/webs.uab.cat\/powah\/wp-json\/wp\/v2\/pages"}],"about":[{"href":"https:\/\/webs.uab.cat\/powah\/wp-json\/wp\/v2\/types\/page"}],"author":[{"embeddable":true,"href":"https:\/\/webs.uab.cat\/powah\/wp-json\/wp\/v2\/users\/2767"}],"replies":[{"embeddable":true,"href":"https:\/\/webs.uab.cat\/powah\/wp-json\/wp\/v2\/comments?post=9"}],"version-history":[{"count":24,"href":"https:\/\/webs.uab.cat\/powah\/wp-json\/wp\/v2\/pages\/9\/revisions"}],"predecessor-version":[{"id":585,"href":"https:\/\/webs.uab.cat\/powah\/wp-json\/wp\/v2\/pages\/9\/revisions\/585"}],"wp:attachment":[{"href":"https:\/\/webs.uab.cat\/powah\/wp-json\/wp\/v2\/media?parent=9"}],"curies":[{"name":"wp","href":"https:\/\/api.w.org\/{rel}","templated":true}]}}