{"id":106,"date":"2023-03-31T09:22:39","date_gmt":"2023-03-31T07:22:39","guid":{"rendered":"https:\/\/webs.uab.cat\/ppf\/?page_id=106"},"modified":"2025-10-21T09:35:48","modified_gmt":"2025-10-21T07:35:48","slug":"inici","status":"publish","type":"page","link":"https:\/\/webs.uab.cat\/ppf\/","title":{"rendered":"INICI"},"content":{"rendered":"\n<figure class=\"wp-block-image is-resized\"><img loading=\"lazy\" decoding=\"async\" width=\"545\" height=\"197\" src=\"https:\/\/webs.uab.cat\/ppf\/wp-content\/uploads\/sites\/411\/2020\/10\/logotrans.png\" alt=\"logotrans\" class=\"wp-image-147\" style=\"width:700px;height:auto\" srcset=\"https:\/\/webs.uab.cat\/ppf\/wp-content\/uploads\/sites\/411\/2020\/10\/logotrans.png 545w, https:\/\/webs.uab.cat\/ppf\/wp-content\/uploads\/sites\/411\/2020\/10\/logotrans-300x108.png 300w\" sizes=\"auto, (max-width: 545px) 100vw, 545px\" \/><\/figure>\n\n\n\n<figure class=\"wp-block-gallery has-nested-images columns-default is-cropped wp-block-gallery-1 is-layout-flex wp-block-gallery-is-layout-flex\">\n<figure class=\"wp-block-image size-large is-resized\"><a href=\"http:\/\/www.accio.gencat.cat\" target=\"_blank\" rel=\" noreferrer noopener\"><img loading=\"lazy\" decoding=\"async\" width=\"939\" height=\"558\" data-id=\"230\" src=\"https:\/\/webs.uab.cat\/ppf\/wp-content\/uploads\/sites\/411\/2025\/10\/segell-acreditacions-entitat-TECNIO-horitzontal.png\" alt=\"\" class=\"wp-image-230\" style=\"width:402px;height:auto\" srcset=\"https:\/\/webs.uab.cat\/ppf\/wp-content\/uploads\/sites\/411\/2025\/10\/segell-acreditacions-entitat-TECNIO-horitzontal.png 939w, https:\/\/webs.uab.cat\/ppf\/wp-content\/uploads\/sites\/411\/2025\/10\/segell-acreditacions-entitat-TECNIO-horitzontal-300x178.png 300w, https:\/\/webs.uab.cat\/ppf\/wp-content\/uploads\/sites\/411\/2025\/10\/segell-acreditacions-entitat-TECNIO-horitzontal-768x456.png 768w\" sizes=\"auto, (max-width: 939px) 100vw, 939px\" \/><\/a><\/figure>\n<\/figure>\n\n\n\n<p class=\"has-text-align-left\">La <strong>Plataforma de Biotecnologia Industrial i Planta Pilot de Fermentaci\u00f3 (ENG4BIO-PBI&amp;PPF)<\/strong> \u00e9s una entitat acreditada amb el segell TECNIO. Aquest \u00e9s el segell que atorga la Generalitat de Catalunya, a trav\u00e9s d&#8217;ACCI\u00d3, per identificar i donar visibilitat als desenvolupadors de tecnolog\u00eda del sistema R+D+I de Catalunya que presentin capacitats tecnol\u00f2giques diferencials i amb capacitat de transferir-les per enfortir el teixit empresarial i fer atractiu ainternacionalment l&#8217;ecosistema catal\u00e0 d&#8217;innovaci\u00f3.<\/p>\n\n\n\n<div class=\"wp-block-group is-nowrap is-layout-flex wp-container-core-group-is-layout-ad2f72ca wp-block-group-is-layout-flex\"><\/div>\n","protected":false},"excerpt":{"rendered":"<p>La Plataforma de Biotecnologia Industrial i Planta Pilot de Fermentaci\u00f3 (ENG4BIO-PBI&amp;PPF) \u00e9s una entitat acreditada amb el segell TECNIO. Aquest \u00e9s el segell que atorga la Generalitat de Catalunya, a trav\u00e9s d&#8217;ACCI\u00d3, per identificar i donar visibilitat als desenvolupadors de tecnolog\u00eda del sistema R+D+I de Catalunya que presentin capacitats tecnol\u00f2giques diferencials i amb capacitat de [&hellip;]<\/p>\n","protected":false},"author":20,"featured_media":0,"parent":0,"menu_order":0,"comment_status":"closed","ping_status":"closed","template":"","meta":{"footnotes":""},"class_list":["post-106","page","type-page","status-publish","hentry"],"_links":{"self":[{"href":"https:\/\/webs.uab.cat\/ppf\/wp-json\/wp\/v2\/pages\/106","targetHints":{"allow":["GET"]}}],"collection":[{"href":"https:\/\/webs.uab.cat\/ppf\/wp-json\/wp\/v2\/pages"}],"about":[{"href":"https:\/\/webs.uab.cat\/ppf\/wp-json\/wp\/v2\/types\/page"}],"author":[{"embeddable":true,"href":"https:\/\/webs.uab.cat\/ppf\/wp-json\/wp\/v2\/users\/20"}],"replies":[{"embeddable":true,"href":"https:\/\/webs.uab.cat\/ppf\/wp-json\/wp\/v2\/comments?post=106"}],"version-history":[{"count":4,"href":"https:\/\/webs.uab.cat\/ppf\/wp-json\/wp\/v2\/pages\/106\/revisions"}],"predecessor-version":[{"id":245,"href":"https:\/\/webs.uab.cat\/ppf\/wp-json\/wp\/v2\/pages\/106\/revisions\/245"}],"wp:attachment":[{"href":"https:\/\/webs.uab.cat\/ppf\/wp-json\/wp\/v2\/media?parent=106"}],"curies":[{"name":"wp","href":"https:\/\/api.w.org\/{rel}","templated":true}]}}