{"id":36,"date":"2010-06-22T15:30:20","date_gmt":"2010-06-22T13:30:20","guid":{"rendered":"https:\/\/webs.uab.cat\/ppf\/presentacio\/"},"modified":"2025-10-21T09:53:38","modified_gmt":"2025-10-21T07:53:38","slug":"presentacio","status":"publish","type":"page","link":"https:\/\/webs.uab.cat\/ppf\/presentacio\/","title":{"rendered":"Presentaci\u00f3"},"content":{"rendered":"\n<div class=\"wp-block-cover alignwide is-light\"><span aria-hidden=\"true\" class=\"wp-block-cover__background has-background-dim\"><\/span><img loading=\"lazy\" decoding=\"async\" width=\"2000\" height=\"1125\" class=\"wp-block-cover__image-background wp-image-143\" alt=\"mg_0036nologo2\" src=\"https:\/\/webs.uab.cat\/ppf\/wp-content\/uploads\/sites\/411\/2020\/09\/mg_0036nologo2_0.jpg\" data-object-fit=\"cover\" srcset=\"https:\/\/webs.uab.cat\/ppf\/wp-content\/uploads\/sites\/411\/2020\/09\/mg_0036nologo2_0.jpg 2000w, https:\/\/webs.uab.cat\/ppf\/wp-content\/uploads\/sites\/411\/2020\/09\/mg_0036nologo2_0-300x169.jpg 300w, https:\/\/webs.uab.cat\/ppf\/wp-content\/uploads\/sites\/411\/2020\/09\/mg_0036nologo2_0-1024x576.jpg 1024w, https:\/\/webs.uab.cat\/ppf\/wp-content\/uploads\/sites\/411\/2020\/09\/mg_0036nologo2_0-768x432.jpg 768w, https:\/\/webs.uab.cat\/ppf\/wp-content\/uploads\/sites\/411\/2020\/09\/mg_0036nologo2_0-1536x864.jpg 1536w, https:\/\/webs.uab.cat\/ppf\/wp-content\/uploads\/sites\/411\/2020\/09\/mg_0036nologo2_0-1200x675.jpg 1200w, https:\/\/webs.uab.cat\/ppf\/wp-content\/uploads\/sites\/411\/2020\/09\/mg_0036nologo2_0-1980x1114.jpg 1980w\" sizes=\"auto, (max-width: 2000px) 100vw, 2000px\" \/><div class=\"wp-block-cover__inner-container is-layout-flow wp-block-cover-is-layout-flow\">\n<p class=\"has-blanc-coco-color has-text-color\">La Planta Pilot de Fermentaci\u00f3 (PPF) neix a l&#8217;any 1998 amb l&#8217;objectiu d&#8217;oferir una interfase de col\u00b7laboraci\u00f3 entre Empresa i Universitat per a la transfer\u00e8ncia de tecnologia, coneixement i experi\u00e8ncia en el camp dels processos biotecnol\u00f2gics.<\/p>\n\n\n\n<p class=\"has-blanc-coco-color has-text-color\">L&#8217;any 2000 el Centre s&#8217;incorpora a la Xarxa d&#8217;Innovaci\u00f3 Tecnol\u00f2gica (Xarxa IT), amb l&#8217;objectiu de facilitar l&#8217;acc\u00e9s d&#8217;empreses i institucions p\u00fabliques i privades a les tecnologies desenvolupades a la PPF.<\/p>\n\n\n\n<p class=\"has-blanc-coco-color has-text-color\"><a href=\"http:\/\/www.linkedin.com\/company\/fermentation-pilot-plant\">Segueix-nos tamb\u00e9 al nostre perfil de Linkedin<\/a><\/p>\n<\/div><\/div>\n\n\n\n<p><\/p>\n","protected":false},"excerpt":{"rendered":"","protected":false},"author":20,"featured_media":0,"parent":0,"menu_order":0,"comment_status":"closed","ping_status":"closed","template":"","meta":{"footnotes":""},"class_list":["post-36","page","type-page","status-publish","hentry"],"_links":{"self":[{"href":"https:\/\/webs.uab.cat\/ppf\/wp-json\/wp\/v2\/pages\/36","targetHints":{"allow":["GET"]}}],"collection":[{"href":"https:\/\/webs.uab.cat\/ppf\/wp-json\/wp\/v2\/pages"}],"about":[{"href":"https:\/\/webs.uab.cat\/ppf\/wp-json\/wp\/v2\/types\/page"}],"author":[{"embeddable":true,"href":"https:\/\/webs.uab.cat\/ppf\/wp-json\/wp\/v2\/users\/20"}],"replies":[{"embeddable":true,"href":"https:\/\/webs.uab.cat\/ppf\/wp-json\/wp\/v2\/comments?post=36"}],"version-history":[{"count":5,"href":"https:\/\/webs.uab.cat\/ppf\/wp-json\/wp\/v2\/pages\/36\/revisions"}],"predecessor-version":[{"id":244,"href":"https:\/\/webs.uab.cat\/ppf\/wp-json\/wp\/v2\/pages\/36\/revisions\/244"}],"wp:attachment":[{"href":"https:\/\/webs.uab.cat\/ppf\/wp-json\/wp\/v2\/media?parent=36"}],"curies":[{"name":"wp","href":"https:\/\/api.w.org\/{rel}","templated":true}]}}