{"id":38,"date":"2010-06-22T15:31:41","date_gmt":"2010-06-22T13:31:41","guid":{"rendered":"https:\/\/webs.uab.cat\/ppf\/serveis\/"},"modified":"2023-03-31T09:25:48","modified_gmt":"2023-03-31T07:25:48","slug":"serveis","status":"publish","type":"page","link":"https:\/\/webs.uab.cat\/ppf\/serveis\/","title":{"rendered":"Serveis"},"content":{"rendered":"\n<p>La Planta Pilot de Fermentaci\u00f3 concreta les accions de col\u2022laboraci\u00f3 amb empreses e institucions mitjan\u00e7ant convenis de:<\/p>\n\n\n\n<p><strong>I+D+I DE PROCESSOS BIOTECNOL\u00d2GICS<\/strong><\/p>\n\n\n\n<ul class=\"wp-block-list\"><li>Disseny, desenvolupament i optimitzaci\u00f3 de bioprocessos<\/li><li>Obtenci\u00f3, caracteritzaci\u00f3 i preservaci\u00f3 de soques<\/li><li>Determinaci\u00f3 dels requeriments essencials per a la millora del medi de cultiu<\/li><li>Cin\u00e8tiques de creixement i producci\u00f3<\/li><li>Implantaci\u00f3 de t\u00e8cniques anal\u00edtiques<\/li><li>Estudi d&#8217;estrat\u00e8gies de cultiu<\/li><li>Estudis de canvi d&#8217;escala en processos biotecnol\u00f2gics<\/li><li>Estudi de processos de recuperaci\u00f3 de producte<\/li><\/ul>\n\n\n\n<p><strong>PROCESSOS DE PRODUCCI\u00d3 A ESCALA PILOT<\/strong><\/p>\n\n\n\n<ul class=\"wp-block-list\"><li>Obtenci\u00f3 de quantitats significatives de productes biotecnol\u00f2gics i\/o biomassa cel\u00b7lular<\/li><li>Producci\u00f3 sota Procediments Normalitzats de Treball<\/li><\/ul>\n\n\n\n<p><strong>FORMACI\u00d3 I ASSESSORIA<\/strong><\/p>\n\n\n\n<ul class=\"wp-block-list\"><li>Formaci\u00f3 de personal especialitzat per a empreses del sector biotecnol\u00f2gic<\/li><li>Assessoria i an\u00e0lisi de processos<\/li><\/ul>\n","protected":false},"excerpt":{"rendered":"<p>La Planta Pilot de Fermentaci\u00f3 concreta les accions de col\u2022laboraci\u00f3 amb empreses e institucions mitjan\u00e7ant convenis de: I+D+I DE PROCESSOS BIOTECNOL\u00d2GICS Disseny, desenvolupament i optimitzaci\u00f3 de bioprocessos Obtenci\u00f3, caracteritzaci\u00f3 i preservaci\u00f3 de soques Determinaci\u00f3 dels requeriments essencials per a la millora del medi de cultiu Cin\u00e8tiques de creixement i producci\u00f3 Implantaci\u00f3 de t\u00e8cniques anal\u00edtiques Estudi [&hellip;]<\/p>\n","protected":false},"author":20,"featured_media":0,"parent":0,"menu_order":0,"comment_status":"closed","ping_status":"closed","template":"","meta":{"footnotes":""},"class_list":["post-38","page","type-page","status-publish","hentry"],"_links":{"self":[{"href":"https:\/\/webs.uab.cat\/ppf\/wp-json\/wp\/v2\/pages\/38","targetHints":{"allow":["GET"]}}],"collection":[{"href":"https:\/\/webs.uab.cat\/ppf\/wp-json\/wp\/v2\/pages"}],"about":[{"href":"https:\/\/webs.uab.cat\/ppf\/wp-json\/wp\/v2\/types\/page"}],"author":[{"embeddable":true,"href":"https:\/\/webs.uab.cat\/ppf\/wp-json\/wp\/v2\/users\/20"}],"replies":[{"embeddable":true,"href":"https:\/\/webs.uab.cat\/ppf\/wp-json\/wp\/v2\/comments?post=38"}],"version-history":[{"count":1,"href":"https:\/\/webs.uab.cat\/ppf\/wp-json\/wp\/v2\/pages\/38\/revisions"}],"predecessor-version":[{"id":223,"href":"https:\/\/webs.uab.cat\/ppf\/wp-json\/wp\/v2\/pages\/38\/revisions\/223"}],"wp:attachment":[{"href":"https:\/\/webs.uab.cat\/ppf\/wp-json\/wp\/v2\/media?parent=38"}],"curies":[{"name":"wp","href":"https:\/\/api.w.org\/{rel}","templated":true}]}}