{"id":145,"date":"2011-07-12T09:33:53","date_gmt":"2011-07-12T09:33:53","guid":{"rendered":"https:\/\/webs.uab.cat\/sepbio\/localization-and-contact\/"},"modified":"2024-04-10T08:43:23","modified_gmt":"2024-04-10T08:43:23","slug":"localization-and-contact","status":"publish","type":"page","link":"https:\/\/webs.uab.cat\/ppp\/en\/localization-and-contact\/","title":{"rendered":"Localization and contact"},"content":{"rendered":"<p>The<strong> Protein Production Platform (PPP)<\/strong> is located at the Universitat Aut\u00f2noma de Barcelona, in the Bellaterra Campus in\u00a0 Cerdanyola del Vall\u00e8s city.<\/p>\n<p><strong>CONTACT INFORMATION<\/strong>:<\/p>\n<p><em>Plataforma de Producci\u00f3n de Prote\u00ednas &#8211; PPP\u00a0&#8211; <\/em><\/p>\n<p><em>Intstitut de Biotecnologia i Biomedicina (IBB)<br \/>\nUAB Campus<br \/>\n08193 Bellaterra (Cerdanyola del Vall\u00e8s)<br \/>\nBarcelona, Spain<\/em><\/p>\n<p><em>Phone: (0034) 93 586 4802<\/em><br \/>\n<em>\u00a0<\/em><br \/>\n<i>Mail:<a href=\"mailto:sepbioes@uab.cat\">\u00a0<\/a><\/i><a href=\"mailto:sepbioes@uab.cat\">ppp.ibb@uab.cat<\/a><\/p>\n<p><strong>TIMETABLES:<\/strong><\/p>\n<p><em>Mondays to Fridays from 9:00h to 17:00h.<\/em><\/p>\n","protected":false},"excerpt":{"rendered":"<p>The Protein Production Platform (PPP) is located at the Universitat Aut\u00f2noma de Barcelona, in the Bellaterra Campus in\u00a0 Cerdanyola del Vall\u00e8s city. CONTACT INFORMATION: Plataforma de Producci\u00f3n de Prote\u00ednas &#8211; PPP\u00a0&#8211; Intstitut de Biotecnologia i Biomedicina (IBB) UAB Campus 08193 Bellaterra (Cerdanyola del Vall\u00e8s) Barcelona, Spain Phone: (0034) 93 586 4802 \u00a0 Mail:\u00a0ppp.ibb@uab.cat TIMETABLES: Mondays [&hellip;]<\/p>\n","protected":false},"author":20,"featured_media":0,"parent":0,"menu_order":0,"comment_status":"closed","ping_status":"closed","template":"","meta":{"footnotes":""},"class_list":["post-145","page","type-page","status-publish","hentry"],"_links":{"self":[{"href":"https:\/\/webs.uab.cat\/ppp\/en\/wp-json\/wp\/v2\/pages\/145","targetHints":{"allow":["GET"]}}],"collection":[{"href":"https:\/\/webs.uab.cat\/ppp\/en\/wp-json\/wp\/v2\/pages"}],"about":[{"href":"https:\/\/webs.uab.cat\/ppp\/en\/wp-json\/wp\/v2\/types\/page"}],"author":[{"embeddable":true,"href":"https:\/\/webs.uab.cat\/ppp\/en\/wp-json\/wp\/v2\/users\/20"}],"replies":[{"embeddable":true,"href":"https:\/\/webs.uab.cat\/ppp\/en\/wp-json\/wp\/v2\/comments?post=145"}],"version-history":[{"count":1,"href":"https:\/\/webs.uab.cat\/ppp\/en\/wp-json\/wp\/v2\/pages\/145\/revisions"}],"predecessor-version":[{"id":383,"href":"https:\/\/webs.uab.cat\/ppp\/en\/wp-json\/wp\/v2\/pages\/145\/revisions\/383"}],"wp:attachment":[{"href":"https:\/\/webs.uab.cat\/ppp\/en\/wp-json\/wp\/v2\/media?parent=145"}],"curies":[{"name":"wp","href":"https:\/\/api.w.org\/{rel}","templated":true}]}}