{"id":102,"date":"2010-07-01T09:46:47","date_gmt":"2010-07-01T09:46:47","guid":{"rendered":"https:\/\/webs.uab.cat\/sepbio\/quienes-somos\/"},"modified":"2010-07-01T09:46:47","modified_gmt":"2010-07-01T09:46:47","slug":"quienes-somos","status":"publish","type":"page","link":"https:\/\/webs.uab.cat\/ppp\/es\/quienes-somos\/","title":{"rendered":"\u00bfQuienes somos?"},"content":{"rendered":"<p><strong>Directora y Coordinadora Cient\u00edfica de la PPP:<\/strong><\/p>\n<p>&nbsp; &nbsp; &nbsp; &nbsp; &nbsp; &nbsp; &nbsp; &nbsp; &nbsp; &nbsp; &nbsp;<a href=\"https:\/\/neus.ferrer@uab.cat\">Dra.&nbsp;<\/a><a href=\"https:\/\/Neus.ferrer@uab.cat\" target=\"_blank\" rel=\"noopener\">Neus Ferrer Miralles<\/a><\/p>\n<p><strong>Coordinadora T\u00e9cnica de la PPP:<\/strong><\/p>\n<p>&nbsp; &nbsp; &nbsp; &nbsp; &nbsp; &nbsp; &nbsp; &nbsp; &nbsp; &nbsp; &nbsp; <a href=\"https:\/\/mercedes.marquez@uab.cat\">Dra. Merce M\u00e1rquez Mart\u00ednez<\/a><\/p>\n<p><strong>T\u00e9cnica de Laboratorio de la PPP:<\/strong><\/p>\n<p>&nbsp; &nbsp; &nbsp; &nbsp; &nbsp; &nbsp; &nbsp; &nbsp; &nbsp; &nbsp; <a href=\"https:\/\/rosamendoza0@gmail.com\">Rosa Mendoza Moreno<\/a><\/p>\n<p><strong>Asesor cient\u00edfico&nbsp;de la PPP:<\/strong><\/p>\n<p><strong>&nbsp; &nbsp; &nbsp; &nbsp; &nbsp; &nbsp; &nbsp; &nbsp; &nbsp;<\/strong> &nbsp; &nbsp;<a href=\"mailto:antoni.villaverde@uab.cat\">Dr. Antoni&nbsp;Villaverde Corrales<\/a><\/p>\n","protected":false},"excerpt":{"rendered":"<p>Directora y Coordinadora Cient\u00edfica de la PPP: &nbsp; &nbsp; &nbsp; &nbsp; &nbsp; &nbsp; &nbsp; &nbsp; &nbsp; &nbsp; &nbsp;Dra.&nbsp;Neus Ferrer Miralles Coordinadora T\u00e9cnica de la PPP: &nbsp; &nbsp; &nbsp; &nbsp; &nbsp; &nbsp; &nbsp; &nbsp; &nbsp; &nbsp; &nbsp; Dra. Merce M\u00e1rquez Mart\u00ednez T\u00e9cnica de Laboratorio de la PPP: &nbsp; &nbsp; &nbsp; &nbsp; &nbsp; &nbsp; &nbsp; &nbsp; &nbsp; [&hellip;]<\/p>\n","protected":false},"author":20,"featured_media":0,"parent":0,"menu_order":0,"comment_status":"closed","ping_status":"closed","template":"","meta":{"footnotes":""},"class_list":["post-102","page","type-page","status-publish","hentry"],"_links":{"self":[{"href":"https:\/\/webs.uab.cat\/ppp\/es\/wp-json\/wp\/v2\/pages\/102","targetHints":{"allow":["GET"]}}],"collection":[{"href":"https:\/\/webs.uab.cat\/ppp\/es\/wp-json\/wp\/v2\/pages"}],"about":[{"href":"https:\/\/webs.uab.cat\/ppp\/es\/wp-json\/wp\/v2\/types\/page"}],"author":[{"embeddable":true,"href":"https:\/\/webs.uab.cat\/ppp\/es\/wp-json\/wp\/v2\/users\/20"}],"replies":[{"embeddable":true,"href":"https:\/\/webs.uab.cat\/ppp\/es\/wp-json\/wp\/v2\/comments?post=102"}],"version-history":[{"count":0,"href":"https:\/\/webs.uab.cat\/ppp\/es\/wp-json\/wp\/v2\/pages\/102\/revisions"}],"wp:attachment":[{"href":"https:\/\/webs.uab.cat\/ppp\/es\/wp-json\/wp\/v2\/media?parent=102"}],"curies":[{"name":"wp","href":"https:\/\/api.w.org\/{rel}","templated":true}]}}