{"id":144,"date":"2011-07-12T09:31:35","date_gmt":"2011-07-12T09:31:35","guid":{"rendered":"https:\/\/webs.uab.cat\/sepbio\/objectivos\/"},"modified":"2024-09-25T11:24:03","modified_gmt":"2024-09-25T11:24:03","slug":"objectivos","status":"publish","type":"page","link":"https:\/\/webs.uab.cat\/ppp\/es\/","title":{"rendered":"Objetivos"},"content":{"rendered":"\n<p><strong>NOTICIAS: <\/strong><\/p>\n\n\n\n<p>La&nbsp;<strong>Plataforma de Producci\u00f3n de Prote\u00ednas (PPP)&nbsp;<\/strong><strong>se ha reubicado <\/strong>a nuevos espacios del Instituto de Biotecnolog\u00eda y Biomedicina (IBB).<\/p>\n\n\n\n<p>La <strong>PPP tiene perfil en <\/strong><a href=\"https:\/\/www.instagram.com\/ppp_uab_nanbiosis\/\"><strong>Instagram<\/strong><\/a><\/p>\n\n\n\n<p>La PPP pone a disposici\u00f3n de la comunidad cient\u00edfica una<strong> <a href=\"https:\/\/webs.uab.cat\/ppp\/wp-content\/uploads\/sites\/167\/2024\/09\/3Artboard-1-copyTS-2.pdf\" data-type=\"link\" data-id=\"https:\/\/webs.uab.cat\/ppp\/wp-content\/uploads\/sites\/167\/2024\/09\/3Artboard-1-copyTS-2.pdf\">gu\u00eda<\/a> <\/strong>sobre c\u00f3mo <strong>optimizar el proceso de producci\u00f3n y purificaci\u00f3n de prote\u00ednas recombinantes<\/strong> producidas en sistemas procariotas. Esta gu\u00eda es fruto de la colaboraci\u00f3n del grupo de Nanobiotecnolog\u00eda y de la PPP, donde se han compartido los conocimientos adquiridos durante a\u00f1os de trabajo en el campo de las prote\u00ednas recombinantes<\/p>\n\n\n\n<hr class=\"wp-block-separator has-alpha-channel-opacity\" \/>\n\n\n\n<p>La&nbsp;<strong>Plataforma de Producci\u00f3n de Prote\u00ednas (PPP)&nbsp;<\/strong>&nbsp;ofrece sus servicios al personal&nbsp;investigador&nbsp;de la UAB, como&nbsp;del entorno UAB (PRUAB o Sincrotr\u00f3n ALBA, entre otros) o otras entitades p\u00fablicas o privadas. La finalidad del servicio es permitir a la industria y a las entidades p\u00fablicas acceder a la \u00faltima tecnolog\u00eda en el \u00e1mbito de la producci\u00f3n y caracterizaci\u00f3n de prote\u00ednas y otras tecnolog\u00edas afines.<\/p>\n\n\n\n<p>La&nbsp;<strong>PPP<\/strong> ofrece sus servicios al personal investigador&nbsp;y a las entidades p\u00fablicas o privadas que lo soliciten, aportando su experiencia tanto para la realizaci\u00f3n de proyectos de I+D+I como para servicios puntuales que se deriven de la utilizaci\u00f3n de las instalacionse del centro.<\/p>\n\n\n\n<p>El objetivo principal del <strong>Servicio<\/strong> es aportar su experiencia para dar soporte cient\u00edfico y tecnol\u00f3gico en el \u00e1mbito de la producci\u00f3n y purificaci\u00f3n de prote\u00ednas.&nbsp;&nbsp;Sus <strong>objetivos espec\u00edficos<\/strong> son:<\/p>\n\n\n\n<p>&nbsp;&nbsp; -Transferencia de la tecnolog\u00eda al tejido empresarial.<\/p>\n\n\n\n<p>&nbsp;&nbsp; -Desarrollo de metodol\u00f3gico y t\u00e9cnico.<\/p>\n\n\n\n<p>&nbsp;&nbsp; -Obtenci\u00f3n de sustancias de inter\u00e9s biotecnol\u00f3gico y de alto valor a\u00f1adido.<\/p>\n\n\n\n<p>&nbsp; -Formaci\u00f3n en las t\u00e9cnicas de producci\u00f3n y purificaci\u00f3n de prote\u00ednas aplicadas al desarrollo de productos y procesos productivos.<\/p>\n\n\n\n<p>&nbsp;&nbsp; -Desarrollo de productos biotecnol\u00f3gicos.<\/p>\n\n\n\n<p>&nbsp;&nbsp; -Asesoramiento tecnol\u00f3gico y biotecnol\u00f3gico.<\/p>\n\n\n\n<p><a href=\"\/sepbio\/sites\/sct.uab.cat.sepbio\/files\/ppppq05_00_politicaqualitat_2019722_1.pdf\" target=\"_blank\" rel=\"noopener\">Enlace a Politica Calidad PPP<\/a><\/p>\n","protected":false},"excerpt":{"rendered":"<p>NOTICIAS: La&nbsp;Plataforma de Producci\u00f3n de Prote\u00ednas (PPP)&nbsp;se ha reubicado a nuevos espacios del Instituto de Biotecnolog\u00eda y Biomedicina (IBB). La PPP tiene perfil en Instagram La PPP pone a disposici\u00f3n de la comunidad cient\u00edfica una gu\u00eda sobre c\u00f3mo optimizar el proceso de producci\u00f3n y purificaci\u00f3n de prote\u00ednas recombinantes producidas en sistemas procariotas. Esta gu\u00eda es [&hellip;]<\/p>\n","protected":false},"author":20,"featured_media":0,"parent":0,"menu_order":0,"comment_status":"closed","ping_status":"closed","template":"","meta":{"footnotes":""},"class_list":["post-144","page","type-page","status-publish","hentry"],"_links":{"self":[{"href":"https:\/\/webs.uab.cat\/ppp\/es\/wp-json\/wp\/v2\/pages\/144","targetHints":{"allow":["GET"]}}],"collection":[{"href":"https:\/\/webs.uab.cat\/ppp\/es\/wp-json\/wp\/v2\/pages"}],"about":[{"href":"https:\/\/webs.uab.cat\/ppp\/es\/wp-json\/wp\/v2\/types\/page"}],"author":[{"embeddable":true,"href":"https:\/\/webs.uab.cat\/ppp\/es\/wp-json\/wp\/v2\/users\/20"}],"replies":[{"embeddable":true,"href":"https:\/\/webs.uab.cat\/ppp\/es\/wp-json\/wp\/v2\/comments?post=144"}],"version-history":[{"count":4,"href":"https:\/\/webs.uab.cat\/ppp\/es\/wp-json\/wp\/v2\/pages\/144\/revisions"}],"predecessor-version":[{"id":425,"href":"https:\/\/webs.uab.cat\/ppp\/es\/wp-json\/wp\/v2\/pages\/144\/revisions\/425"}],"wp:attachment":[{"href":"https:\/\/webs.uab.cat\/ppp\/es\/wp-json\/wp\/v2\/media?parent=144"}],"curies":[{"name":"wp","href":"https:\/\/api.w.org\/{rel}","templated":true}]}}