{"id":146,"date":"2011-07-12T09:33:53","date_gmt":"2011-07-12T09:33:53","guid":{"rendered":"https:\/\/webs.uab.cat\/sepbio\/localizacion-y-contacto\/"},"modified":"2024-04-10T08:42:08","modified_gmt":"2024-04-10T08:42:08","slug":"localizacion-y-contacto","status":"publish","type":"page","link":"https:\/\/webs.uab.cat\/ppp\/es\/localizacion-y-contacto\/","title":{"rendered":"localizaci\u00f3n y contacto"},"content":{"rendered":"<p>La\u00a0<strong>Plataforma de Producci\u00f3n de Prote\u00ednas\u00a0\u00a0<\/strong>(PPP) est\u00e1 ubicada\u00a0en el Campus de Bellaterra de la Universitat Aut\u00f2noma de Barcelona, en el municipio de Cerdanyola del Vall\u00e8s.<\/p>\n<p><strong>DATOS DE CONTACTO<\/strong>:<\/p>\n<p><em>Plataforma de Producci\u00f3n de Prote\u00ednas &#8211; PPP\u00a0&#8211; <\/em><\/p>\n<p><em>Intstitut de Biotecnologia i Biomedicina (IBB)<br \/>\nCampus de la UAB<br \/>\n08193 Bellaterra (Cerdanyola del Vall\u00e8s)<br \/>\nBarcelona, Espa\u00f1a<\/em><\/p>\n<p><em>Tlf: (0034) 93 586 4802<\/em><br \/>\n<em>\u00a0<\/em><br \/>\n<i>e-mail:<a href=\"mailto:sepbioes@uab.cat\">\u00a0<\/a><a href=\"http:\/\/ppp.ibb@uab.cat\">ppp.ibb<\/a><\/i><a href=\"mailto:sepbioes@uab.cat\">@uab.cat<\/a><\/p>\n<p><strong>HORARIO:<\/strong><\/p>\n<p><em>9h a 17h de lunes a viernes<\/em><\/p>\n","protected":false},"excerpt":{"rendered":"<p>La\u00a0Plataforma de Producci\u00f3n de Prote\u00ednas\u00a0\u00a0(PPP) est\u00e1 ubicada\u00a0en el Campus de Bellaterra de la Universitat Aut\u00f2noma de Barcelona, en el municipio de Cerdanyola del Vall\u00e8s. DATOS DE CONTACTO: Plataforma de Producci\u00f3n de Prote\u00ednas &#8211; PPP\u00a0&#8211; Intstitut de Biotecnologia i Biomedicina (IBB) Campus de la UAB 08193 Bellaterra (Cerdanyola del Vall\u00e8s) Barcelona, Espa\u00f1a Tlf: (0034) 93 586 [&hellip;]<\/p>\n","protected":false},"author":20,"featured_media":0,"parent":0,"menu_order":0,"comment_status":"closed","ping_status":"closed","template":"","meta":{"footnotes":""},"class_list":["post-146","page","type-page","status-publish","hentry"],"_links":{"self":[{"href":"https:\/\/webs.uab.cat\/ppp\/es\/wp-json\/wp\/v2\/pages\/146","targetHints":{"allow":["GET"]}}],"collection":[{"href":"https:\/\/webs.uab.cat\/ppp\/es\/wp-json\/wp\/v2\/pages"}],"about":[{"href":"https:\/\/webs.uab.cat\/ppp\/es\/wp-json\/wp\/v2\/types\/page"}],"author":[{"embeddable":true,"href":"https:\/\/webs.uab.cat\/ppp\/es\/wp-json\/wp\/v2\/users\/20"}],"replies":[{"embeddable":true,"href":"https:\/\/webs.uab.cat\/ppp\/es\/wp-json\/wp\/v2\/comments?post=146"}],"version-history":[{"count":1,"href":"https:\/\/webs.uab.cat\/ppp\/es\/wp-json\/wp\/v2\/pages\/146\/revisions"}],"predecessor-version":[{"id":382,"href":"https:\/\/webs.uab.cat\/ppp\/es\/wp-json\/wp\/v2\/pages\/146\/revisions\/382"}],"wp:attachment":[{"href":"https:\/\/webs.uab.cat\/ppp\/es\/wp-json\/wp\/v2\/media?parent=146"}],"curies":[{"name":"wp","href":"https:\/\/api.w.org\/{rel}","templated":true}]}}