{"id":147,"date":"2011-07-12T09:38:59","date_gmt":"2011-07-12T09:38:59","guid":{"rendered":"https:\/\/webs.uab.cat\/sepbio\/oferta-de-servicios\/"},"modified":"2011-07-13T09:06:22","modified_gmt":"2011-07-13T09:06:22","slug":"oferta-de-servicios","status":"publish","type":"page","link":"https:\/\/webs.uab.cat\/ppp\/es\/oferta-de-servicios\/","title":{"rendered":"Oferta de servicios"},"content":{"rendered":"<h3><strong>T\u00c9CNICAS DISPONIBLES:<\/strong><\/h3>\n<p>&nbsp;<\/p>\n<ul>\n<li>Bioproducci\u00f3n de prote\u00ednas&nbsp;<\/li>\n<li>Purificaci\u00f3n de prote\u00ednas<\/li>\n<li>Autoservicio FPLC&nbsp;<\/li>\n<li>Asesor\u00eda en producci\u00f3n y purificaci\u00f3n de prote\u00ednas<\/li>\n<li>Formaci\u00f3n en producci\u00f3n y purificaci\u00f3n de prote\u00ednas&nbsp;<\/li>\n<li>Criopreservacion<\/li>\n<\/ul>\n<p>&nbsp;<\/p>\n","protected":false},"excerpt":{"rendered":"<p>T\u00c9CNICAS DISPONIBLES: &nbsp; Bioproducci\u00f3n de prote\u00ednas&nbsp; Purificaci\u00f3n de prote\u00ednas Autoservicio FPLC&nbsp; Asesor\u00eda en producci\u00f3n y purificaci\u00f3n de prote\u00ednas Formaci\u00f3n en producci\u00f3n y purificaci\u00f3n de prote\u00ednas&nbsp; Criopreservacion &nbsp;<\/p>\n","protected":false},"author":20,"featured_media":0,"parent":0,"menu_order":0,"comment_status":"closed","ping_status":"closed","template":"","meta":{"footnotes":""},"class_list":["post-147","page","type-page","status-publish","hentry"],"_links":{"self":[{"href":"https:\/\/webs.uab.cat\/ppp\/es\/wp-json\/wp\/v2\/pages\/147","targetHints":{"allow":["GET"]}}],"collection":[{"href":"https:\/\/webs.uab.cat\/ppp\/es\/wp-json\/wp\/v2\/pages"}],"about":[{"href":"https:\/\/webs.uab.cat\/ppp\/es\/wp-json\/wp\/v2\/types\/page"}],"author":[{"embeddable":true,"href":"https:\/\/webs.uab.cat\/ppp\/es\/wp-json\/wp\/v2\/users\/20"}],"replies":[{"embeddable":true,"href":"https:\/\/webs.uab.cat\/ppp\/es\/wp-json\/wp\/v2\/comments?post=147"}],"version-history":[{"count":0,"href":"https:\/\/webs.uab.cat\/ppp\/es\/wp-json\/wp\/v2\/pages\/147\/revisions"}],"wp:attachment":[{"href":"https:\/\/webs.uab.cat\/ppp\/es\/wp-json\/wp\/v2\/media?parent=147"}],"curies":[{"name":"wp","href":"https:\/\/api.w.org\/{rel}","templated":true}]}}