{"id":151,"date":"2010-06-22T15:31:18","date_gmt":"2010-06-22T15:31:18","guid":{"rendered":"https:\/\/webs.uab.cat\/sepbio\/produccio-cientifica-2\/"},"modified":"2012-01-13T11:58:39","modified_gmt":"2012-01-13T11:58:39","slug":"produccio-cientifica-2","status":"publish","type":"page","link":"https:\/\/webs.uab.cat\/ppp\/es\/produccio-cientifica-2\/","title":{"rendered":"Producci\u00f3 cient\u00edfica"},"content":{"rendered":"<p><strong>Publicaciones&nbsp; Recientes<\/strong><\/p>\n<p class=\"rtejustify\">&nbsp;<\/p>\n<p class=\"rtejustify\"><a href=\"https:\/\/preview.ncbi.nlm.nih.gov\/pubmed\/?term=Nanostructured+Toxins+for+the+Selective+Destruction+of+Drug-Resistant+Human+CXCR4+%2B+Colorectal+Cancer+Stem+Cells.\">Nanostructured Toxins for the Selective Destruction of Drug-Resistant Human CXCR4 + Colorectal Cancer Stem Cells.<\/a> Naroa Serna, Patricia \u00c1lamo, Prashanthi Ramesh, Daria Vinokurova, Laura S\u00e1nchez-Garc\u00eda, Ugutz Unzueta, Alberto Gallardo, Mar\u00eda Virtudes C\u00e9spedes, Esther V\u00e1zquez, <strong>Antonio Villaverde<\/strong>, Ram\u00f3n Mangues, Jan Paul Medema. J Control Release. 2020 Apr 10;320:96-104. Epub 2020 Jan 10.<\/p>\n<p class=\"rtejustify\">&nbsp;<\/p>\n<p class=\"rtejustify\"><a href=\"https:\/\/pubmed.ncbi.nlm.nih.gov\/31248974\/?from_single_result=A+CXCR4-targeted+nanocarrier+achieves+highly+selective+tumor+uptake+in+diffuse+large+B-cell+lymphoma+mouse+models\">A CXCR4-targeted nanocarrier achieves highly selective tumor uptake in diffuse large B-cell lymphoma mouse models<\/a>. A\u00efda Falg\u00e0s, Victor Pallar\u00e8s, Ugutz Unzueta, Mar\u00eda Virtudes C\u00e9spedes, Irene Arroyo-Solera, Mar\u00eda Jos\u00e9 Moreno, Jorge Sierra, Alberto Gallardo, Mar\u00eda Antonia Mangues, Esther V\u00e1zquez , <strong>Antonio Villaverde, <\/strong>Ramon Mangues, Isolda Casanova. Haematologica. 2020 Mar;105(3):741-753. Epub 2019 Jun 27.<\/p>\n<p class=\"rtejustify\">&nbsp;<\/p>\n<p class=\"rtejustify\"><a href=\"https:\/\/pubmed.ncbi.nlm.nih.gov\/31840972\/?from_single_result=Engineering+a+Nanostructured+Nucleolin-Binding+Peptide+for+Intracellular+Drug+Delivery+in+Triple-Negative+Breast+Cancer+Stem+Cells.\">Engineering a Nanostructured Nucleolin-Binding Peptide for Intracellular Drug Delivery in Triple-Negative Breast Cancer Stem Cells.<\/a> Mireia Pesarrodona, Laura S\u00e1nchez-Garc\u00eda, Joaquin Seras-Franzoso, Alejandro S\u00e1nchez-Chardi, Ricardo Balt\u00e1-Foix, Patricia C\u00e1mara-S\u00e1nchez, Petra Gener, Jos\u00e9 Juan Jara, Daniel Pulido, Naroa Serna, Sim\u00f3 Schwartz Jr, Miriam Royo, <strong>Antonio Villaverde<\/strong>, Ibane Abasolo, Esther Vazquez. ACS Appl Mater Interfaces. 2020 Feb 5;12(5):5381-5388. Epub 2020 Jan 21.<\/p>\n<p class=\"rtejustify\">&nbsp;<\/p>\n<p class=\"rtejustify\"><a href=\"https:\/\/pubmed.ncbi.nlm.nih.gov\/31879981\/?from_single_result=Engineering+Secretory+Amyloids+for+Remote+and+Highly+Selective+Destruction+of+Metastatic+Foci.\">Engineering Secretory Amyloids for Remote and Highly Selective Destruction of Metastatic Foci.<\/a> Mar\u00eda Virtudes C\u00e9spedes, Olivia Cano-Garrido, Patricia \u00c1lamo, Rita Sala, Alberto Gallardo, Naroa Serna, A\u00efda Falg\u00e0s, Eric Volt\u00e0-Dur\u00e1n, Isolda Casanova, Alejandro S\u00e1nchez-Chardi, H\u00e8ctor L\u00f3pez-Laguna, Laura S\u00e1nchez-Garc\u00eda, Julieta M S\u00e1nchez, Ugutz Unzueta, Esther V\u00e1zquez, Ram\u00f3n Mangues, <strong>Antonio Villaverde. <\/strong>Adv. Mater. 2020 Feb;32(7). Epub 2019 Dec 27.<\/p>\n<p class=\"rtejustify\">&nbsp;<\/p>\n<p class=\"rtejustify\"><a href=\"https:\/\/pubmed.ncbi.nlm.nih.gov\/31812843\/?from_single_result=Self-assembling+as+regular+nanoparticles+dramatically+minimizes+photobleaching+of+tumour-targeted+GFP.\">Self-assembling as regular nanoparticles dramatically minimizes photobleaching of tumour-targeted GFP.<\/a> Ugutz Unzueta, M\u00f2nica Rold\u00e1n, Mireia Pesarrodona , Raul Benitez, Alejandro S\u00e1nchez-Chardi, Oscar Conchillo-Sol\u00e9, Ram\u00f3n Mangues, <strong>Antonio Villaverde<\/strong>, Esther V\u00e1zquez. Acta Biomater. 2020 Feb;103:272-280. Epub 2019 Dec 6.<\/p>\n<p class=\"rtejustify\">&nbsp;<\/p>\n<p class=\"rtejustify\"><a href=\"https:\/\/onlinelibrary.wiley.com\/doi\/10.1002\/ppsc.201900304\">Nanostructure Empowers Active Tumor Targeting in Ligand\u2010Based Molecular Delivery.<\/a>. H\u00e8ctor L\u00f3pez-Laguna, Rita Sala, Julieta M. S\u00e1nchez, Patricia \u00c1lamo, Ugutz Unzueta, Alejandro S\u00e1nchez-Chardi, Naroa Serna, Laura S\u00e1nchez-Garc\u00eda, Eric Volt\u00e0-Dur\u00e1n, Ram\u00f3n Mangues, <strong>Antonio Villaverde <\/strong>and Esther V\u00e1zquez. Part. Syst. Charact. &nbsp;2019 Nov; 36(11). Epub 2019 Oct 16.<\/p>\n<p class=\"rtejustify\">&nbsp;<\/p>\n<p class=\"rtejustify\"><a href=\"https:\/\/pubmed.ncbi.nlm.nih.gov\/31494293\/?from_single_result=Collaborative+membrane+activity+and+receptor-dependent+tumor+cell+targeting+for+precise+nanoparticle+delivery+in+CXCR4%2B+colorectal+c%C3%A0ncer.\">Collaborative membrane activity and receptor-dependent tumor cell targeting for precise nanoparticle delivery in CXCR4+ colorectal c\u00e0ncer<\/a>. Rita Sala, Laura S\u00e1nchez-Garc\u00eda, Naroa Serna, Mar\u00eda Virtudes C\u00e9spedes, Isolda Casanova, M\u00f2nica Rold\u00e1n, Alejandro S\u00e1nchez-Chardi, Ugutz Unzueta, Esther V\u00e1zquez, Ram\u00f3n Mangues, <strong>Antonio Villaverde<\/strong>. Acta Biomater.&nbsp; 2019 Nov;99:426-432. Epub 2019 Sep 5.<\/p>\n<p class=\"rtejustify\">&nbsp;<\/p>\n<p class=\"rtejustify\"><a href=\"https:\/\/pubmed.ncbi.nlm.nih.gov\/30685732\/?from_single_result=Protein-driven+Nanomedicines+in+Oncotherapy\">Protein-driven Nanomedicines in Oncotherapy<\/a>. Isolda Casanova, Ugutz Unzueta, Irene Arroyo-Solera, Maria Virtudes C\u00e9spedes, <strong>Antonio Villaverde<\/strong>, Ramon Mangues, Esther Vazquez. Curr. Opin. Pharmacol. 2019 Aug; 47:1-7. Epub 2019 Jan 25.&nbsp;<\/p>\n<p class=\"rtejustify\">&nbsp;<\/p>\n<p class=\"rtejustify\"><a href=\"https:\/\/pubmed.ncbi.nlm.nih.gov\/31559131\/?from_single_result=Targeting+Antitumoral+Proteins+to+Breast+Cancer+by+Local+Administration+of+Functional+Inclusion+Bodies.\">Targeting Antitumoral Proteins to Breast Cancer by Local Administration of Functional Inclusion Bodies.<\/a> Mireia Pesarrodona, Toni Jauset, Zamira V D\u00edaz-Riascos, Alejandro S\u00e1nchez-Chardi, Marie-Eve Beaulieu, Joaquin Seras-Franzoso, Laura S\u00e1nchez-Garc\u00eda, Ricardo Balt\u00e0-Foix, Sandra Mancilla, Yolanda Fern\u00e1ndez, Ursula Rinas, Sim\u00f3 Schwartz Jr, Laura Soucek, <strong>Antonio Villaverde<\/strong>, Ibane Abasolo , Esther V\u00e1zquez. Adv Sci (Weinh). 2019 Jul 24;6(18):1900849. &nbsp;Epub 2019 Sep 18.<\/p>\n<p class=\"rtejustify\">&nbsp;<\/p>\n<p class=\"rtejustify\"><a href=\"https:\/\/pubmed.ncbi.nlm.nih.gov\/31261673\/?from_single_result=Latest+Advances+in+the+Development+of+Eukaryotic+Vaults+as+Targeted+Drug+Delivery+Systems\">Latest Advances in the Development of Eukaryotic Vaults as Targeted Drug Delivery Systems<\/a>. Amanda Mu\u00f1oz-Juan, Aida Carre\u00f1o, <strong>Rosa Mendoza<\/strong>, Jos\u00e9 L Corchero. Pharmaceutics. 2019 Jun 28;11(7):300.<\/p>\n<p class=\"rtejustify\">&nbsp;<\/p>\n<p class=\"rtejustify\"><a href=\"https:\/\/pubmed.ncbi.nlm.nih.gov\/30976478\/?from_single_result=Efficient+bioactive+oligonucleotide-protein+conjugation+for+cell-targeted+cancer+therapy.\">Efficient bioactive oligonucleotide-protein conjugation for cell-targeted cancer therapy.<\/a> Anna Avi\u00f1\u00f3 , Ugutz Unzueta, Mar\u00eda Virtudes C\u00e9spedes, Isolda Casanova, Esther V\u00e1zquez, <strong>Antonio Villaverde<\/strong>, Ramon Mangues , Ramon Eritja. ChemistryOpen. 2019 Mar 28;8(3):382-387. Epub 2019 Mar.<\/p>\n<p class=\"rtejustify\">&nbsp;<\/p>\n<p class=\"rtejustify\"><a href=\"https:\/\/pubmed.ncbi.nlm.nih.gov\/30561375\/?from_single_result=Recruiting+potent+membrane+penetrability+in+tumor+cell-targeted+protein-only+nanoparticles.\">Recruiting potent membrane penetrability in tumor cell-targeted protein-only nanoparticles.<\/a> Naroa Serna, Julieta M S\u00e1nchez, Ugutz Unzueta, Laura S\u00e1nchez-Garc\u00eda, Alejandro S\u00e1nchez Chardi, Ram\u00f3n Mangues, Esther V\u00e1zquez and <strong>Antonio Villaverde<\/strong>. Nanotechnolology. 2019 Mar 15;30(11):11510 Epub 2018 Dec 18.<\/p>\n<p class=\"rtejustify\">&nbsp;<\/p>\n<p class=\"rtejustify\"><a href=\"https:\/\/pubmed.ncbi.nlm.nih.gov\/30366134\/?from_single_result=Assembly+of+histidine-rich+protein+materials+controlled+through+divalent+cations.\">Assembly of histidine-rich protein materials controlled through divalent cations.<\/a> H\u00e8ctor L\u00f3pez-Laguna&nbsp; , Ugutz Unzueta, Oscar Conchillo-Sol\u00e9, Alejandro S\u00e1nchez-Chardi, Mireia Pesarrodona, Olivia Cano-Garrido, Eric Volt\u00e0, Laura S\u00e1nchez-Garc\u00eda, Naroa Serna, <strong>Paolo Saccardo<\/strong>, Ram\u00f3n Mangues, Antonio Villaverde, Esther V\u00e1zquez. Acta Biomater. 2019 Jan 1;83:257-264. Epub 2018 Oct 24.<\/p>\n<p class=\"rtejustify\">&nbsp;<\/p>\n<p class=\"rtejustify\"><a href=\"https:\/\/pubmed.ncbi.nlm.nih.gov\/30357330\/?from_single_result=Bacterial+inclusion+bodies+are+industrially+exploitable+amyloids.\">Bacterial inclusion bodies are industrially exploitable amyloids.<\/a> Ario de Marco, <strong>Neus Ferrer-Miralles<\/strong>, Elena Garcia-Fruit\u00f3s, Anna Mitraki, Spela Peternel , Ursula Rinas, Mauricio A Trujillo-Rold\u00e1n, Norma A Valdez-Cruz, Esther V\u00e1zquez, Antonio Villaverde. FEMS Microbiol. Rev. 2019 Jan 1;43(1):53-72. Epub 2018 Oct 24.<\/p>\n<p class=\"rtejustify\">&nbsp;<\/p>\n","protected":false},"excerpt":{"rendered":"<p>Publicaciones&nbsp; Recientes &nbsp; Nanostructured Toxins for the Selective Destruction of Drug-Resistant Human CXCR4 + Colorectal Cancer Stem Cells. Naroa Serna, Patricia \u00c1lamo, Prashanthi Ramesh, Daria Vinokurova, Laura S\u00e1nchez-Garc\u00eda, Ugutz Unzueta, Alberto Gallardo, Mar\u00eda Virtudes C\u00e9spedes, Esther V\u00e1zquez, Antonio Villaverde, Ram\u00f3n Mangues, Jan Paul Medema. J Control Release. 2020 Apr 10;320:96-104. Epub 2020 Jan 10. &nbsp; [&hellip;]<\/p>\n","protected":false},"author":20,"featured_media":0,"parent":0,"menu_order":0,"comment_status":"closed","ping_status":"closed","template":"","meta":{"footnotes":""},"class_list":["post-151","page","type-page","status-publish","hentry"],"_links":{"self":[{"href":"https:\/\/webs.uab.cat\/ppp\/es\/wp-json\/wp\/v2\/pages\/151","targetHints":{"allow":["GET"]}}],"collection":[{"href":"https:\/\/webs.uab.cat\/ppp\/es\/wp-json\/wp\/v2\/pages"}],"about":[{"href":"https:\/\/webs.uab.cat\/ppp\/es\/wp-json\/wp\/v2\/types\/page"}],"author":[{"embeddable":true,"href":"https:\/\/webs.uab.cat\/ppp\/es\/wp-json\/wp\/v2\/users\/20"}],"replies":[{"embeddable":true,"href":"https:\/\/webs.uab.cat\/ppp\/es\/wp-json\/wp\/v2\/comments?post=151"}],"version-history":[{"count":0,"href":"https:\/\/webs.uab.cat\/ppp\/es\/wp-json\/wp\/v2\/pages\/151\/revisions"}],"wp:attachment":[{"href":"https:\/\/webs.uab.cat\/ppp\/es\/wp-json\/wp\/v2\/media?parent=151"}],"curies":[{"name":"wp","href":"https:\/\/api.w.org\/{rel}","templated":true}]}}