{"id":136,"date":"2011-07-12T09:33:53","date_gmt":"2011-07-12T09:33:53","guid":{"rendered":"https:\/\/webs.uab.cat\/sepbio\/localitzacio-i-contacte\/"},"modified":"2024-04-10T07:10:29","modified_gmt":"2024-04-10T07:10:29","slug":"localitzacio-i-contacte","status":"publish","type":"page","link":"https:\/\/webs.uab.cat\/ppp\/localitzacio-i-contacte\/","title":{"rendered":"localitzaci\u00f3 i contacte"},"content":{"rendered":"<p>La\u00a0<strong>Plataforma de Producci\u00f3 de Prote\u00efnes (PPP)<\/strong>\u00a0est\u00e0 ubicat al Campus de Bellaterra de la Universitat Aut\u00f2noma de Barcelona, al municipi de Cerdanyola del Vall\u00e8s.<\/p>\n<p><strong>DADES DE CONTACTE<\/strong>:<\/p>\n<p><em>Plataforma de Producci\u00f3 de Prote\u00efnes (PPP)<\/em><\/p>\n<p><em>Institut de Biotecnologia i Biomedicina (IBB)<br \/>\nCampus de la UAB<br \/>\n08193 Bellaterra (Cerdanyola del Vall\u00e8s)<br \/>\nBarcelona, Espanya<\/em><\/p>\n<p><em>Tlf: (0034) 93 586 4802<\/em><br \/>\n<em>\u00a0<\/em><br \/>\n<i>Mail:<a href=\"mailto:sepbioes@uab.cat\">\u00a0<\/a><a href=\"https:\/\/ppp.ibb@uab.cat\">ppp.ibb<\/a><\/i><a href=\"mailto:sepbioes@uab.cat\">@uab.cat<\/a><\/p>\n<p><strong>HORARI:<\/strong><\/p>\n<p><em>9h a 17h de dilluns a divendres<\/em><\/p>\n<p><img decoding=\"async\" src=\"\/sepbio\/sites\/sct.uab.cat.sepbio\/files\/images\/pruab.thumbnail.png\" alt=\"\" \/><\/p>\n<p><em>\u00a0<\/em><\/p>\n<p><small>Veure la localitzaci\u00f3 del <a href=\"https:\/\/maps.google.es\/maps\/ms?msa=0&amp;msid=203350284607311787736.00045ce5428255532db4d&amp;hl=es&amp;ie=UTF8&amp;t=f&amp;vpsrc=6&amp;ll=41.498843,2.107299&amp;spn=0.001205,0.001609&amp;z=18&amp;ecpose=41.49763342,2.10730064,249.09,0.001,49.025,0.001&amp;source=embed\">PPP-UAB<\/a> en un mapa.<\/small><\/p>\n","protected":false},"excerpt":{"rendered":"<p>La\u00a0Plataforma de Producci\u00f3 de Prote\u00efnes (PPP)\u00a0est\u00e0 ubicat al Campus de Bellaterra de la Universitat Aut\u00f2noma de Barcelona, al municipi de Cerdanyola del Vall\u00e8s. DADES DE CONTACTE: Plataforma de Producci\u00f3 de Prote\u00efnes (PPP) Institut de Biotecnologia i Biomedicina (IBB) Campus de la UAB 08193 Bellaterra (Cerdanyola del Vall\u00e8s) Barcelona, Espanya Tlf: (0034) 93 586 4802 \u00a0 [&hellip;]<\/p>\n","protected":false},"author":20,"featured_media":0,"parent":0,"menu_order":0,"comment_status":"closed","ping_status":"closed","template":"","meta":{"footnotes":""},"class_list":["post-136","page","type-page","status-publish","hentry"],"_links":{"self":[{"href":"https:\/\/webs.uab.cat\/ppp\/wp-json\/wp\/v2\/pages\/136","targetHints":{"allow":["GET"]}}],"collection":[{"href":"https:\/\/webs.uab.cat\/ppp\/wp-json\/wp\/v2\/pages"}],"about":[{"href":"https:\/\/webs.uab.cat\/ppp\/wp-json\/wp\/v2\/types\/page"}],"author":[{"embeddable":true,"href":"https:\/\/webs.uab.cat\/ppp\/wp-json\/wp\/v2\/users\/20"}],"replies":[{"embeddable":true,"href":"https:\/\/webs.uab.cat\/ppp\/wp-json\/wp\/v2\/comments?post=136"}],"version-history":[{"count":1,"href":"https:\/\/webs.uab.cat\/ppp\/wp-json\/wp\/v2\/pages\/136\/revisions"}],"predecessor-version":[{"id":377,"href":"https:\/\/webs.uab.cat\/ppp\/wp-json\/wp\/v2\/pages\/136\/revisions\/377"}],"wp:attachment":[{"href":"https:\/\/webs.uab.cat\/ppp\/wp-json\/wp\/v2\/media?parent=136"}],"curies":[{"name":"wp","href":"https:\/\/api.w.org\/{rel}","templated":true}]}}