{"id":142,"date":"2011-07-12T10:40:14","date_gmt":"2011-07-12T10:40:14","guid":{"rendered":"https:\/\/webs.uab.cat\/sepbio\/equipament\/"},"modified":"2011-07-12T10:40:14","modified_gmt":"2011-07-12T10:40:14","slug":"equipament","status":"publish","type":"page","link":"https:\/\/webs.uab.cat\/ppp\/equipament\/","title":{"rendered":"Equipament"},"content":{"rendered":"<p><strong>La plataforma producci\u00f3 prote\u00efnes&nbsp;disposa del seg\u00fcents equipaments:<\/strong><\/p>\n<p><a href=\"http:\/\/www.nanbiosis.es\/portfolio\/u1-protein-production-platform-ppp\/\" target=\"_blank\" rel=\"noopener\">Link equipaments PPP<\/a><\/p>\n<p>&nbsp;<\/p>\n","protected":false},"excerpt":{"rendered":"<p>La plataforma producci\u00f3 prote\u00efnes&nbsp;disposa del seg\u00fcents equipaments: Link equipaments PPP &nbsp;<\/p>\n","protected":false},"author":20,"featured_media":0,"parent":0,"menu_order":0,"comment_status":"closed","ping_status":"closed","template":"","meta":{"footnotes":""},"class_list":["post-142","page","type-page","status-publish","hentry"],"_links":{"self":[{"href":"https:\/\/webs.uab.cat\/ppp\/wp-json\/wp\/v2\/pages\/142","targetHints":{"allow":["GET"]}}],"collection":[{"href":"https:\/\/webs.uab.cat\/ppp\/wp-json\/wp\/v2\/pages"}],"about":[{"href":"https:\/\/webs.uab.cat\/ppp\/wp-json\/wp\/v2\/types\/page"}],"author":[{"embeddable":true,"href":"https:\/\/webs.uab.cat\/ppp\/wp-json\/wp\/v2\/users\/20"}],"replies":[{"embeddable":true,"href":"https:\/\/webs.uab.cat\/ppp\/wp-json\/wp\/v2\/comments?post=142"}],"version-history":[{"count":0,"href":"https:\/\/webs.uab.cat\/ppp\/wp-json\/wp\/v2\/pages\/142\/revisions"}],"wp:attachment":[{"href":"https:\/\/webs.uab.cat\/ppp\/wp-json\/wp\/v2\/media?parent=142"}],"curies":[{"name":"wp","href":"https:\/\/api.w.org\/{rel}","templated":true}]}}