{"id":82,"date":"2010-06-22T15:30:20","date_gmt":"2010-06-22T15:30:20","guid":{"rendered":"https:\/\/webs.uab.cat\/sepbio\/qui-som\/"},"modified":"2010-06-22T15:30:20","modified_gmt":"2010-06-22T15:30:20","slug":"qui-som","status":"publish","type":"page","link":"https:\/\/webs.uab.cat\/ppp\/qui-som\/","title":{"rendered":"Qui Som"},"content":{"rendered":"<p><strong>Directora i&nbsp;Coordinadora Cient\u00edfica de la PPP:<\/strong><\/p>\n<p>&nbsp; &nbsp; &nbsp; &nbsp; &nbsp;<a href=\"mailto:neus.ferrer@uab.cat\">Dra. Neus Ferrer Miralles<\/a><\/p>\n<p><strong>Coordinadora t\u00e8cnica de la PPP:<\/strong><\/p>\n<p>&nbsp;&nbsp;&nbsp;&nbsp;&nbsp;&nbsp;&nbsp;&nbsp;<a href=\"mailto:mercedes.marquez@uab.cat\" target=\"_blank\" rel=\"noopener\">Dra. Merce M\u00e1rquez Mart\u00ednez<\/a><\/p>\n<p><strong>T\u00e8cnica de laboratori&nbsp;de la PPP:<\/strong><\/p>\n<p>&nbsp;&nbsp;&nbsp;&nbsp;&nbsp;&nbsp;&nbsp;&nbsp;<a href=\"mailto:rosamendoza0@gmail.com\" target=\"_blank\" rel=\"noopener\">Rosa Mendoza Moreno&nbsp;<\/a><\/p>\n<p><strong>Assessor cient\u00edfic&nbsp;de la PPP:<\/strong><\/p>\n<p><strong>&nbsp; &nbsp; &nbsp; &nbsp;&nbsp;<\/strong>&nbsp;<a href=\"mailto:antoni.villaverde@uab.cat\">Dr. Antoni&nbsp;Villaverde Corrales<\/a><\/p>\n","protected":false},"excerpt":{"rendered":"<p>Directora i&nbsp;Coordinadora Cient\u00edfica de la PPP: &nbsp; &nbsp; &nbsp; &nbsp; &nbsp;Dra. Neus Ferrer Miralles Coordinadora t\u00e8cnica de la PPP: &nbsp;&nbsp;&nbsp;&nbsp;&nbsp;&nbsp;&nbsp;&nbsp;Dra. Merce M\u00e1rquez Mart\u00ednez T\u00e8cnica de laboratori&nbsp;de la PPP: &nbsp;&nbsp;&nbsp;&nbsp;&nbsp;&nbsp;&nbsp;&nbsp;Rosa Mendoza Moreno&nbsp; Assessor cient\u00edfic&nbsp;de la PPP: &nbsp; &nbsp; &nbsp; &nbsp;&nbsp;&nbsp;Dr. Antoni&nbsp;Villaverde Corrales<\/p>\n","protected":false},"author":20,"featured_media":0,"parent":0,"menu_order":0,"comment_status":"closed","ping_status":"closed","template":"","meta":{"footnotes":""},"class_list":["post-82","page","type-page","status-publish","hentry"],"_links":{"self":[{"href":"https:\/\/webs.uab.cat\/ppp\/wp-json\/wp\/v2\/pages\/82","targetHints":{"allow":["GET"]}}],"collection":[{"href":"https:\/\/webs.uab.cat\/ppp\/wp-json\/wp\/v2\/pages"}],"about":[{"href":"https:\/\/webs.uab.cat\/ppp\/wp-json\/wp\/v2\/types\/page"}],"author":[{"embeddable":true,"href":"https:\/\/webs.uab.cat\/ppp\/wp-json\/wp\/v2\/users\/20"}],"replies":[{"embeddable":true,"href":"https:\/\/webs.uab.cat\/ppp\/wp-json\/wp\/v2\/comments?post=82"}],"version-history":[{"count":0,"href":"https:\/\/webs.uab.cat\/ppp\/wp-json\/wp\/v2\/pages\/82\/revisions"}],"wp:attachment":[{"href":"https:\/\/webs.uab.cat\/ppp\/wp-json\/wp\/v2\/media?parent=82"}],"curies":[{"name":"wp","href":"https:\/\/api.w.org\/{rel}","templated":true}]}}