{"id":1458,"date":"2026-03-20T19:21:20","date_gmt":"2026-03-20T17:21:20","guid":{"rendered":"https:\/\/webs.uab.cat\/programa-universitat-empresa\/eventos\/"},"modified":"2026-03-23T15:37:55","modified_gmt":"2026-03-23T13:37:55","slug":"eventos","status":"publish","type":"page","link":"https:\/\/webs.uab.cat\/programa-universitat-empresa\/eventos\/?lang=es","title":{"rendered":"Eventos"},"content":{"rendered":"\n<p>Aqu\u00ed encontrar\u00e9is un listado de los diferentes actos y eventos realizados.<\/p>\n\n\n<ul class=\"wp-block-latest-posts__list has-dates wp-block-latest-posts\"><li><a class=\"wp-block-latest-posts__post-title\" href=\"https:\/\/webs.uab.cat\/programa-universitat-empresa\/cicle-de-conferencies-dinnovacio-i-iniciativa-emprenedora\/\">Innovaci\u00f3 i Iniciativa Emprenedora<\/a><time datetime=\"2025-12-12T00:00:45+02:00\" class=\"wp-block-latest-posts__post-date\">12 de desembre de 2025<\/time><div class=\"wp-block-latest-posts__post-excerpt\">Aquest cicle aborda la innovaci\u00f3 i el proc\u00e9s emprenedor, des de la generaci\u00f3 d&#8217;idees fins la seva consolidaci\u00f3 al mercat. A partir de casos reals i testimonis d&#8217;emprenedors, es treballen aspectes clau com la proposta de valor, els models de negoci i el finan\u00e7ament. El seu objectiu \u00e9s fomentar una mentalitat innovadora, creativa i orientada a l&#8217;acci\u00f3&#8230;<\/div><\/li>\n<li><a class=\"wp-block-latest-posts__post-title\" href=\"https:\/\/webs.uab.cat\/programa-universitat-empresa\/funcio-directiva\/\">Funci\u00f3 Directiva<\/a><time datetime=\"2025-12-11T00:00:56+02:00\" class=\"wp-block-latest-posts__post-date\">11 de desembre de 2025<\/time><div class=\"wp-block-latest-posts__post-excerpt\">En aquest cicle s&#8217;aborden\n les habilitats i compet\u00e8ncies clau de la funci\u00f3 directiva, aix\u00ed com els principals reptes que afronten les organitzacions en entorns complexos i canviants. Mitjan\u00e7ant casos pr\u00e0ctics i experi\u00e8ncies de directius, es treballen \u00e0mbits fonamentals de la direcci\u00f3 estrat\u00e8gica. El seu objectiu \u00e9s oferir una visi\u00f3 aplicada, rigorosa i alineada amb la realitat empresarial, contribuint al desenvolupament d\u2019habilitats directives&#8230;<\/div><\/li>\n<li><a class=\"wp-block-latest-posts__post-title\" href=\"https:\/\/webs.uab.cat\/programa-universitat-empresa\/geopolitica\/\">Geopol\u00edtica<\/a><time datetime=\"2025-11-24T00:00:52+02:00\" class=\"wp-block-latest-posts__post-date\">24 de novembre de 2025<\/time><div class=\"wp-block-latest-posts__post-excerpt\">El cicle \nanalitza, a trav\u00e9s d&#8217;experts acad\u00e8mics i professionals, les principals din\u00e0miques geopol\u00edtiques i geo-econ\u00f2miques que configuren l&#8217;entorn internacional actual. El seu objectiu \u00e9s proporcionar marcs d&#8217;an\u00e0lisi que permetin comprendre el context global i el seu impacte en l&#8217;economia i en la presa de decisions empresarials&#8230;<\/div><\/li>\n<li><a class=\"wp-block-latest-posts__post-title\" href=\"https:\/\/webs.uab.cat\/programa-universitat-empresa\/conferencies-gestio-del-talent-i-locupabilitat\/\">Gesti\u00f3 del Talent i l&#8217;Ocupabilitat<\/a><time datetime=\"2025-10-09T00:00:22+02:00\" class=\"wp-block-latest-posts__post-date\">9 d&#8217;octubre de 2025<\/time><div class=\"wp-block-latest-posts__post-excerpt\">El cicle es centra en el desenvolupament del talent i en la millora de l&#8217;ocupabilitat en un entorn laboral canviant. A partir d&#8217;experi\u00e8ncies de professionals de diferents sectors, es treballen compet\u00e8ncies clau com el m\u00e0rqueting personal, la gesti\u00f3 de la carrera i el coneixement del mercat de treball. El seu objectiu \u00e9s apropar la realitat professional i proporcionar eines pr\u00e0ctiques per afrontar amb criteri els reptes professionals&#8230;\n<\/div><\/li>\n<li><a class=\"wp-block-latest-posts__post-title\" href=\"https:\/\/webs.uab.cat\/programa-universitat-empresa\/lideratge-femeni\/\">Lideratge Femen\u00ed<\/a><time datetime=\"2025-10-08T00:00:00+02:00\" class=\"wp-block-latest-posts__post-date\">8 d&#8217;octubre de 2025<\/time><div class=\"wp-block-latest-posts__post-excerpt\">L&#8217;objectiu del cicle \u00e9s visualitzar les traject\u00f2ries i posicions de dones en diferents \u00e0mbits professionals, contribuint a millorar l&#8217;ocupabilitat i impulsar el desenvolupament de futures directives i emprenedores. Amb la participaci\u00f3 de professionals de refer\u00e8ncia, ofereix eines pr\u00e0ctiques i models de lideratge amb impacte&#8230;<\/div><\/li>\n<\/ul>","protected":false},"excerpt":{"rendered":"<p>Aqu\u00ed encontrar\u00e9is un listado de los diferentes actos y eventos realizados.<\/p>\n","protected":false},"author":61,"featured_media":0,"parent":0,"menu_order":0,"comment_status":"closed","ping_status":"closed","template":"","meta":{"footnotes":""},"class_list":["post-1458","page","type-page","status-publish","hentry"],"_links":{"self":[{"href":"https:\/\/webs.uab.cat\/programa-universitat-empresa\/wp-json\/wp\/v2\/pages\/1458","targetHints":{"allow":["GET"]}}],"collection":[{"href":"https:\/\/webs.uab.cat\/programa-universitat-empresa\/wp-json\/wp\/v2\/pages"}],"about":[{"href":"https:\/\/webs.uab.cat\/programa-universitat-empresa\/wp-json\/wp\/v2\/types\/page"}],"author":[{"embeddable":true,"href":"https:\/\/webs.uab.cat\/programa-universitat-empresa\/wp-json\/wp\/v2\/users\/61"}],"replies":[{"embeddable":true,"href":"https:\/\/webs.uab.cat\/programa-universitat-empresa\/wp-json\/wp\/v2\/comments?post=1458"}],"version-history":[{"count":5,"href":"https:\/\/webs.uab.cat\/programa-universitat-empresa\/wp-json\/wp\/v2\/pages\/1458\/revisions"}],"predecessor-version":[{"id":1488,"href":"https:\/\/webs.uab.cat\/programa-universitat-empresa\/wp-json\/wp\/v2\/pages\/1458\/revisions\/1488"}],"wp:attachment":[{"href":"https:\/\/webs.uab.cat\/programa-universitat-empresa\/wp-json\/wp\/v2\/media?parent=1458"}],"curies":[{"name":"wp","href":"https:\/\/api.w.org\/{rel}","templated":true}]}}